{"id":15063,"date":"2015-03-02T16:03:35","date_gmt":"2015-03-02T15:03:35","guid":{"rendered":"http:\/\/..\/?page_id=15063"},"modified":"2023-06-16T15:28:29","modified_gmt":"2023-06-16T13:28:29","slug":"agevolazioni-per-gli-abbonati","status":"publish","type":"page","link":"https:\/\/www.teatrostabiletorino.it\/en\/agevolazioni-per-gli-abbonati\/","title":{"rendered":"Agevolazioni per gli abbonati"},"content":{"rendered":"<p><div class=\"fusion-fullwidth fullwidth-box fusion-builder-row-3 hundred-percent-fullwidth non-hundred-percent-height-scrolling\" style=\"--awb-border-radius-top-left:0px;--awb-border-radius-top-right:0px;--awb-border-radius-bottom-right:0px;--awb-border-radius-bottom-left:0px;--awb-overflow:visible;--awb-flex-wrap:wrap;\" ><div class=\"fusion-builder-row fusion-row\"><div class=\"fusion-layout-column fusion_builder_column fusion-builder-column-7 fusion_builder_column_1_1 1_1 fusion-one-full fusion-column-first fusion-column-last fusion-column-no-min-height\" style=\"--awb-bg-size:cover;--awb-margin-bottom:0px;\"><div class=\"fusion-column-wrapper fusion-flex-column-wrapper-legacy\">\n<h3 style=\"text-align: justify;\">Abbonamento musei<\/h3>\n<blockquote>\n<p style=\"text-align: justify;\">Il Teatro Stabile di Torino offre ai suoi abbonati la possibilit\u00e0 di acquistare a prezzo speciale l\u2019Abbonamento Musei presso le biglietterie di tutti i musei aderenti e presso lo sportello InfoPoint della Regione Piemonte (piazza Castello 165).<\/p>\n<\/blockquote>\n<h3 style=\"text-align: justify;\">C.A.U.S. Centro Arti Umoristiche e Satiriche<\/h3>\n<blockquote><p>Presentando l\u2019abbonamento TST, biglietto ridotto del 50% per i percorsi\/tour proposti dal Centro. Tutte le proposte sul sito <a title=\"CAUS\" href=\"http:\/\/www.caus.it\" target=\"_blank\" rel=\"noopener noreferrer\"> www.caus.it <\/a><\/p><\/blockquote>\n<h3 style=\"text-align: justify;\">Museo Nazionale del Cinema \u2013 Mole Antonelliana<\/h3>\n<blockquote>\n<p style=\"text-align: justify;\">Gli abbonati Teatro Stabile di Torino hanno diritto all\u2019ingresso a prezzo ridotto al Museo Nazionale del Cinema e al Museo del Cinema + Ascensore Panoramico ridotto \/\/ Salita a piedi della Cupola, Salita a piedi della Cupola + Ingresso Museo. Visite guidate Museo Nazionale del Cinema (In lingua italiana e straniera).<br \/>\nPrenotazione telefonica obbligatoria dal luned\u00ec al venerd\u00ec (9.00 \u2013 18.00) al numero +39 011 8138.564\/5, max 25 persone\/gruppo. Visite guidate Cupola senza prenotazione (Solo in lingua italiana) gruppi fino a 15 persone\/gruppo Sabato, domenica e festivi, ore 12.00 e ore 16.30. Visite guidate Cupola (In lingua italiana e straniera) con prenotazione telefonica obbligatoria al numero +39 011 8138.564\/5, gruppi fino a 15 persone\/gruppo.\u00a0 <a href=\"http:\/\/www.museocinema.it\/\" target=\"_blank\" rel=\"noopener noreferrer\">www.museocinema.it<\/a><\/p>\n<\/blockquote>\n<h3 style=\"text-align: justify;\">Fondazione Live Piemonte dal Vivo Circuito regionale dello spettacolo<\/h3>\n<blockquote>\n<p style=\"text-align: justify;\">L\u2019abbonato del Teatro Stabile di Torino, presentando l\u2019abbonamento presso le biglietterie, ha diritto al biglietto ridotto per gli spettacoli programmati nei Teatri della Fondazione Live Piemonte dal Vivo Circuito regionale dello spettacolo fino ad esaurimento dei posti disponibili.<\/p>\n<\/blockquote>\n<h3 style=\"text-align: justify;\">Citt\u00e0 del gusto Gambero Rosso<\/h3>\n<blockquote>\n<p style=\"text-align: justify;\">Il Gambero Rosso riserva a tutti gli abbonati Teatro Stabile Torino uno sconto del 15% su tutti i corsi amatoriali in essere nella Citt\u00e0 del Gusto di Torino, conpossibilit\u00e0 di estendere, con apposita convenzione nazionale, alle Citt\u00e0 di Roma, Napoli, Lecce, Catania e Palermo.<br \/>\nLa modalit\u00e0 di pagamento ai suddetti corsi sono quelle istituzionali:<br \/>\n\u2022 possibilit\u00e0 di pagamento tramite bonifico o pos<br \/>\n\u2022 direttamente presso la segreteria della scuole {lun.- ven. 10,00\/17,00)<br \/>\nPer corsi e\/o eventi personalizzati \u00e8 prevista una tariffa agevolata a persona, per un minimo di 15 persone, 40\u20ac cad. e da 20 persone, 35\u20ac cad. in base al tema (menu) scelto.<br \/>\nPer info e iscrizioni \u00e8 attivo l&#8217;indirizzo<a href=\"mailto:torino@cittadelgusto.it\"> torino@cittadelgusto.it <\/a>.<br \/>\nLa sede dei corsi di cucina \u00e8 in Corso Stati Uniti 18\/a, orario di segreteria 10,00-17,00.<\/p>\n<\/blockquote>\n<h3 style=\"text-align: justify;\">CUS e CUS Card<\/h3>\n<blockquote><p>L\u2019abbonato del Teatro Stabile di Torino ha diritto allo sconto del 10% sui servizi offerti dal CUS e CUS Card. Info su <a href=\"http:\/\/www.custorino.it\" target=\"_blank\" rel=\"noopener noreferrer\">www.custorino.it<\/a><\/p><\/blockquote>\n<h3 style=\"text-align: justify;\">GTT \u2013 Gruppo Trasporti Torinesi<\/h3>\n<blockquote>\n<p style=\"text-align: justify;\">Ristorazione individuale a bordo dei tram Ristocolor e Gustotram, dei battelli sul Po Valentino e Valentina, salvo disponibilit\u00e0 posti al momento della prenotazione, e sulle tariffe di noleggio dei veicoli turistici (tram storici, battelli) per iniziative private. L\u2019acquisto con lo sconto delle proposte della ristorazione e effettuabile tramite gli uffici Servizi Turistici GTT (Porta Nuova FS e Corso Turati 19 bis\/c) e e-commerce sul sito\u00a0<a href=\"http:\/\/www.gtt.to.it\">www.gtt.to.it<\/a> inserendo il codice TSTGTT16. A bordo delle vetture potr\u00e0 essere richiesta la tessera di abbonamento TST o la Carta Stabile che d\u00e0 diritto allo sconto. Eventuali irregolarit\u00e0 comporteranno il pagamento della differenza.<\/p>\n<\/blockquote>\n<h3 style=\"text-align: justify;\">Garage Autopalazzo \u2013 via Bertola 7, Torino<\/h3>\n<blockquote>\n<p style=\"text-align: justify;\">Il possessore dell\u2019abbonamento o del singolo biglietto per la stagione 2015\/2016 del Teatro Stabile di Torino, ha diritto alla tariffa agevolata di \u20ac2,50 per le prime 3 ore di parcheggio, fino ad esaurimento di posti disponibili. Al momento del pagamento verr\u00e0 richiesto l\u2019abbonamento o il singolo biglietto che d\u00e0 diritto all\u2019agevolazione.<br \/>\nPer le ore eccedenti, sar\u00e0 applicata la tariffa abituale che \u00e8 di \u20ac 3,00 per la prima ora e \u20ac 2,00 per le ore successive. Telefono 011 562 3561.<\/p>\n<\/blockquote>\n<h3 style=\"text-align: justify;\">Teatro Stabile Torino<\/h3>\n<blockquote>\n<p style=\"text-align: justify;\">L\u2019abbonato ha diritto al biglietto ridotto per gli spettacoli non compresi nel proprio abbonamento.<\/p>\n<\/blockquote>\n<div class=\"fusion-clearfix\"><\/div><\/div><\/div><\/div><\/div><\/p>","protected":false},"excerpt":{"rendered":"","protected":false},"author":1,"featured_media":0,"parent":0,"menu_order":0,"comment_status":"open","ping_status":"open","template":"100-width.php","meta":{"_acf_changed":false,"footnotes":""},"acf":[],"_links":{"self":[{"href":"https:\/\/www.teatrostabiletorino.it\/en\/wp-json\/wp\/v2\/pages\/15063"}],"collection":[{"href":"https:\/\/www.teatrostabiletorino.it\/en\/wp-json\/wp\/v2\/pages"}],"about":[{"href":"https:\/\/www.teatrostabiletorino.it\/en\/wp-json\/wp\/v2\/types\/page"}],"author":[{"embeddable":true,"href":"https:\/\/www.teatrostabiletorino.it\/en\/wp-json\/wp\/v2\/users\/1"}],"replies":[{"embeddable":true,"href":"https:\/\/www.teatrostabiletorino.it\/en\/wp-json\/wp\/v2\/comments?post=15063"}],"version-history":[{"count":0,"href":"https:\/\/www.teatrostabiletorino.it\/en\/wp-json\/wp\/v2\/pages\/15063\/revisions"}],"wp:attachment":[{"href":"https:\/\/www.teatrostabiletorino.it\/en\/wp-json\/wp\/v2\/media?parent=15063"}],"curies":[{"name":"wp","href":"https:\/\/api.w.org\/{rel}","templated":true}]}}