{"id":15064,"date":"2015-03-02T16:03:47","date_gmt":"2015-03-02T15:03:47","guid":{"rendered":"http:\/\/..\/?page_id=15064"},"modified":"2023-12-15T16:52:34","modified_gmt":"2023-12-15T15:52:34","slug":"carta-stabile","status":"publish","type":"page","link":"https:\/\/www.teatrostabiletorino.it\/en\/carta-stabile\/","title":{"rendered":"Carta Stabile"},"content":{"rendered":"<p><div class=\"fusion-fullwidth fullwidth-box fusion-builder-row-2 hundred-percent-fullwidth non-hundred-percent-height-scrolling\" style=\"--awb-border-radius-top-left:0px;--awb-border-radius-top-right:0px;--awb-border-radius-bottom-right:0px;--awb-border-radius-bottom-left:0px;--awb-overflow:visible;--awb-flex-wrap:wrap;\" ><div class=\"fusion-builder-row fusion-row\"><div class=\"fusion-layout-column fusion_builder_column fusion-builder-column-5 fusion_builder_column_1_1 1_1 fusion-one-full fusion-column-first fusion-column-last fusion-column-no-min-height\" style=\"--awb-bg-size:cover;--awb-margin-bottom:0px;\"><div class=\"fusion-column-wrapper fusion-flex-column-wrapper-legacy\"><div class=\"fusion-text fusion-text-12\"><p>A special card for discounts and more opportunities. Purchasing TST tickets you can earn points that entitle you to free or discounted tickets. Every twenty tickets purchased, you will receive free on a ticket of your choice, subject to availability of the show. Read the <a href=\"http:\/\/www.teatrostabiletorino.it\/wp-content\/uploads\/2012\/11\/regolamento_cstabile.pdf\">rules<\/a> and then<\/p>\n<\/div><div class=\"fusion-button-wrapper\"><a class=\"fusion-button button-flat fusion-button-default-size button-default fusion-button-default button-4 fusion-button-default-span fusion-button-default-type\" target=\"_blank\" rel=\"noopener noreferrer\" href=\"http:\/\/mail1.teatrostabiletorino.it\/web\/cartastabile.nsf\/fr\"><span class=\"fusion-button-text awb-button__text awb-button__text--default\">Request a card<\/span><\/a><\/div><div class=\"fusion-button-wrapper\"><a class=\"fusion-button button-flat fusion-button-default-size button-default fusion-button-default button-5 fusion-button-default-span fusion-button-default-type\" target=\"_blank\" rel=\"noopener noreferrer\" href=\"http:\/\/www.teatrostabiletorino.it\/saldo-punti-carta-stabile\"><span class=\"fusion-button-text awb-button__text awb-button__text--default\">Check your balance<\/span><\/a><\/div><div class=\"fusion-sep-clear\"><\/div><div class=\"fusion-separator fusion-full-width-sep\" style=\"margin-left: auto;margin-right: auto;margin-top:15px;margin-bottom:15px;width:100%;\"><\/div><div class=\"fusion-sep-clear\"><\/div><div class=\"fusion-clearfix\"><\/div><\/div><\/div><div class=\"fusion-layout-column fusion_builder_column fusion-builder-column-6 fusion_builder_column_1_1 1_1 fusion-one-full fusion-column-first fusion-column-last fusion-column-no-min-height\" style=\"--awb-bg-size:cover;--awb-margin-bottom:0px;\"><div class=\"fusion-column-wrapper fusion-flex-column-wrapper-legacy\"><div class=\"fusion-section-separator section-separator triangle fusion-section-separator-1\" style=\"--awb-border-top:0px solid #f6f6f6;--awb-spacer-height:0px;--awb-svg-margin-left:0;--awb-svg-margin-right:0;--awb-icon-color:#ffffff;\"><div class=\"fusion-section-separator-svg\"><div class=\"divider-candy-arrow top\" style=\"bottom:0px;border-bottom-color: #f6f6f6;\"><\/div><div class=\"divider-candy top\" style=\"top:-20px;border-bottom:1px solid #f6f6f6;border-left:1px solid #f6f6f6;\"><\/div><\/div><div class=\"fusion-section-separator-spacer\"><div class=\"fusion-section-separator-spacer-height\"><\/div><\/div><\/div><div class=\"fusion-clearfix\"><\/div><\/div><\/div><div class=\"fusion-layout-column fusion_builder_column fusion-builder-column-7 fusion_builder_column_1_3 1_3 fusion-one-third fusion-column-first\" style=\"--awb-bg-size:cover;width:30.6666%; margin-right: 4%;\"><div class=\"fusion-column-wrapper fusion-flex-column-wrapper-legacy\"><div class=\"fusion-text fusion-text-13\"><h2>Torino Film Festival<\/h2>\n<p>Biglietti e abbonamenti per il TFF\u00a0 a tariffa ridotta, presentando la tessera all\u2019atto\u00a0 dell\u2019acquisto. Il Teatro Stabile di Torino offrir\u00e0 a tutti i possessori dell\u2019abbonamento al Torino Film Festival (fino ad esaurimento dei posti disponibili) la riduzione sul biglietto per tutta la programmazione della Stagione 2016\/2017.<\/p>\n<hr \/>\n<\/div><div class=\"fusion-text fusion-text-14\"><h2>CUS<\/h2>\n<p>Acquisto della tessera Cus al costo di \u20ac 10,00 anziche \u20ac 15,00 che da diritto alla riduzione del 10% sui corsi e sui progetti speciali Estate CUS, Sabato Neve, CUS Vela. Maggiori informazioni su <a href=\"http:\/\/www.custorino.it\" target=\"_blank\" rel=\"noopener noreferrer\">www.custorino.it.<\/a><\/p>\n<hr \/>\n<\/div><div class=\"fusion-text fusion-text-15\"><h2>Il Circolo dei lettori<\/h2>\n<p>Riduzione sul prezzo ordinario dei biglietti degli eventi a pagamento programmati dal Circolo dei Lettori. <a href=\"http:\/\/www.circololettori.it\" target=\"_blank\" rel=\"noopener noreferrer\">www.circololettori.it<\/a><\/p>\n<hr \/>\n<\/div><div class=\"fusion-text fusion-text-16\"><h2>C.A.U.S. Centro Arti Umoristiche e Satiriche<\/h2>\n<p>Biglietto ridotto del 50% per i percorsi\/tour proposti dal Centro. Tutte le proposte sul sito <a href=\"http:\/\/www.caus.it\" target=\"_blank\" rel=\"noopener noreferrer\">www.caus.it<\/a><\/p>\n<hr \/>\n<\/div><div class=\"fusion-text fusion-text-17\"><h2>A.I.A.C.E<\/h2>\n<p>5% di sconto sulla quota d\u2019iscrizione ai corsi proposti dall\u2019 AIACE.\u00a0 Info corsi su <a href=\"http:\/\/www.aiacetorino.it\" target=\"_blank\" rel=\"noopener noreferrer\">www.aiacetorino.it<\/a><\/p>\n<hr \/>\n<\/div><div class=\"fusion-text fusion-text-18\"><h2>Wimdu ltaly<\/h2>\n<p>Wimdu.it \u00e8 una piattaforma e comunit\u00e0 web per l\u2019affitto di appartamenti vacanze e stanze private in tutto il mondo, con oltre 300.000 alloggi disponibili in 100 paesi.\u00a0 I possessori di Carta Stabile hanno diritto ad un buono sconto del valore di 20 \u20ac con soglia di prenotazione minima di 100 \u20ac. \u00c8 possibile richiedere un buono sconto scrivendo un\u2019email all\u2019indirizzo <a href=\"mailto:contest@wimdu.com\" target=\"_blank\" rel=\"noopener noreferrer\">contest@wimdu.com<\/a> con oggetto Carta Teatro Stabile Torino. <a href=\"http:\/\/www.wimdu.com\" target=\"_blank\" rel=\"noopener noreferrer\">www.wimdu.com<\/a><\/p>\n<\/div><div class=\"fusion-clearfix\"><\/div><\/div><\/div><div class=\"fusion-layout-column fusion_builder_column fusion-builder-column-8 fusion_builder_column_1_3 1_3 fusion-one-third\" style=\"--awb-bg-size:cover;width:30.6666%; margin-right: 4%;\"><div class=\"fusion-column-wrapper fusion-flex-column-wrapper-legacy\"><div class=\"fusion-text fusion-text-19\"><h2>GTT &#8211; Gruppo Trasporti Torinesi<\/h2>\n<p>Sconto pari al 10% su ristorazione individuale a bordo dei tram ristocolor e gustotram, salvo disponibilit\u00e0 posti al momento della prenotazione e sulle tariffe di noleggio dei veicoli turistici (tram storici, battelli) per iniziative private. L\u2019acquisto con lo sconto delle proposte della ristorazione \u00e8 effettuabile tramite gli uffici servizi turistici gtt (Porta Nuova fs e corso Turati 19 bis\/c), on-line sul sito <a href=\"http:\/\/www.gtt.to.it\" target=\"_blank\" rel=\"noopener noreferrer\">www.gtt.to.it <\/a>inserendo il codice tstgtt16, oppure a bordo delle vetture potr\u00e0 essere richiesta la carta stabile che d\u00e0 diritto allo sconto. eventuali irregolarit\u00e0 comporteranno il pagamento della differenza.<\/p>\n<hr \/>\n<\/div><div class=\"fusion-text fusion-text-20\"><h2>Il Tucano Viaggi<\/h2>\n<p>Viaggi ad alto contenuto culturale, naturalistico ed etnografico, su misura per piccoli gruppi o individuali, sempre nel rispetto dell\u2019ambiente, delle culture e delle tradizioni.\u00a0 Per i possessori di Carta Stabile:<br \/>\n\u00b7 sconto del 10% su pacchetto da programmazione \u201ctutto compreso\u201d<br \/>\n\u00b7 sconto del 10% su preventivi per viaggi individuali su misura<br \/>\n\u00b7 sconto del 12% su base familiare o amici (gruppi minimo 4 persone);<br \/>\nn.b. sulle pratiche non vengono applicati i diritti d\u2019iscrizione<br \/>\n<strong>Le riduzioni\u00a0 sono valide per prenotazioni rivolte esclusivamente e direttamente\u00a0 al Tour\u00a0 Operator\u00a0 Il Tucano Viaggi.\u00a0 Diversamente\u00a0 la Convenzione non sar\u00e0 applicata.<br \/>\n<\/strong>Per informazioni tel. 011 5617061\u00a0 &#8211;\u00a0 fax 011 5158105 &#8211; <a href=\"http:\/\/www.tucanoviaggi.com\" target=\"_blank\" rel=\"noopener noreferrer\">www.tucanoviaggi.com <\/a>info@tucanoviaggi.com<strong><br \/>\n<\/strong><\/p>\n<\/div><div class=\"fusion-text fusion-text-21\"><h2>Associazione Lingotto Musica<\/h2>\n<p>Biglietti a tariffe preferenziali per i propri concerti come di seguito specificato:<br \/>\n<strong>I Concerti del Lingotto 2017\/2018<\/strong><br \/>\nPlatea A: \u20ac 44,00 intero e \u20ac 38,00 ridotto under 30\/over 60 (invece di \u20ac 54 e \u20ac 47)<br \/>\nPlatea B: \u20ac 36,00 intero e \u20ac 30,00 ridotto under 30\/over 60 (invece di \u20ac 44 e \u20ac 37)<br \/>\n<strong>Lingotto Giovani 2017\/2018<br \/>\n<\/strong>Platea A: \u20ac 8,00 (invece di \u20ac 10)<br \/>\nConsulta il sito <a href=\"http:\/\/www.lingottomusica.it\/\" target=\"_blank\" rel=\"noopener noreferrer\">lingottomusica.it<\/a><\/p>\n<hr \/>\n<\/div><div class=\"fusion-clearfix\"><\/div><\/div><\/div><div class=\"fusion-layout-column fusion_builder_column fusion-builder-column-9 fusion_builder_column_1_3 1_3 fusion-one-third fusion-column-last\" style=\"--awb-bg-size:cover;width:30.6666%;\"><div class=\"fusion-column-wrapper fusion-flex-column-wrapper-legacy\"><div class=\"fusion-text fusion-text-22\"><h2>Fondazione Torino Musei<\/h2>\n<p>Ingresso ridotto per:<br \/>\nGAM &#8211; Galleria d\u2019Arte Moderna e Contemporanea &#8211; collezioni permanenti e mostre temporanee organizzate dalla Fondazione Torino Musei<br \/>\nPalazzo Madama &#8211; Museo Civico d\u2019Arte Antica &#8211; collezioni permanenti e mostre temporanee organizzate dalla Fondazione Torino Musei\u00a0 (Corte Medievale e Scalone Juvarriano a ingresso libero)<br \/>\nMAO &#8211; Museo d\u2019Arte Orientale &#8211; collezioni permanenti<br \/>\nRocca &#8211; Borgo Medievale<\/p>\n<hr \/>\n<\/div><div class=\"fusion-text fusion-text-23\"><h2>Museo Nazionale del Cinema &#8211; Mole Antonelliana<\/h2>\n<p>Ingresso a prezzo ridotto al Museo Nazionale del Cinema -Mole Antonelliana:<br \/>\n&#8211; Museo del Cinema ridotto<br \/>\n&#8211; Museo del Cinema + Ascensore Panoramico ridotto<br \/>\n&#8211; Salita della Cupola ridotto | Salita della Cupola + Ingresso ridotto Museo<br \/>\n&#8211; Visite guidate Museo Nazionale del Cinema (In lingua italiana e straniera)<br \/>\n&#8211; Visite guidate Cupola<br \/>\n&#8211; Visite guidate senza prenotazione (solo in lingua italiana) gruppi fino a 15 persone<br \/>\nPrenotazione telefonica obbligatoria, max 25 persone\/gruppo &#8211; luned\u00ec al venerd\u00ec (9.00 \u2013 18.00) al numero +39 011 8138.564\/5 &#8211; <a href=\"http:\/\/www.museocinema.it\" target=\"_blank\" rel=\"noopener noreferrer\">www.museocinema.it<\/a><\/p>\n<hr \/>\n<\/div><div class=\"fusion-clearfix\"><\/div><\/div><\/div><\/div><\/div><\/p>","protected":false},"excerpt":{"rendered":"","protected":false},"author":1,"featured_media":27631,"parent":0,"menu_order":0,"comment_status":"open","ping_status":"open","template":"","meta":{"_acf_changed":false,"footnotes":""},"acf":[],"_links":{"self":[{"href":"https:\/\/www.teatrostabiletorino.it\/en\/wp-json\/wp\/v2\/pages\/15064"}],"collection":[{"href":"https:\/\/www.teatrostabiletorino.it\/en\/wp-json\/wp\/v2\/pages"}],"about":[{"href":"https:\/\/www.teatrostabiletorino.it\/en\/wp-json\/wp\/v2\/types\/page"}],"author":[{"embeddable":true,"href":"https:\/\/www.teatrostabiletorino.it\/en\/wp-json\/wp\/v2\/users\/1"}],"replies":[{"embeddable":true,"href":"https:\/\/www.teatrostabiletorino.it\/en\/wp-json\/wp\/v2\/comments?post=15064"}],"version-history":[{"count":0,"href":"https:\/\/www.teatrostabiletorino.it\/en\/wp-json\/wp\/v2\/pages\/15064\/revisions"}],"wp:featuredmedia":[{"embeddable":true,"href":"https:\/\/www.teatrostabiletorino.it\/en\/wp-json\/wp\/v2\/media\/27631"}],"wp:attachment":[{"href":"https:\/\/www.teatrostabiletorino.it\/en\/wp-json\/wp\/v2\/media?parent=15064"}],"curies":[{"name":"wp","href":"https:\/\/api.w.org\/{rel}","templated":true}]}}