{"id":27876,"date":"2015-07-06T19:34:19","date_gmt":"2015-07-06T17:34:19","guid":{"rendered":"http:\/\/www.teatrostabiletorino.it\/?page_id=27876"},"modified":"2018-02-26T16:22:44","modified_gmt":"2018-02-26T15:22:44","slug":"saldo-punti-carta-stabile","status":"publish","type":"page","link":"https:\/\/www.teatrostabiletorino.it\/en\/saldo-punti-carta-stabile\/","title":{"rendered":"Saldo Punti Carta Stabile"},"content":{"rendered":"<p><div class=\"fusion-fullwidth fullwidth-box fusion-builder-row-1 hundred-percent-fullwidth non-hundred-percent-height-scrolling\" style=\"--awb-border-radius-top-left:0px;--awb-border-radius-top-right:0px;--awb-border-radius-bottom-right:0px;--awb-border-radius-bottom-left:0px;--awb-overflow:visible;--awb-flex-wrap:wrap;\" ><div class=\"fusion-builder-row fusion-row\"><div class=\"fusion-layout-column fusion_builder_column fusion-builder-column-0 fusion_builder_column_1_1 1_1 fusion-one-full fusion-column-first fusion-column-last fusion-column-no-min-height\" style=\"--awb-bg-size:cover;--awb-margin-bottom:0px;\"><div class=\"fusion-column-wrapper fusion-flex-column-wrapper-legacy\">\n<h2>Benvenuto!<br \/>\nSe sei possessore di una carta Stabile attraverso questa pagina puoi verificare il tuo saldo punti della tua Carta Stabile.<\/h2>\n<p>Il Teatro Stabile infatti premia la tua fedelt\u00e0: ricordati di esibirla in biglietteria ogni volta che vieni a teatro, e quando avrai totalizzato 20 punti (1 punto per spettacolo), avrai diritto ad un biglietto omaggio (sugli spettacoli della stagione, previa verifica della disponibilit\u00e0 dei posti).<\/p>\n<p><strong>n.b. Attraverso questo strumento puoi conoscere il saldo punti maturato nelle ultime 3 stagioni. Se non hai mai usato i tuoi punti e la tua carta Stabile \u00e8 stata attivata pi\u00f9 di tre anni f\u00e0 contatta la biglietteria per avere il saldo completo.<\/strong><\/p>\n<p><iframe src=\"http:\/\/www.teatrostabiletorino.it\/saldo_punti.php\" width=\"80%\" height=\"500px\" frameborder=\"0\" scrolling=\"no\"><\/iframe><\/p>\n<h2>Vedi anche<\/h2>\n<blockquote><p><a href=\"http:\/\/www.teatrostabiletorino.it\/carta-stabile\/\">Agevolazioni per possessori di Carta Stabile<\/a><br \/>\n<a href=\"http:\/\/mail1.teatrostabiletorino.it\/web\/cartastabile.nsf\/fr\" target=\"_blank\">Richiedi La tua Carta Stabile<\/a><br \/>\n<a href=\"http:\/\/www.teatrostabiletorino.it\/wp-content\/uploads\/2012\/11\/regolamento_cstabile.pdf\" target=\"_blank\">Regolamento Carta Stabile<\/a><\/p><\/blockquote>\n<p style=\"text-align: justify;\"><em>n.b.<\/em><br \/>\n<em> La Carta Stabile \u00e8 attiva dopo 48 ore lavorative dalla sua consegna. Se l\u2019utente ne fa richiesta tramite il form on-line, pu\u00f2 ritirarla trascorse le 48 ore lavorative presso la biglietteria del Teatro Stabile di Torino secondo gli orari di apertura. I biglietti acquistati prima dell\u2019attivazione della Carta non saranno caricati. Il possessore della Carta Stabile pu\u00f2 variare i propri dati (es. indirizzo, professione, telefono) inviando un\u2019email all\u2019indirizzo cartastabile@teatrostabiletorino.it con oggetto Modifica anagrafica Carta Stabile oppure inviando un un fax al numero 0115169410 con oggetto Modifica anagrafica Carta Stabile<\/em><\/p>\n<div class=\"fusion-clearfix\"><\/div><\/div><\/div><\/div><\/div><\/p>","protected":false},"excerpt":{"rendered":"","protected":false},"author":1,"featured_media":0,"parent":0,"menu_order":0,"comment_status":"open","ping_status":"open","template":"","meta":{"_acf_changed":false,"footnotes":""},"acf":[],"_links":{"self":[{"href":"https:\/\/www.teatrostabiletorino.it\/en\/wp-json\/wp\/v2\/pages\/27876"}],"collection":[{"href":"https:\/\/www.teatrostabiletorino.it\/en\/wp-json\/wp\/v2\/pages"}],"about":[{"href":"https:\/\/www.teatrostabiletorino.it\/en\/wp-json\/wp\/v2\/types\/page"}],"author":[{"embeddable":true,"href":"https:\/\/www.teatrostabiletorino.it\/en\/wp-json\/wp\/v2\/users\/1"}],"replies":[{"embeddable":true,"href":"https:\/\/www.teatrostabiletorino.it\/en\/wp-json\/wp\/v2\/comments?post=27876"}],"version-history":[{"count":0,"href":"https:\/\/www.teatrostabiletorino.it\/en\/wp-json\/wp\/v2\/pages\/27876\/revisions"}],"wp:attachment":[{"href":"https:\/\/www.teatrostabiletorino.it\/en\/wp-json\/wp\/v2\/media?parent=27876"}],"curies":[{"name":"wp","href":"https:\/\/api.w.org\/{rel}","templated":true}]}}