{"id":28360,"date":"2015-10-01T16:58:57","date_gmt":"2015-10-01T14:58:57","guid":{"rendered":"http:\/\/www.teatrostabiletorino.it\/?page_id=28360"},"modified":"2018-02-26T16:22:43","modified_gmt":"2018-02-26T15:22:43","slug":"nomina-responsabile-della-prevenzione-della-corruzione-e-della-trasparenza","status":"publish","type":"page","link":"https:\/\/www.teatrostabiletorino.it\/en\/nomina-responsabile-della-prevenzione-della-corruzione-e-della-trasparenza\/","title":{"rendered":"Nomina Responsabile della prevenzione della corruzione e della trasparenza"},"content":{"rendered":"<p><div class=\"fusion-fullwidth fullwidth-box fusion-builder-row-1 hundred-percent-fullwidth non-hundred-percent-height-scrolling\" style=\"--awb-border-radius-top-left:0px;--awb-border-radius-top-right:0px;--awb-border-radius-bottom-right:0px;--awb-border-radius-bottom-left:0px;--awb-overflow:visible;--awb-flex-wrap:wrap;\" ><div class=\"fusion-builder-row fusion-row\"><div class=\"fusion-layout-column fusion_builder_column fusion-builder-column-0 fusion_builder_column_1_1 1_1 fusion-one-full fusion-column-first fusion-column-last fusion-column-no-min-height\" style=\"--awb-bg-size:cover;--awb-margin-bottom:0px;\"><div class=\"fusion-column-wrapper fusion-flex-column-wrapper-legacy\">Nomina del Responsabile della prevenzione della corruzione ex L. 190\/2012 &#8211; deliberazione n. 20\/2015<\/p>\n<blockquote><p><a href=\"http:\/\/www.teatrostabiletorino.it\/wp-content\/uploads\/2015\/10\/nomina_responsabile_prevenzione_corruzione_trasparenza.pdf\" target=\"_blank\">Scarica il documento ufficiale di nomina del responsabile della prevenzione<br \/>\ndella corruzione e della trasparenza<\/a> in formato .pdf<\/p><\/blockquote>\n<p style=\"text-align: justify;\">Relativamente alla Legge 190\/2012 (&#8220;Disposizioni per la prevenzione e la repressione della corruzione e dell&#8217;illegalit\u00e0 nella pubblica amministrazione&#8221;), il Direttore informa il Consiglio che il 17 giugno u.s. l&#8217;ANAC (Autorit\u00e0 Nazionale Anticorruzione) ha deliberato definitivamente circa gli obblighi che le societ\u00e0 e gli altri enti di diritto privato, sotto controllo pubblico, devono rispettare in materia di prevenzione della corruzione e di trasparenza.<\/p>\n<div class=\"fusion-clearfix\"><\/div><\/div><\/div><\/div><\/div><\/p>","protected":false},"excerpt":{"rendered":"","protected":false},"author":1,"featured_media":0,"parent":0,"menu_order":0,"comment_status":"open","ping_status":"open","template":"","meta":{"_acf_changed":false,"footnotes":""},"acf":[],"_links":{"self":[{"href":"https:\/\/www.teatrostabiletorino.it\/en\/wp-json\/wp\/v2\/pages\/28360"}],"collection":[{"href":"https:\/\/www.teatrostabiletorino.it\/en\/wp-json\/wp\/v2\/pages"}],"about":[{"href":"https:\/\/www.teatrostabiletorino.it\/en\/wp-json\/wp\/v2\/types\/page"}],"author":[{"embeddable":true,"href":"https:\/\/www.teatrostabiletorino.it\/en\/wp-json\/wp\/v2\/users\/1"}],"replies":[{"embeddable":true,"href":"https:\/\/www.teatrostabiletorino.it\/en\/wp-json\/wp\/v2\/comments?post=28360"}],"version-history":[{"count":0,"href":"https:\/\/www.teatrostabiletorino.it\/en\/wp-json\/wp\/v2\/pages\/28360\/revisions"}],"wp:attachment":[{"href":"https:\/\/www.teatrostabiletorino.it\/en\/wp-json\/wp\/v2\/media?parent=28360"}],"curies":[{"name":"wp","href":"https:\/\/api.w.org\/{rel}","templated":true}]}}