{"id":29109,"date":"2015-12-01T11:47:13","date_gmt":"2015-12-01T10:47:13","guid":{"rendered":"http:\/\/www.teatrostabiletorino.it\/?page_id=29109"},"modified":"2025-12-05T17:01:35","modified_gmt":"2025-12-05T16:01:35","slug":"regala-il-teatro","status":"publish","type":"page","link":"https:\/\/www.teatrostabiletorino.it\/en\/regala-il-teatro\/","title":{"rendered":"Regala il Teatro"},"content":{"rendered":"<p><div id=\"intro\" class=\"fusion-container-anchor\"><div class=\"fusion-fullwidth fullwidth-box fusion-builder-row-3 nonhundred-percent-fullwidth non-hundred-percent-height-scrolling\" style=\"--awb-background-position:left top;--awb-border-color:#b50000;--awb-border-style:dashed;--awb-border-radius-top-left:0px;--awb-border-radius-top-right:0px;--awb-border-radius-bottom-right:0px;--awb-border-radius-bottom-left:0px;--awb-padding-top:0px;--awb-padding-bottom:0px;--awb-background-color:#e60f00;--awb-border-sizes-top:0px;--awb-border-sizes-bottom:0px;--awb-flex-wrap:wrap;\" ><div class=\"fusion-builder-row fusion-row\"><div class=\"fusion-layout-column fusion_builder_column fusion-builder-column-3 fusion_builder_column_1_1 1_1 fusion-one-full fusion-column-first fusion-column-last fusion-column-no-min-height\" style=\"--awb-bg-size:cover;--awb-margin-bottom:0px;\"><div class=\"fusion-column-wrapper fusion-flex-column-wrapper-legacy\"><div class=\"fusion-text fusion-text-5\"><h1>REGALA IL TEATRO<\/h1>\n<\/div><div class=\"fusion-text fusion-text-6\"><h1>UN SOLO REGALO, TANTE STORIE DA SCOPRIRE<\/h1>\n<\/div><div class=\"fusion-clearfix\"><\/div><\/div><\/div><\/div><\/div><\/div><div id=\"intro\" class=\"fusion-container-anchor\"><div class=\"fusion-fullwidth fullwidth-box fusion-builder-row-4 nonhundred-percent-fullwidth non-hundred-percent-height-scrolling\" style=\"--awb-background-position:left top;--awb-border-color:#ffffff;--awb-border-radius-top-left:0px;--awb-border-radius-top-right:0px;--awb-border-radius-bottom-right:0px;--awb-border-radius-bottom-left:0px;--awb-padding-top:0px;--awb-padding-bottom:0px;--awb-background-color:#ffffff;--awb-border-sizes-top:1px;--awb-border-sizes-bottom:1px;--awb-flex-wrap:wrap;\" ><div class=\"fusion-builder-row fusion-row\"><div class=\"fusion-layout-column fusion_builder_column fusion-builder-column-4 fusion_builder_column_1_1 1_1 fusion-one-full fusion-column-first fusion-column-last\" style=\"--awb-bg-size:cover;\"><div class=\"fusion-column-wrapper fusion-flex-column-wrapper-legacy\"><div class=\"fusion-text fusion-text-7\"><h1>Ecco 3 idee per un regalo perfetto<\/h1>\n<hr \/>\n<h2>in vendita dal 6 dicembre 2019<br \/>\n<a href=\"http:\/\/www.teatrostabiletorino.it\/wp-content\/uploads\/2019\/11\/regala_teatro_2019.pdf\" target=\"_blank\" rel=\"noopener noreferrer\">scarica il pieghevole \u00bb<\/a><\/h2>\n<\/div><div class=\"fusion-sep-clear\"><\/div><div class=\"fusion-separator fusion-full-width-sep\" style=\"margin-left: auto;margin-right: auto;margin-top:10px;margin-bottom:15px;width:100%;\"><\/div><div class=\"fusion-sep-clear\"><\/div><div class=\"fusion-clearfix\"><\/div><\/div><\/div><div class=\"fusion-layout-column fusion_builder_column fusion-builder-column-5 fusion_builder_column_1_3 1_3 fusion-one-third fusion-column-first\" style=\"--awb-bg-size:cover;width:30.6666%; margin-right: 4%;\"><div class=\"fusion-column-wrapper fusion-flex-column-wrapper-legacy\"><div class=\"fusion-text fusion-text-8\"><h1>idea 1.<br \/>\nRegala il teatro<\/h1>\n<p><strong>4 spettacoli a scelta su 17<\/strong><br \/>\n<strong>\u20ac 68.00 &#8211; online \u20ac 56.00*<br \/>\n<\/strong><\/p>\n<p>Un abbonamento esclusivo e imperdibile a 4 spettacoli da scegliere tra 17 proposte in scena da dicembre 2019 a giugno 2020. Per questa formula, ogni spettacolo potr\u00e0 essere inserito una sola volta. Un regalo elegante e perfetto per ogni occasione.<\/p>\n<\/div><div class=\"fusion-sep-clear\"><\/div><div class=\"fusion-separator fusion-full-width-sep\" style=\"margin-left: auto;margin-right: auto;margin-top:10px;margin-bottom:15px;width:100%;\"><\/div><div class=\"fusion-sep-clear\"><\/div><div class=\"fusion-alignleft\"><a class=\"fusion-button button-flat button-small button-custom fusion-button-default button-3 fusion-button-default-span fusion-button-default-type\" style=\"--button_bevel_color:#ffffff;--button_accent_color:#ffffff;--button_accent_hover_color:#ffffff;--button_border_hover_color:#ffffff;--button_gradient_top_color:#e60f00;--button_gradient_bottom_color:#e60f00;--button_gradient_top_color_hover:#e60f00;--button_gradient_bottom_color_hover:#e60f00;\" target=\"_blank\" rel=\"noopener noreferrer\" href=\"https:\/\/teatrostabiletorino.vivaticket.it\/ita\/event\/abbonamento-regala-il-teatro-2019-2020\/143998\"><span class=\"fusion-button-text awb-button__text awb-button__text--default\">ACQUISTA<\/span><\/a><\/div><div class=\"fusion-clearfix\"><\/div><\/div><\/div><div class=\"fusion-layout-column fusion_builder_column fusion-builder-column-6 fusion_builder_column_1_3 1_3 fusion-one-third\" style=\"--awb-bg-size:cover;width:30.6666%; margin-right: 4%;\"><div class=\"fusion-column-wrapper fusion-flex-column-wrapper-legacy\"><div class=\"fusion-text fusion-text-9\"><h1>idea 2.<br \/>\nDa soli o in compagnia<\/h1>\n<p><strong>6 ingressi a scelta su 17 spettacoli<\/strong><br \/>\n<strong>\u20ac 115.00 &#8211; online \u20ac 112.00*<br \/>\n<\/strong><\/p>\n<p><em>Da soli o in compagnia<\/em> \u00e8 il regalo perfetto per vivere l\u2019emozione del teatro in qualunque momento e insieme alle persone pi\u00f9 care.\u00a0 L\u2019abbonamento d\u00e0 diritto a 6 ingressi con possibilit\u00e0 di inserire lo stesso titolo fino a un massimo di 2 biglietti e assistere cos\u00ec, anche in compagnia, agli spettacoli preferiti tra i 16 proposti.<\/p>\n<\/div><div class=\"fusion-sep-clear\"><\/div><div class=\"fusion-separator fusion-full-width-sep\" style=\"margin-left: auto;margin-right: auto;margin-top:0px;margin-bottom:10px;width:100%;\"><\/div><div class=\"fusion-sep-clear\"><\/div><div class=\"fusion-alignleft\"><a class=\"fusion-button button-flat button-small button-custom fusion-button-default button-4 fusion-button-default-span fusion-button-default-type\" style=\"--button_bevel_color:#ffffff;--button_accent_color:#ffffff;--button_accent_hover_color:#ffffff;--button_border_hover_color:#ffffff;--button_gradient_top_color:#e60f00;--button_gradient_bottom_color:#e60f00;--button_gradient_top_color_hover:#e60f00;--button_gradient_bottom_color_hover:#e60f00;\" target=\"_blank\" rel=\"noopener noreferrer\" href=\"https:\/\/teatrostabiletorino.vivaticket.it\/ita\/event\/abbonamento-da-solo-o-in-compagnia-2019-2020\/143997\"><span class=\"fusion-button-text awb-button__text awb-button__text--default\">ACQUISTA<\/span><\/a><\/div><div class=\"fusion-clearfix\"><\/div><\/div><\/div><div class=\"fusion-layout-column fusion_builder_column fusion-builder-column-7 fusion_builder_column_1_3 1_3 fusion-one-third fusion-column-last\" style=\"--awb-bg-size:cover;width:30.6666%;\"><div class=\"fusion-column-wrapper fusion-flex-column-wrapper-legacy\"><div class=\"fusion-text fusion-text-10\"><h1>idea 3.<br \/>\nAndiamo a teatro<\/h1>\n<p><strong>\u20ac 100.00 &#8211; online \u20ac 98.00*<\/strong><br \/>\n<strong>Carnet<\/strong><\/p>\n<p>Un vero e proprio carnet da utilizzare come si desidera. 4 ingressi per spettacoli diversi oppure per la stessa serata in compagnia dei propri amici. L\u2019abbonamento \u00e8 valido per tutti gli spettacoli della stagione 19\/20 ad eccezione di quelli con l\u2019indicazione \u201cfuori abbonamento\u201d. Per conoscere l\u2019elenco completo dei titoli \u00e8 possibile consultare il <a href=\"https:\/\/www.teatrostabiletorino.it\/stagione-2019-2020\/\">nostro cartellone<\/a><\/p>\n<\/div><div class=\"fusion-sep-clear\"><\/div><div class=\"fusion-separator fusion-full-width-sep\" style=\"margin-left: auto;margin-right: auto;margin-top:0px;margin-bottom:10px;width:100%;\"><\/div><div class=\"fusion-sep-clear\"><\/div><div class=\"fusion-alignleft\"><a class=\"fusion-button button-flat button-small button-custom fusion-button-default button-5 fusion-button-default-span fusion-button-default-type\" style=\"--button_bevel_color:#ffffff;--button_accent_color:#ffffff;--button_accent_hover_color:#ffffff;--button_border_hover_color:#ffffff;--button_gradient_top_color:#e60f00;--button_gradient_bottom_color:#e60f00;--button_gradient_top_color_hover:#e60f00;--button_gradient_bottom_color_hover:#e60f00;\" target=\"_blank\" rel=\"noopener noreferrer\" href=\"https:\/\/teatrostabiletorino.vivaticket.it\/ita\/event\/abbonamento-andiamo-a-teatro-2019-2020\/134927\"><span class=\"fusion-button-text awb-button__text awb-button__text--default\">ACQUISTA<\/span><\/a><\/div><div class=\"fusion-clearfix\"><\/div><\/div><\/div><\/div><\/div><\/div><div id=\"intro\" class=\"fusion-container-anchor\"><div class=\"fusion-fullwidth fullwidth-box fusion-builder-row-5 nonhundred-percent-fullwidth non-hundred-percent-height-scrolling\" style=\"--awb-background-position:left top;--awb-border-color:#b50000;--awb-border-style:dashed;--awb-border-radius-top-left:0px;--awb-border-radius-top-right:0px;--awb-border-radius-bottom-right:0px;--awb-border-radius-bottom-left:0px;--awb-padding-top:0px;--awb-padding-bottom:0px;--awb-margin-top:0px;--awb-margin-bottom:0px;--awb-background-color:#e31f27;--awb-border-sizes-top:0px;--awb-border-sizes-bottom:0px;--awb-flex-wrap:wrap;\" ><div class=\"fusion-builder-row fusion-row\"><div class=\"fusion-layout-column fusion_builder_column fusion-builder-column-8 fusion_builder_column_1_1 1_1 fusion-one-full fusion-column-first fusion-column-last fusion-column-no-min-height\" style=\"--awb-bg-size:cover;--awb-margin-bottom:0px;\"><div class=\"fusion-column-wrapper fusion-flex-column-wrapper-legacy\"><div class=\"fusion-clearfix\"><\/div><\/div><\/div><\/div><\/div><\/div><div id=\"intro\" class=\"fusion-container-anchor\"><div class=\"fusion-fullwidth fullwidth-box fusion-builder-row-6 nonhundred-percent-fullwidth non-hundred-percent-height-scrolling\" style=\"--awb-background-position:left top;--awb-border-color:#ffffff;--awb-border-radius-top-left:0px;--awb-border-radius-top-right:0px;--awb-border-radius-bottom-right:0px;--awb-border-radius-bottom-left:0px;--awb-padding-top:0px;--awb-padding-bottom:0px;--awb-background-color:#ffffff;--awb-border-sizes-top:1px;--awb-border-sizes-bottom:1px;--awb-flex-wrap:wrap;\" ><div class=\"fusion-builder-row fusion-row\"><div class=\"fusion-layout-column fusion_builder_column fusion-builder-column-9 fusion_builder_column_1_1 1_1 fusion-one-full fusion-column-first fusion-column-last\" style=\"--awb-bg-size:cover;\"><div class=\"fusion-column-wrapper fusion-flex-column-wrapper-legacy\"><div class=\"fusion-text fusion-text-11 fusion-no-small-visibility\"><p>Qual \u00e8 il colore del Natale? Bianco come la neve o rosso come il vestito di Babbo Natale? Per il Teatro Stabile di Torino non ci sono dubbi: \u00e8 rosso come i velluti della pi\u00f9 antica sala di spettacolo della citt\u00e0, il Teatro Carignano. E come ogni anno, sotto l\u2019albero \u00e8 possibile regalare o regalarsi la pi\u00f9 bella stagione di prosa delle nostra citt\u00e0 con un abbonamento che \u00e8 un <em>must have<\/em>. Un regalo che \u00e8 un tuffo nelle storie pi\u00f9 belle della scena, con grandi autori, interpreti e registi capaci di incantare il pubblico.<\/p>\n<p>Ma la proposta dello Stabile \u00e8 diversa, come diversi sono i gusti e le esigenze di ciascuno di noi. Cos\u00ec al tradizionale <strong>Regala il Teatro<\/strong> (4 spettacoli a scelta su 17) si affiancano due proposte disegnate su misura per chi vuole condividere il piacere del teatro o scegliere all\u2019ultimo minuto: <strong>Da soli in compagnia<\/strong> (6 ingressi a scelta su 17 spettacoli) e <strong>Andiamo a teatro<\/strong>, entrambi con la possibilit\u00e0 di assistere a diversi titoli o anche un solo spettacolo insieme a tanti amici. E le proposte sono veramente tantissime: al Teatro Carignano Geppy Gleijeses e Marisa Laurito insieme nel capolavoro di Luciano De Crescenzo <em>Cos\u00ec parl\u00f2 Bellavista<\/em>; <em>Zio Vanja<\/em> di Cechov con Paolo Pierobon e Ivano Marescotti diretta da un talento emergente della scena europea Kriszta Sz\u00e9kely; Massimo Popolizio e Henrik Ibsen insieme per <em>Un nemico del popolo<\/em>; un <em>Macbeth<\/em> imperdibile con Arianna Scommegna e Fausto Russo Alesi; Umberto Orsini incontra Ibsen con <em>Il costruttore Solness<\/em>; una farsa dalla comicit\u00e0 travolgente con <em>Lodka<\/em> e per finire uno dei drammi pi\u00f9 belli di Arthur Miller, <em>Uno sguardo dal ponte<\/em>, diretto e intrepretato da Valerio Binasco in scena con Valessa Calera, Dario ed Emmanuele Aita.<\/p>\n<p>Al Gobetti Paolo Nani torna dopo il successo dello scorso anno con <em>L\u2019arte di morire vivendo<\/em>; <em>Ci vediamo all\u2019alba<\/em>, un toccante confronto tra due donne (Francesca Ciocchetti e Sara Putignano) dell\u2019inglese Zinnie Harris; un tuffo nella storia della nostra democrazia con <em>Fuoriusciti<\/em>, con Luigi Diberti e Antonello Fassari diretti da Piero Maccarinelli; una straordinaria Elisabetta Pozzi in testo pluripremiato dell\u2019inglese Aklexi Kaye Campbell (<em>Apologia<\/em>); il talentuoso Leonardo Lidi incontra Garc\u00eda Lorca con <em>La casa di Bernarda Alba<\/em>; Laura Curino e Lucia Vasini nelle storie di donne coraggiose di Nuto Revelli (<em>L\u2019anello forte<\/em>); Milvia Marigliano \u00e8 fragile e commovente in <em>Alda. Diario di una diversa<\/em>, dedicato alla grande poetessa Merini. E alle Fonderie i nomi di Filippo Timi (<em>Skianto<\/em>), Cristal Pyte e il suo magico teatro-danza (<em>Revisor<\/em>)e infine <em>Why?<\/em> diretto da Peter Brook, con Marcello Magni e Kathryn Hunter, sono tantissimi buoni motivi per regalarsi un\u2019emozione senza fine.<\/p>\n<\/div><div class=\"fusion-clearfix\"><\/div><\/div><\/div><\/div><\/div><\/div><div id=\"intro\" class=\"fusion-container-anchor\"><div class=\"fusion-fullwidth fullwidth-box fusion-builder-row-7 nonhundred-percent-fullwidth non-hundred-percent-height-scrolling\" style=\"--awb-background-position:left top;--awb-border-color:#b50000;--awb-border-style:dashed;--awb-border-radius-top-left:0px;--awb-border-radius-top-right:0px;--awb-border-radius-bottom-right:0px;--awb-border-radius-bottom-left:0px;--awb-padding-top:0px;--awb-padding-bottom:0px;--awb-margin-top:0px;--awb-margin-bottom:0px;--awb-background-color:#e31f27;--awb-border-sizes-top:0px;--awb-border-sizes-bottom:0px;--awb-flex-wrap:wrap;\" ><div class=\"fusion-builder-row fusion-row\"><div class=\"fusion-layout-column fusion_builder_column fusion-builder-column-10 fusion_builder_column_1_1 1_1 fusion-one-full fusion-column-first fusion-column-last fusion-column-no-min-height\" style=\"--awb-bg-size:cover;--awb-margin-bottom:0px;\"><div class=\"fusion-column-wrapper fusion-flex-column-wrapper-legacy\"><div class=\"fusion-text fusion-text-12\"><h1><strong>AUGURI!<\/strong><\/h1>\n<\/div><div class=\"fusion-clearfix\"><\/div><\/div><\/div><\/div><\/div><\/div><div class=\"fusion-fullwidth fullwidth-box fusion-builder-row-8 nonhundred-percent-fullwidth non-hundred-percent-height-scrolling\" style=\"--awb-background-position:left top;--awb-border-color:#e5e4e4;--awb-border-radius-top-left:0px;--awb-border-radius-top-right:0px;--awb-border-radius-bottom-right:0px;--awb-border-radius-bottom-left:0px;--awb-padding-top:35px;--awb-padding-bottom:15px;--awb-background-color:#ffffff;--awb-border-sizes-top:1px;--awb-border-sizes-bottom:1px;--awb-flex-wrap:wrap;\" ><div class=\"fusion-builder-row fusion-row\"><div class=\"fusion-layout-column fusion_builder_column fusion-builder-column-11 fusion_builder_column_1_1 1_1 fusion-one-full fusion-column-first fusion-column-last fusion-column-no-min-height\" style=\"--awb-bg-size:cover;--awb-margin-bottom:0px;\"><div class=\"fusion-column-wrapper fusion-flex-column-wrapper-legacy\"><div class=\"fusion-text fusion-text-13\"><p>*i prezzi online si intendono escluse commissioni<\/p>\n<\/div><div class=\"fusion-clearfix\"><\/div><\/div><\/div><\/div><\/div><\/p>","protected":false},"excerpt":{"rendered":"","protected":false},"author":1,"featured_media":0,"parent":0,"menu_order":0,"comment_status":"closed","ping_status":"closed","template":"100-width.php","meta":{"_acf_changed":false,"footnotes":""},"acf":[],"_links":{"self":[{"href":"https:\/\/www.teatrostabiletorino.it\/en\/wp-json\/wp\/v2\/pages\/29109"}],"collection":[{"href":"https:\/\/www.teatrostabiletorino.it\/en\/wp-json\/wp\/v2\/pages"}],"about":[{"href":"https:\/\/www.teatrostabiletorino.it\/en\/wp-json\/wp\/v2\/types\/page"}],"author":[{"embeddable":true,"href":"https:\/\/www.teatrostabiletorino.it\/en\/wp-json\/wp\/v2\/users\/1"}],"replies":[{"embeddable":true,"href":"https:\/\/www.teatrostabiletorino.it\/en\/wp-json\/wp\/v2\/comments?post=29109"}],"version-history":[{"count":22,"href":"https:\/\/www.teatrostabiletorino.it\/en\/wp-json\/wp\/v2\/pages\/29109\/revisions"}],"predecessor-version":[{"id":63757,"href":"https:\/\/www.teatrostabiletorino.it\/en\/wp-json\/wp\/v2\/pages\/29109\/revisions\/63757"}],"wp:attachment":[{"href":"https:\/\/www.teatrostabiletorino.it\/en\/wp-json\/wp\/v2\/media?parent=29109"}],"curies":[{"name":"wp","href":"https:\/\/api.w.org\/{rel}","templated":true}]}}