{"id":32620,"date":"2017-01-23T17:36:29","date_gmt":"2017-01-23T16:36:29","guid":{"rendered":"http:\/\/www.teatrostabiletorino.it\/?page_id=32620"},"modified":"2024-06-05T16:09:57","modified_gmt":"2024-06-05T14:09:57","slug":"cartadeldocente","status":"publish","type":"page","link":"https:\/\/www.teatrostabiletorino.it\/en\/cartadeldocente\/","title":{"rendered":"La Carta del docente ti porta a Teatro"},"content":{"rendered":"<p><div class=\"fusion-fullwidth fullwidth-box fusion-builder-row-2 hundred-percent-fullwidth non-hundred-percent-height-scrolling\" style=\"--awb-border-radius-top-left:0px;--awb-border-radius-top-right:0px;--awb-border-radius-bottom-right:0px;--awb-border-radius-bottom-left:0px;--awb-overflow:visible;--awb-flex-wrap:wrap;\" ><div class=\"fusion-builder-row fusion-row\"><div class=\"fusion-layout-column fusion_builder_column fusion-builder-column-1 fusion_builder_column_1_1 1_1 fusion-one-full fusion-column-first fusion-column-last fusion-column-no-min-height\" style=\"--awb-bg-size:cover;--awb-margin-bottom:0px;\"><div class=\"fusion-column-wrapper fusion-flex-column-wrapper-legacy\">\n<div class=\"unified_widget rcmBody\">\n<h1>Una carta, mille proposte<\/h1>\n<p><span class=\"a-size-base-plus\">La Carta del docente \u00e8 un&#8217;iniziativa del Ministero dell&#8217;Istruzione, dell&#8217;Universit\u00e0 e della Ricerca prevista dalla legge 107 del 13 luglio 2015 (Buona Scuola), art. 1 comma 121, che istituisce la Carta elettronica per l&#8217;aggiornamento e la formazione dei docenti di ruolo delle istituzioni scolastiche.<br \/>\nLa Carta, del valore nominale di 500 EUR annui per ciascun anno scolastico, \u00e8 assegnata ai docenti di ruolo a tempo indeterminato delle Istituzioni scolastiche statali, sia a tempo pieno che a tempo parziale, compresi i docenti che sono in periodo di formazione e prova, i docenti dichiarati inidonei per motivi di salute di cui all&#8217;art. 514 del Dlgs.16\/04\/94, n.297, e successive modificazioni, i docenti in posizione di comando, distacco, fuori ruolo o altrimenti utilizzati, i docenti nelle scuole all&#8217;estero, delle scuole militari. L&#8217;identit\u00e0 dei docenti \u00e8 verificata attraverso il Sistema pubblico per la gestione dell&#8217;identit\u00e0 digitale di cittadini e imprese, di seguito denominato \u00abSPID\u00bb. <\/span><\/p>\n<p><span class=\"a-size-base-plus\">Per utilizzare la Carta, il docente dovr\u00e0 dotarsi del proprio SPID e autenticarsi sul sito <a href=\"https:\/\/cartadeldocente.istruzione.it\/\" target=\"_blank\" rel=\"noopener noreferrer\">cartadeldocente.istruzione.it<\/a><\/span>.<\/p>\n<p><span class=\"a-size-base-plus\"><img decoding=\"async\" class=\"lazyload wp-image-32640 aligncenter\" src=\"http:\/\/www.teatrostabiletorino.it\/wp-content\/uploads\/2017\/01\/carta_docente.jpg\" data-orig-src=\"http:\/\/www.teatrostabiletorino.it\/wp-content\/uploads\/2017\/01\/carta_docente.jpg\" alt=\"carta_docente\" width=\"479\" height=\"141\" srcset=\"data:image\/svg+xml,%3Csvg%20xmlns%3D%27http%3A%2F%2Fwww.w3.org%2F2000%2Fsvg%27%20width%3D%27479%27%20height%3D%27141%27%20viewBox%3D%270%200%20479%20141%27%3E%3Crect%20width%3D%27479%27%20height%3D%27141%27%20fill-opacity%3D%220%22%2F%3E%3C%2Fsvg%3E\" data-srcset=\"https:\/\/www.teatrostabiletorino.it\/wp-content\/uploads\/2017\/01\/carta_docente-200x60.jpg 200w, https:\/\/www.teatrostabiletorino.it\/wp-content\/uploads\/2017\/01\/carta_docente.jpg 800w\" data-sizes=\"auto\" data-orig-sizes=\"(max-width: 479px) 100vw, 479px\" \/><br clear=\"all\" \/><br clear=\"all\" \/><b>Utilizza la tua Carta del docente per acquistare biglietti\u00a0 del Teatro Stabile di Torino<\/b><br clear=\"all\" \/>\u00c8 possibile utilizzare la Carta del docente per acquistare i biglietti degli spettacoli del Teatro Stabile di Torino direttamente presso la nostra <a href=\"http:\/\/www.teatrostabiletorino.it\/punti-vendita-biglietteria\/\">biglietteria<\/a>. Per tutti i dettagli consulta le FAQ e le condizioni a fondo pagina. Per utilizzare il tuo bonus crea un buono sul sito <a href=\"http:\/\/cartadeldocente.istruzione.it\" target=\"_blank\" rel=\"noopener noreferrer\">cartadeldocente.istruzione.it<\/a>. Al momento dell&#8217;acquisto di uno dei nostri biglietti, l\u2019intero importo del buono verr\u00e0 dedotto dal tuo saldo. Per conoscere tutti i titoli consulta il <a href=\"https:\/\/www.teatrostabiletorino.it\/teatro-stabile-torino-teatro-nazionale_stagione-2021-2022\/\">Cartellone 2021\/22<\/a><\/span><\/p>\n<h2>n.b. &gt;&gt; Carta Docente pu\u00f2 essere utilizzata solo per acquisti in biglietteria (e non online)<\/h2>\n<hr \/>\n<\/div>\n<div class=\"unified_widget rcmBody\">\n<h3><b>FAQ<\/b><br clear=\"all\" \/><b><\/b><\/h3>\n<p><strong><span class=\"h1\">\u203a <\/span>Che cos&#8217;\u00e8 la Carta del docente?<\/strong><br \/>\nLa Carta del docente \u00e8 un&#8217;iniziativa del Ministero dell&#8217;Istruzione, dell&#8217;Universit\u00e0 e della Ricerca prevista dalla legge 107 del 13 luglio 2015 (Buona Scuola), art. 1 comma 121, che istituisce la Carta elettronica per l&#8217;aggiornamento e la formazione dei docenti di ruolo delle istituzioni scolastiche. Il valore della Carta del docente \u00e8 di 500 EUR per ciascun anno scolastico.<br clear=\"all\" \/><br clear=\"all\" \/><span class=\"h1\"><b>\u203a <\/b><\/span><b> Chi pu\u00f2 beneficiare del bonus di 500 EUR?<\/b><br clear=\"all\" \/>La Carta del docente \u00e8 assegnata ai docenti di ruolo a tempo indeterminato delle Istituzioni scolastiche statali, sia a tempo pieno che a tempo parziale, compresi i docenti che sono in periodo di formazione e prova, i docenti dichiarati inidonei per motivi di salute di cui all&#8217;art. 514 del Dlgs.16\/04\/94, n.297, e successive modificazioni, i docenti in posizione di comando, distacco, fuori ruolo o altrimenti utilizzati, i docenti nelle scuole all&#8217;estero, delle scuole militari. Per farlo, \u00e8 necessario registrarsi al sito <a href=\"http:\/\/cartadeldocente.istruzione.it\" target=\"_blank\" rel=\"noopener noreferrer\">cartadeldocente.istruzione.it<\/a> con la propria identit\u00e0 digitale (SPID). <br clear=\"all\" \/><br clear=\"all\" \/><span class=\"h1\"><b>\u203a <\/b><\/span><strong>Cos\u2019\u00e8 cartadeldocente.istruzione.it?<\/strong><br \/>\n\u00c8 il sito che permette a tutti coloro che ne hanno diritto di registrarsi con la propria identit\u00e0 digitale (SPID) per generare i buoni di acquisto relativi alla Carta del docente.<br clear=\"all\" \/><br clear=\"all\" \/><span class=\"h1\"><b>\u203a <\/b><\/span><b> Come posso utilizzare il mio bonus<\/b><br clear=\"all\" \/>Per utilizzare il bonus devi prima creare un buono su\u00a0<a href=\"http:\/\/cartadeldocente.istruzione.it\" target=\"_blank\" rel=\"noopener noreferrer\">cartadeldocente.istruzione.it<\/a>. Una volta compiuta questa operazione, \u00e8 necessario recarsi presso la nostra <span class=\"a-size-base-plus\">biglietteria<\/span> per convertire il buono e scegliere uno dei nostri spettacoli. Per conoscere tutti i titoli consulta il <a href=\"https:\/\/www.teatrostabiletorino.it\/teatro-stabile-torino-teatro-nazionale_stagione-2021-2022\/\" target=\"_blank\" rel=\"noopener noreferrer\"><span class=\"a-size-base-plus\">Cartellone 2021\/22<\/span><\/a><br clear=\"all\" \/><br clear=\"all\" \/><span class=\"h1\"><b>\u203a <\/b><\/span><b>Cosa posso acquistare presso il Teatro Stabile di Torino?<\/b><br clear=\"all\" \/>Biglietti e abbonamenti! Scegliendo tra i diversi titoli del\u00a0<span class=\"a-size-base-plus\"><a href=\"https:\/\/www.teatrostabiletorino.it\/teatro-stabile-torino-teatro-nazionale_stagione-2021-2022\/\" target=\"_blank\" rel=\"noopener noreferrer\">Cartellone 2021\/22<\/a><\/span><\/p>\n<p><span class=\"h1\"><b>\u203a <\/b><\/span><b>Devo preparare il mio buono. Quanto costano i biglietti del TST?<br \/>\n<\/b><strong>Teatro Carignano<\/strong><br \/>\nPlatea intero\u00a0in biglietteria e online \u00a0 \u20ac 37.00* &#8211; ridotto \u20ac 34.00* (under 25, over 65)<br \/>\nPalchi (riservati congiunti)\u00a0 &#8211; centrali | intero\u00a0in biglietteria e online \u20ac 37.00* &#8211; ridotto \u20ac 34.00* (under 25, over 65)<br \/>\nPalchi (riservati congiunti)\u00a0 &#8211; laterali | intero\u00a0in biglietteria e online \u20ac 31.00* &#8211; ridotto \u20ac 28.00* (under 25, over 65)<\/p>\n<p><strong>Teatro Gobetti e Fonderie Limone<\/strong><br \/>\nintero\u00a0in biglietteria e online \u20ac 28.00* &#8211; ridotto \u20ac25.00* (under 25, over 65)<\/p>\n<p>* + \u20ac 1.00 (di prevendita) per i biglietti acquistati in prevendita presso la biglietteria di via Rossini 8<\/p>\n<\/div>\n<div class=\"fusion-clearfix\"><\/div><\/div><\/div><\/div><\/div><\/p>","protected":false},"excerpt":{"rendered":"","protected":false},"author":1,"featured_media":0,"parent":0,"menu_order":0,"comment_status":"closed","ping_status":"closed","template":"","meta":{"_acf_changed":false,"footnotes":""},"acf":[],"_links":{"self":[{"href":"https:\/\/www.teatrostabiletorino.it\/en\/wp-json\/wp\/v2\/pages\/32620"}],"collection":[{"href":"https:\/\/www.teatrostabiletorino.it\/en\/wp-json\/wp\/v2\/pages"}],"about":[{"href":"https:\/\/www.teatrostabiletorino.it\/en\/wp-json\/wp\/v2\/types\/page"}],"author":[{"embeddable":true,"href":"https:\/\/www.teatrostabiletorino.it\/en\/wp-json\/wp\/v2\/users\/1"}],"replies":[{"embeddable":true,"href":"https:\/\/www.teatrostabiletorino.it\/en\/wp-json\/wp\/v2\/comments?post=32620"}],"version-history":[{"count":0,"href":"https:\/\/www.teatrostabiletorino.it\/en\/wp-json\/wp\/v2\/pages\/32620\/revisions"}],"wp:attachment":[{"href":"https:\/\/www.teatrostabiletorino.it\/en\/wp-json\/wp\/v2\/media?parent=32620"}],"curies":[{"name":"wp","href":"https:\/\/api.w.org\/{rel}","templated":true}]}}