{"id":40017,"date":"2019-02-21T10:32:28","date_gmt":"2019-02-21T09:32:28","guid":{"rendered":"https:\/\/www.teatrostabiletorino.it\/?page_id=40017"},"modified":"2019-02-21T11:19:09","modified_gmt":"2019-02-21T10:19:09","slug":"tournee-2018-19","status":"publish","type":"page","link":"https:\/\/www.teatrostabiletorino.it\/en\/tournee-2018-19\/","title":{"rendered":"Tourn\u00e9e 2018\/19"},"content":{"rendered":"<p class=\"qtranxs-available-languages-message qtranxs-available-languages-message-en\">Sorry, this entry is only available in <a href=\"https:\/\/www.teatrostabiletorino.it\/it\/wp-json\/wp\/v2\/pages\/40017\" class=\"qtranxs-available-language-link qtranxs-available-language-link-it\" title=\"Italiano\">Italiano<\/a>.<\/p><p><strong>DON GIOVANNI<br \/>\n<\/strong><\/p>\n<p>8 &#8211; 20 gennaio 2019 | Teatro Argentina | Roma<br \/>\n22 &#8211; 27 gennaio 2019 | Teatro della Corte | Genova<br \/>\n29 gennaio &#8211; 10 febbraio 2019 | Piccolo Teatro &#8211; Teatro Strehler | Milano<br \/>\n12 &#8211; 13 febbraio 2019 | Teatro LAC | Lugano<br \/>\n15 febbraio 2019| Teatro Il Maggiore | Verbania<br \/>\n19 febbraio 2019 | Teatro Fabbri | Vignola (MO)<br \/>\n21 &#8211; 24 febbraio 2019 | Arena del Sole | Bologna<br \/>\n26 &#8211; 28 febbraio 2019 | Teatro Nuovo Giovanni da Udine | Udine<br \/>\n7 &#8211; 10 marzo 2019 | Teatro Metastasio | Prato<\/p>\n<hr \/>\n<p><strong>ARLECCHINO SERVITORE DI DUE PADRONI<\/strong><\/p>\n<p>8 &#8211; 28 ottobre 2018 | Teatro Carignano | Torino<br \/>\n30 ottobre 2018 | Teatro Civico | Tortona (AL)<br \/>\n31 ottobre 2018 | Teatro Giacometti | Novi Ligure (AL)<br \/>\n2 novembre 2018 | Teatro Marenco | Ceva (CN)<br \/>\n3 novembre 2018 | Teatro Milanollo | Savigliano (CN)<br \/>\n4 novembre 2018 | Teatro Toselli | Cuneo<br \/>\n6 novembre 2018 | Teatro Alfieri | Asti<br \/>\n7 &#8211; 8 novembre 2018 | Teatro Municipale | Casale Monferrato (AL)<br \/>\n10 &#8211; 11 novembre 2018 | Teatro Coccia | Novara<br \/>\n13 &#8211; 14 novembre 2018 | Teatro di Locarno | Locarno<br \/>\n16 novembre 2018 | Teatro Comunale | Russi (RA)<br \/>\n19 novembre 2018 | Teatro Sociale | Mantova<br \/>\n20 novembre 2018 | Teatro Boiardo | Scandiano (RE)<br \/>\n21 novembre 2018 | Teatro Mac Mazzieri | Pavullo (MO)<br \/>\n24 &#8211; 25 novembre 2018 | Teatro Giordano | Foggia<br \/>\n27 novembre 2018 | Teatro Comunale | Corato (BA)<br \/>\n29 &#8211; 30 novembre 2018 | Teatro Petruzzelli | Bari<br \/>\n4 &#8211; 5 dicembre 2018 | Teatro Valli | Reggio Emilia<br \/>\n6 &#8211; 9 dicembre 2018 | Teatro Rossini | Pesaro<br \/>\n11 dicembre 2018 | Teatro Mario Apollonio | Varese<br \/>\n13 &#8211; 16 dicembre 2018 | Teatro Fabbri | Forl\u00ec<\/p>\n<hr \/>\n<p><strong>COSI&#8217; E&#8217; (SE VI PARE)<\/strong><\/p>\n<p>11 dicembre 2018 &#8211; 6 gennaio 2019 | Teatro Carignano | Torino<br \/>\n9 &#8211; 13 gennaio 2019 | Il Rossetti | Trieste<br \/>\n15 &#8211; 16 gennaio 2019 | Teatro Asioli | Correggio (RE)<br \/>\n18 &#8211; 19 gennaio 2019 | Teatro Sociale | Pinerolo (TO)<br \/>\n22 &#8211; 27 gennaio 2019 | Teatro Bellini | Napoli<br \/>\n29 &#8211; 30 gennaio 2019 | Teatro degli Industri | Grosseto<br \/>\n1 &#8211; 3 febbraio 2019 | Teatro Manzoni | Pistoia<br \/>\n5 &#8211; 10 febbraio 2019 | Teatro Duse | Genova<\/p>\n<hr \/>\n<p><strong>LA MALADIE DE LA MORT<\/strong><\/p>\n<p>3 &#8211; 6 ottobre 2018 | Barbican | Londra<br \/>\n10 &#8211; 13 ottobre 2018 | Th\u00e9\u00e2tre de Li\u00e8ge | Liegi<br \/>\n3 &#8211; 4 novembre 2018 | Teatro Carignano | Torino<br \/>\n8 &#8211; 9 novembre 2018 | Teatro Argentina | Roma<br \/>\n13 &#8211; 16 novembre 2018 | Arena del Sole | Bologna<br \/>\n20 &#8211; 23 novembre | Teatro Fabbricone | Prato<\/p>\n<hr \/>\n<p><strong>LA BALLATA DI JOHNNY E GILL<\/strong><\/p>\n<p>8 &#8211; 10 novembre 2018 | Libert\u00e9 Sc\u00e8ne Nationale de Toulon | Toulon<br \/>\n19 &#8211; 22 dicembre 2018 | La Cri\u00e9e Th\u00e9\u00e2tre National de Marseille | Marsiglia<br \/>\n5 &#8211; 10 gennaio 2019 | Teatro Gobetti | Torino<br \/>\n29 gennaio &#8211; 3 febbraio 2019 | Il Rossetti | Trieste<br \/>\n28 febbraio &#8211; 2 marzo 2019 | Th\u00e9\u00e2tres de la Ville de Luxembourg | Lussemburgo<\/p>\n<p>&nbsp;<\/p>","protected":false},"excerpt":{"rendered":"<p>Sorry, this entry is only available in Italiano.DON GIOVANNI 8 &#8211; 20 gennaio 2019 | <a href=\"https:\/\/www.teatrostabiletorino.it\/en\/tournee-2018-19\/\"> [+]<\/a><\/p>\n","protected":false},"author":1,"featured_media":0,"parent":0,"menu_order":0,"comment_status":"closed","ping_status":"closed","template":"","meta":{"_acf_changed":false,"footnotes":""},"acf":[],"_links":{"self":[{"href":"https:\/\/www.teatrostabiletorino.it\/en\/wp-json\/wp\/v2\/pages\/40017"}],"collection":[{"href":"https:\/\/www.teatrostabiletorino.it\/en\/wp-json\/wp\/v2\/pages"}],"about":[{"href":"https:\/\/www.teatrostabiletorino.it\/en\/wp-json\/wp\/v2\/types\/page"}],"author":[{"embeddable":true,"href":"https:\/\/www.teatrostabiletorino.it\/en\/wp-json\/wp\/v2\/users\/1"}],"replies":[{"embeddable":true,"href":"https:\/\/www.teatrostabiletorino.it\/en\/wp-json\/wp\/v2\/comments?post=40017"}],"version-history":[{"count":0,"href":"https:\/\/www.teatrostabiletorino.it\/en\/wp-json\/wp\/v2\/pages\/40017\/revisions"}],"wp:attachment":[{"href":"https:\/\/www.teatrostabiletorino.it\/en\/wp-json\/wp\/v2\/media?parent=40017"}],"curies":[{"name":"wp","href":"https:\/\/api.w.org\/{rel}","templated":true}]}}