{"id":42277,"date":"2019-11-14T17:19:39","date_gmt":"2019-11-14T16:19:39","guid":{"rendered":"https:\/\/www.teatrostabiletorino.it\/?page_id=42277"},"modified":"2019-12-06T14:21:09","modified_gmt":"2019-12-06T13:21:09","slug":"tournee-2019-20","status":"publish","type":"page","link":"https:\/\/www.teatrostabiletorino.it\/en\/tournee-2019-20\/","title":{"rendered":"Tourn\u00e9e 2019\/20"},"content":{"rendered":"<p><\/p>\n<h2>RUMORI FUORI SCENA<\/h2>\n<p>7 &#8211; 27 ottobre 2019 | Teatro Carignano | Torino<br \/>\n30 ottobre &#8211; 10 novembre 2019 | Piccolo Teatro Strehler | Milano<br \/>\n12 &#8211; 17 novembre 2019 | Teatro Bellini | Napoli<br \/>\n20 &#8211; 24 novembre 2019 | Teatro Il Rossetti | Trieste<br \/>\n26 novembre &#8211; 1 dicembre 2019 | Teatro Della Corte | Genova<br \/>\n5 &#8211; 8 dicembre 2019 | Teatro Comunale | Bolzano<br \/>\n10 dicembre 2019 | Teatro Sanzio | Urbino<br \/>\n12 &#8211; 15 dicembre 2019 | Teatro Delle Muse | Ancona<br \/>\n18 &#8211; 22 dicembre 2019 | Teatro Toniolo | Mestre (VE)<\/p>\n<hr \/>\n<h2>ZIO VANJA<\/h2>\n<p>7 &#8211; 26 gennaio 2020 | Teatro Carignano | Torino<br \/>\n29 &#8211; 30 gennaio 2020 | Katona J\u00f3zsef Sz\u00ednh\u00e1z | Budapest (HU)<\/p>\n<hr \/>\n<p>ARLECCHINO SERVITORE DI DUE PADRONI<br \/>\n14 &#8211; 15 gennaio 2020 | Teatro Petrarca | Arezzo<br \/>\n17 &#8211; 19 gennaio 2020 | Teatro dei Rinnovati | Siena<br \/>\n21 &#8211; 26 gennaio 2020 | Teatro della Pergola | Firenze<br \/>\n28 gennaio &#8211; 4 febbraio 2020 | Teatro dell\u2019Elfo | Milano<br \/>\n6 &#8211; 9 febbraio 2020 | Teatro Creberg | Bergamo<br \/>\n11 &#8211; 23 febbraio 2020 | Teatro Argentina | Roma<br \/>\n25 febbraio 2020 | Teatro Puccini | Merano (BZ)<br \/>\n26 febbraio 2020 | Teatro Cristallo | Bolzano<br \/>\n28 febbraio &#8211; 1 marzo 2020 | Teatro Fraschini | Pavia<br \/>\n4 &#8211; 8 marzo 2020 | Teatro Sociale | Brescia<br \/>\n11 &#8211; 15 marzo 2020 | Teatro Toniolo | Mestre (VE)<br \/>\n18 &#8211; 19 marzo 2020 | Teatro Comunale | Vicenza<br \/>\n20 marzo 2020 | Teatro Russolo | Portogruaro (VE)<br \/>\n23 &#8211; 24 marzo 2020 | Teatro Civico | La Spezia<br \/>\n26 &#8211; 29 marzo 2020 | Teatro Delle Muse | Ancona<br \/>\n31 marzo &#8211; 5 aprile 2020 | Teatro Bellini | Napoli<\/p>\n<hr \/>\n<p>FAUSTO COPPI &#8211; L\u2019AFFOLLATA SOLITUDINE DEL CAMPIONE<br \/>\n15 settembre 2019 | Piazza San Francesco | Matera<br \/>\n26 novembre &#8211; 1 dicembre 2019 | Teatro Gobetti | Torino<br \/>\n4 dicembre 2019 | Teatro Giacometti | Novi Ligure (AL)<br \/>\n5 dicembre 2019 | Spazio Kor | Asti<br \/>\n6 dicembre 2019 | Teatro San Francesco | Alessandria<br \/>\n7 dicembre 2019 | Teatro Carena | Cumiana (TO)<br \/>\n10 dicembre 2019 | Teatro Toselli | Cuneo<br \/>\n13 dicembre 2019 | Teatro Giacosa | Ivrea (TO)<\/p>\n<hr \/>\n<p>MISTERO BUFFO<br \/>\n29 agosto 2019 | Teatro Comunale | Todi (PG)<br \/>\n15 &#8211; 27 ottobre 2019 | Teatro Gobetti | Torino<br \/>\n5 novembre 2019 | Istituto Italiano di Cultura | Bruxelles (BE)<br \/>\n11 novembre 2019 | Istituto Italiano di Cultura | M\u00fcnich (DE)<\/p>\n<hr \/>\n<p>COS\u00cc \u00c8 (SE VI PARE)<br \/>\n21 aprile &#8211; 3 maggio 2020 | Teatro Carignano | Torino<br \/>\n5 &#8211; 17 maggio 2020 | Teatro Franco Parenti | Milano<br \/>\n19 &#8211; 31 maggio 2020 | Teatro Argentina | Roma<\/p>\n<hr \/>\n<p>SE QUESTO \u00c8 UN UOMO<br \/>\n8 &#8211; 20 ottobre 2019 | Teatro Franco Parenti | Milano<br \/>\n23 ottobre 2019 | Istituto Italiano di Cultura | Bruxelles<br \/>\n2 &#8211; 3 novembre 2019 | Teatro Galli | Rimini<br \/>\n5 &#8211; 17 novembre 2019 | Teatro Argentina | Roma<\/p>\n<hr \/>\n<p>I GIGANTI DELLA MONTAGNA<br \/>\n24 ottobre &#8211; 3 novembre 2019 | Teatro della Pergola | Firenze<br \/>\n9 &#8211; 10 novembre 2019 | Teatro dell\u2019Unione | Viterbo<br \/>\n13 novembre &#8211; 1 dicembre 2019 | Teatro Carignano | Torino<br \/>\n6 &#8211; 15 dicembre 2019 | Teatro Biondo | Palermo<br \/>\n21 &#8211; 22 dicembre 2019 | Teatro Flavio Vespasiano | Rieti<br \/>\n9 &#8211; 12 gennaio 2020 | Arena del Sole | Bologna<br \/>\n15 &#8211; 26 gennaio 2020 | Teatro Mercadante | Napoli<br \/>\n1 &#8211; 5 febbraio 2020 | Teatro Vittorio Emanuele | Messina<br \/>\n8 &#8211; 12 febbraio 2020 | Teatro Massimo Bellini | Catania<\/p>\n<hr \/>\n<p>MISERY<br \/>\n26 ottobre &#8211; 3 novembre 2019 | Teatro Due | Parma<br \/>\n5 &#8211; 17 novembre 2019 | Teatro Duse | Genova<br \/>\n19 novembre &#8211; 1 dicembre 2019 | Sala Umberto | Roma<br \/>\n3 &#8211; 15 dicembre 2019 | Teatro Gobetti | Torino<br \/>\n10 gennaio 2020 | Teatro Masini | Faenza (RA)<br \/>\n14 &#8211; 15 gennaio 2020 | Teatro Comunale | Monfalcone (GO)<br \/>\n22 &#8211; 26 gennaio 2020 | Teatro Sperimentale | Ancona<br \/>\n28 gennaio &#8211; 2 febbraio 2020 | Teatro Verga | Catania<\/p>\n<hr \/>\n<p>FUORIUSCITI<br \/>\n14 &#8211; 19 gennaio 2020 | Teatro Santa Chiara | Brescia<br \/>\n28 gennaio &#8211; 2 febbraio 2020 | Teatro Gobetti | Torino<\/p>","protected":false},"excerpt":{"rendered":"<p>RUMORI FUORI SCENA 7 &#8211; 27 ottobre 2019 | Teatro Carignano | Torino 30 ottobre <a href=\"https:\/\/www.teatrostabiletorino.it\/en\/tournee-2019-20\/\"> [+]<\/a><\/p>\n","protected":false},"author":1,"featured_media":0,"parent":0,"menu_order":0,"comment_status":"closed","ping_status":"closed","template":"","meta":{"_acf_changed":false,"footnotes":""},"acf":[],"_links":{"self":[{"href":"https:\/\/www.teatrostabiletorino.it\/en\/wp-json\/wp\/v2\/pages\/42277"}],"collection":[{"href":"https:\/\/www.teatrostabiletorino.it\/en\/wp-json\/wp\/v2\/pages"}],"about":[{"href":"https:\/\/www.teatrostabiletorino.it\/en\/wp-json\/wp\/v2\/types\/page"}],"author":[{"embeddable":true,"href":"https:\/\/www.teatrostabiletorino.it\/en\/wp-json\/wp\/v2\/users\/1"}],"replies":[{"embeddable":true,"href":"https:\/\/www.teatrostabiletorino.it\/en\/wp-json\/wp\/v2\/comments?post=42277"}],"version-history":[{"count":0,"href":"https:\/\/www.teatrostabiletorino.it\/en\/wp-json\/wp\/v2\/pages\/42277\/revisions"}],"wp:attachment":[{"href":"https:\/\/www.teatrostabiletorino.it\/en\/wp-json\/wp\/v2\/media?parent=42277"}],"curies":[{"name":"wp","href":"https:\/\/api.w.org\/{rel}","templated":true}]}}