{"id":45524,"date":"2020-10-12T12:38:18","date_gmt":"2020-10-12T10:38:18","guid":{"rendered":"https:\/\/www.teatrostabiletorino.it\/?page_id=45524"},"modified":"2021-04-14T14:49:38","modified_gmt":"2021-04-14T12:49:38","slug":"5x1000","status":"publish","type":"page","link":"https:\/\/www.teatrostabiletorino.it\/en\/5x1000\/","title":{"rendered":"5&#215;1000"},"content":{"rendered":"<p class=\"qtranxs-available-languages-message qtranxs-available-languages-message-en\">Sorry, this entry is only available in <a href=\"https:\/\/www.teatrostabiletorino.it\/it\/wp-json\/wp\/v2\/pages\/45524\" class=\"qtranxs-available-language-link qtranxs-available-language-link-it\" title=\"Italiano\">Italiano<\/a>.<\/p><p><div class=\"fusion-fullwidth fullwidth-box fusion-builder-row-1 nonhundred-percent-fullwidth non-hundred-percent-height-scrolling\" style=\"--awb-border-radius-top-left:0px;--awb-border-radius-top-right:0px;--awb-border-radius-bottom-right:0px;--awb-border-radius-bottom-left:0px;--awb-flex-wrap:wrap;\" ><div class=\"fusion-builder-row fusion-row\"><div class=\"fusion-layout-column fusion_builder_column fusion-builder-column-0 fusion_builder_column_3_4 3_4 fusion-three-fourth fusion-column-first\" style=\"--awb-bg-size:cover;width:75%;width:calc(75% - ( ( 4% ) * 0.75 ) );margin-right: 4%;\"><div class=\"fusion-column-wrapper fusion-column-has-shadow fusion-flex-column-wrapper-legacy\"><div class=\"fusion-text fusion-text-1\"><h2 style=\"text-align: justify;\"><strong>Destinare il 5&#215;1000 al Teatro Stabile di Torino \u00e8 il modo pi\u00f9 semplice per sostenere la cultura: non ti costa niente, ma ti permette di partecipare, col tuo sostegno, alla crescita culturale della comunit\u00e0.<\/strong><\/h2>\n<h2 style=\"text-align: justify;\"><strong>Cos\u2019\u00e8? <\/strong><\/h2>\n<p style=\"text-align: justify;\">Il 5&#215;1000 \u00e8 lo strumento con cui lo Stato ti d\u00e0 la possibilit\u00e0 di decidere a chi destinare una parte delle tasse sul tuo reddito. <strong>Non comporta alcuna spesa aggiuntiva<\/strong>: basta solo scegliere l\u2019organizzazione da sostenere. <strong>\u00c8 semplice perch\u00e9 non costa nulla, \u00e8 importante perch\u00e9 scegli tu. <\/strong><strong>\u00a0<\/strong><\/p>\n<p style=\"text-align: justify;\"><strong>Perch\u00e9 destinare il 5&#215;1000 al TST? Perch\u00e9 un Teatro ha bisogno della partecipazione e del sostegno di tutti.\u00a0 <\/strong>Il Teatro Stabile di Torino ne ha bisogno per produrre e ospitare spettacoli di prosa e di danza, ricercando nuovi linguaggi e mettendo in dialogo artisti di tutto il mondo; per formare nuove generazioni di attori e professionisti; per custodire un enorme patrimonio culturale e architettonico. <strong>Per continuare a crescere ed essere sempre di pi\u00f9 un punto di riferimento sociale e civile, oltre che culturale, per la comunit\u00e0.<\/strong><\/p>\n<h2><strong>Come si fa? <\/strong><\/h2>\n<p>\u00c8 molto facile. Nei moduli per la dichiarazione dei redditi (730 e UNICO), c\u2019\u00e8 uno spazio dedicato alla destinazione del 5&#215;1000: nel riquadro \u201cSostegno del volontariato e delle altre organizzazioni non lucrative di utilit\u00e0 sociale, delle associazioni di promozione sociale e delle associazioni e fondazioni riconosciute che operano nei settori di cui all\u2019Art. 10, c.1 lett a), del D.Lgs. n. 460 del 1997\u201d bisogna apporre la propria firma e inserire il codice fiscale del Teatro Stabile di Torino: <strong><span style=\"color: #f70202;\">08762960014<\/span><\/strong><\/p>\n<p style=\"text-align: justify;\"><strong>\u00a0<img decoding=\"async\" class=\"lazyload size-full wp-image-47633 aligncenter\" src=\"http:\/\/www.teatrostabiletorino.it\/wp-content\/uploads\/2021\/04\/5x1000_PI_Firma_.jpg\" data-orig-src=\"http:\/\/www.teatrostabiletorino.it\/wp-content\/uploads\/2021\/04\/5x1000_PI_Firma_.jpg\" alt=\"\" width=\"845\" height=\"501\" srcset=\"data:image\/svg+xml,%3Csvg%20xmlns%3D%27http%3A%2F%2Fwww.w3.org%2F2000%2Fsvg%27%20width%3D%27845%27%20height%3D%27501%27%20viewBox%3D%270%200%20845%20501%27%3E%3Crect%20width%3D%27845%27%20height%3D%27501%27%20fill-opacity%3D%220%22%2F%3E%3C%2Fsvg%3E\" data-srcset=\"https:\/\/www.teatrostabiletorino.it\/wp-content\/uploads\/2021\/04\/5x1000_PI_Firma_-200x119.jpg 200w, https:\/\/www.teatrostabiletorino.it\/wp-content\/uploads\/2021\/04\/5x1000_PI_Firma_-300x178.jpg 300w, https:\/\/www.teatrostabiletorino.it\/wp-content\/uploads\/2021\/04\/5x1000_PI_Firma_-400x237.jpg 400w, https:\/\/www.teatrostabiletorino.it\/wp-content\/uploads\/2021\/04\/5x1000_PI_Firma_-600x356.jpg 600w, https:\/\/www.teatrostabiletorino.it\/wp-content\/uploads\/2021\/04\/5x1000_PI_Firma_-768x455.jpg 768w, https:\/\/www.teatrostabiletorino.it\/wp-content\/uploads\/2021\/04\/5x1000_PI_Firma_-800x474.jpg 800w, https:\/\/www.teatrostabiletorino.it\/wp-content\/uploads\/2021\/04\/5x1000_PI_Firma_.jpg 845w\" data-sizes=\"auto\" data-orig-sizes=\"(max-width: 845px) 100vw, 845px\" \/><\/strong><\/p>\n<hr \/>\n<p style=\"text-align: justify;\"><strong>Non sei tenuto a presentare la dichiarazione dei redditi?<\/strong><br \/>\nNon importa! Puoi comunque scegliere di destinare il 5&#215;1000 al Teatro Stabile di Torino. Ecco come:<\/p>\n<ul style=\"text-align: justify;\">\n<li>nella Certificazione Unica che ti viene fornita dal datore di lavoro o dall\u2019ente che eroga la pensione \u00e8 presente una scheda in cui puoi inserire la tua preferenza riguardo al 5&#215;1000. Nel riquadro \u201cSostegno del volontariato e delle altre organizzazioni non lucrative di utilit\u00e0 sociale\u2026\u201d metti la tua firma e inserisci il codice fiscale del Teatro Stabile di Torino: <strong>08762960014<\/strong><\/li>\n<li>inserisci la scheda in una busta chiusa e indica sulla busta il tuo nome e cognome e la dicitura \u201cScelta per la destinazione del 5&#215;1000 dell\u2019IRPEF\u201d<\/li>\n<li>puoi consegnare gratuitamente la busta in qualsiasi ufficio postale oppure rivolgiti a un intermediario abilitato alla trasmissione telematica (commercialista, CAF\u2026)<\/li>\n<\/ul>\n<p style=\"text-align: justify;\"><em>\u00a0<\/em><strong>Ricorda che<\/strong>: Il 5&#215;1000 non \u00e8 alternativo all\u20198&#215;1000 per le confessioni religiose o al 2&#215;1000 ai partiti politici: sono tre opportunit\u00e0 diverse e possono essere utilizzate contemporaneamente.<\/p>\n<\/div><div class=\"fusion-clearfix\"><\/div><\/div><\/div><div class=\"fusion-layout-column fusion_builder_column fusion-builder-column-1 fusion_builder_column_1_4 1_4 fusion-one-fourth fusion-column-last\" style=\"--awb-bg-size:cover;width:25%;width:calc(25% - ( ( 4% ) * 0.25 ) );\"><div class=\"fusion-column-wrapper fusion-column-has-shadow fusion-flex-column-wrapper-legacy\"><div class=\"fusion-text fusion-text-2\"><h2>Vedi anche<\/h2>\n<h2>\u00bb <a href=\"https:\/\/www.teatrostabiletorino.it\/art-bonus\/\" target=\"_blank\" rel=\"noopener\">Art Bonus<\/a><\/h2>\n<h2>\u00bb <a href=\"https:\/\/www.teatrostabiletorino.it\/rinuncia-al-rimborso-e-sostieni-il-tst\/\">Rinuncia rimborso biglietti<\/a><\/h2>\n<\/div><div class=\"fusion-clearfix\"><\/div><\/div><\/div><\/div><\/div><\/p>","protected":false},"excerpt":{"rendered":"","protected":false},"author":1,"featured_media":0,"parent":0,"menu_order":0,"comment_status":"closed","ping_status":"closed","template":"100-width.php","meta":{"_acf_changed":false,"footnotes":""},"acf":[],"_links":{"self":[{"href":"https:\/\/www.teatrostabiletorino.it\/en\/wp-json\/wp\/v2\/pages\/45524"}],"collection":[{"href":"https:\/\/www.teatrostabiletorino.it\/en\/wp-json\/wp\/v2\/pages"}],"about":[{"href":"https:\/\/www.teatrostabiletorino.it\/en\/wp-json\/wp\/v2\/types\/page"}],"author":[{"embeddable":true,"href":"https:\/\/www.teatrostabiletorino.it\/en\/wp-json\/wp\/v2\/users\/1"}],"replies":[{"embeddable":true,"href":"https:\/\/www.teatrostabiletorino.it\/en\/wp-json\/wp\/v2\/comments?post=45524"}],"version-history":[{"count":0,"href":"https:\/\/www.teatrostabiletorino.it\/en\/wp-json\/wp\/v2\/pages\/45524\/revisions"}],"wp:attachment":[{"href":"https:\/\/www.teatrostabiletorino.it\/en\/wp-json\/wp\/v2\/media?parent=45524"}],"curies":[{"name":"wp","href":"https:\/\/api.w.org\/{rel}","templated":true}]}}