{"id":45784,"date":"2020-10-30T13:29:03","date_gmt":"2020-10-30T12:29:03","guid":{"rendered":"https:\/\/www.teatrostabiletorino.it\/?page_id=45784"},"modified":"2020-12-09T10:20:43","modified_gmt":"2020-12-09T09:20:43","slug":"vademecum-per-gli-spettatori","status":"publish","type":"page","link":"https:\/\/www.teatrostabiletorino.it\/en\/vademecum-per-gli-spettatori\/","title":{"rendered":"Vademecum"},"content":{"rendered":"<p><div class=\"fusion-fullwidth fullwidth-box fusion-builder-row-3 nonhundred-percent-fullwidth non-hundred-percent-height-scrolling\" style=\"--awb-border-radius-top-left:0px;--awb-border-radius-top-right:0px;--awb-border-radius-bottom-right:0px;--awb-border-radius-bottom-left:0px;--awb-flex-wrap:wrap;\" ><div class=\"fusion-builder-row fusion-row\"><div class=\"fusion-layout-column fusion_builder_column fusion-builder-column-4 fusion_builder_column_1_1 1_1 fusion-one-full fusion-column-first fusion-column-last\" style=\"--awb-bg-size:cover;\"><div class=\"fusion-column-wrapper fusion-column-has-shadow fusion-flex-column-wrapper-legacy\"><div class=\"fusion-text fusion-text-5\"><h1><strong>Caro spettatore,<br \/>\n<\/strong>abbiamo realizzato questo breve vademecum per fare un po&#8217; di chiarezza sulle azioni da poter compiere in merito ai biglietti degli spettacoli annullati o ai voucher.<\/h1>\n<\/div><div class=\"accordian fusion-accordian\" style=\"--awb-border-size:1px;--awb-icon-size:13px;--awb-content-font-size:9px;--awb-icon-alignment:left;--awb-hover-color:#f9f9f9;--awb-border-color:#cccccc;--awb-background-color:#ffffff;--awb-divider-color:#e0dede;--awb-divider-hover-color:#e0dede;--awb-icon-color:#ffffff;--awb-title-color:#34684c;--awb-content-color:#3f3f3f;--awb-icon-box-color:#333333;--awb-toggle-hover-accent-color:#72856c;--awb-title-font-family:&quot;Comfortaa&quot;;--awb-title-font-weight:regular;--awb-title-font-style:normal;--awb-title-font-size:14px;--awb-content-font-family:&quot;Open Sans&quot;;--awb-content-font-style:normal;--awb-content-font-weight:regular;\"><div class=\"panel-group fusion-toggle-icon-boxed\" id=\"accordion-45784-5\"><div class=\"fusion-panel panel-default panel-df267199a91d0442c fusion-toggle-has-divider\"><div class=\"panel-heading\"><h4 class=\"panel-title toggle\" id=\"toggle_df267199a91d0442c\"><a aria-expanded=\"false\" aria-controls=\"df267199a91d0442c\" role=\"button\" data-toggle=\"collapse\" data-parent=\"#accordion-45784-5\" data-target=\"#df267199a91d0442c\" href=\"#df267199a91d0442c\"><span class=\"fusion-toggle-icon-wrapper\" aria-hidden=\"true\"><i class=\"fa-fusion-box active-icon awb-icon-minus\" aria-hidden=\"true\"><\/i><i class=\"fa-fusion-box inactive-icon awb-icon-plus\" aria-hidden=\"true\"><\/i><\/span><span class=\"fusion-toggle-heading\">le informazioni complete<\/span><\/a><\/h4><\/div><div id=\"df267199a91d0442c\" class=\"panel-collapse collapse \" aria-labelledby=\"toggle_df267199a91d0442c\"><div class=\"panel-body toggle-content fusion-clearfix\">\n<p><strong>LE TIPOLOGIE DI VOUCHER<br \/>\n<\/strong>Esistono due tipi di voucher:<\/p>\n<ul>\n<li>Voucher VivaTicket<\/li>\n<li>Voucher emessi direttamente dal Teatro Stabile di Torino<\/li>\n<\/ul>\n<p>I voucher emessi da Vivaticket possono essere riscattati direttamente sul sito di VivaTicket (quando si desidera procedere ad un nuovo acquisto: si effettua la procedura normale di acquisto e in fase di saldo si inserisce il codice alfanumerico indicato sul voucher) o direttamente allo sportello di biglietteria del Teatro Stabile di Torino.<br \/>\n<strong>I voucher emessi dal Teatro Stabile di Torino possono essere riscattati esclusivamente in biglietteria.<\/strong><\/p>\n<p>Il voucher equivale alla cifra spesa per l\u2019acquisto dei biglietti, non al numero dei biglietti acquistati. Se per esempio erano stati acquistati tre biglietti al costo di 15\u20ac l\u2019uno, il voucher avr\u00e0 un valore complessivo di 45\u20ac. Nel momento dell\u2019utilizzo del voucher sar\u00e0 possibile acquistare un numero di biglietti variabile (non per forza tre) in base al costo del singolo biglietto.<\/p>\n<p><strong>DEVO SPENDERE IL VOUCHER TUTTO IN UNA VOLTA?<br \/>\n<\/strong>Non \u00e8 necessario spendere il voucher tutto in una volta, ma si pu\u00f2 gestire come un buono dal quale ogni volta viene scalato l\u2019importo speso: potrete consumarlo un po\u2019 alla volta, in momenti diversi e per importi diversi, fino ad arrivare al suo esaurimento. La durata per\u00f2 rester\u00e0 invariata e verr\u00e0 sempre calcolata a partire dalla data della prima emissione.<\/p>\n<p><strong>E SE IL VOUCHER NON MI BASTA?<br \/>\n<\/strong>I voucher possono essere usati come denaro contante. Se, ad esempio, avete in mente di effettuare una spesa di \u20ac 50, ma il vostro voucher \u00e8 di \u20ac 30, vi baster\u00e0 aggiungere i \u20ac 20 mancanti nel modo che pi\u00f9 preferite (contanti, bancomat, carta di credito, Satispay, ecc.).<\/p>\n<p><strong>ENTRO QUANDO DEVO RISCATTARE IL VOUCHER?<br \/>\n<\/strong>I voucher non hanno tutti la stessa scadenza, perch\u00e9 ogni voucher ha una durata di 18 mesi a partire dalla data di emissione del voucher. Se, per esempio, il vostro voucher \u00e8 stato emesso a maggio 2020, la sua scadenza sar\u00e0 a novembre a 2021.<\/p>\n<p><em>Informazioni aggiornate al 30 ottobre 2020<\/em><\/p>\n<\/div><\/div><\/div><\/div><\/div><div class=\"fusion-clearfix\"><\/div><\/div><\/div><\/div><\/div><div class=\"fusion-fullwidth fullwidth-box fusion-builder-row-4 nonhundred-percent-fullwidth non-hundred-percent-height-scrolling\" style=\"--awb-border-radius-top-left:0px;--awb-border-radius-top-right:0px;--awb-border-radius-bottom-right:0px;--awb-border-radius-bottom-left:0px;--awb-flex-wrap:wrap;\" ><div class=\"fusion-builder-row fusion-row\"><div class=\"fusion-layout-column fusion_builder_column fusion-builder-column-5 fusion_builder_column_1_3 1_3 fusion-one-third fusion-column-first\" style=\"--awb-bg-size:cover;width:33.333333333333%;width:calc(33.333333333333% - ( ( 4% + 4% ) * 0.33333333333333 ) );margin-right: 4%;\"><div class=\"fusion-column-wrapper fusion-column-has-shadow fusion-flex-column-wrapper-legacy\"><div class=\"fusion-text fusion-text-6\"><h2><strong>STAGIONE 2020\/21<\/strong><\/h2>\n<h2><strong>Come devo fare se ho acquistato degli spettacoli annullati nella stagione 2020\/2021?<\/strong><\/h2>\n<h2>I DPCM del 24 ottobre e del 3 novembre 2020 hanno sancito un nuovo periodo di chiusura per tutti i teatri. Di seguito i titoli del nostro cartellone coinvolti dai provvedimenti e come comportarsi con i propri biglietti\/abbonamenti.<\/h2>\n<\/div><div class=\"accordian fusion-accordian\" style=\"--awb-border-size:1px;--awb-icon-size:13px;--awb-content-font-size:9px;--awb-icon-alignment:left;--awb-hover-color:#f9f9f9;--awb-border-color:#cccccc;--awb-background-color:#ffffff;--awb-divider-color:#e0dede;--awb-divider-hover-color:#e0dede;--awb-icon-color:#ffffff;--awb-title-color:#34684c;--awb-content-color:#3f3f3f;--awb-icon-box-color:#333333;--awb-toggle-hover-accent-color:#72856c;--awb-title-font-family:&quot;Comfortaa&quot;;--awb-title-font-weight:regular;--awb-title-font-style:normal;--awb-title-font-size:14px;--awb-content-font-family:&quot;Open Sans&quot;;--awb-content-font-style:normal;--awb-content-font-weight:regular;\"><div class=\"panel-group fusion-toggle-icon-boxed\" id=\"accordion-45784-6\"><div class=\"fusion-panel panel-default panel-877801f7134706e7d fusion-toggle-has-divider\"><div class=\"panel-heading\"><h4 class=\"panel-title toggle\" id=\"toggle_877801f7134706e7d\"><a aria-expanded=\"false\" aria-controls=\"877801f7134706e7d\" role=\"button\" data-toggle=\"collapse\" data-parent=\"#accordion-45784-6\" data-target=\"#877801f7134706e7d\" href=\"#877801f7134706e7d\"><span class=\"fusion-toggle-icon-wrapper\" aria-hidden=\"true\"><i class=\"fa-fusion-box active-icon awb-icon-minus\" aria-hidden=\"true\"><\/i><i class=\"fa-fusion-box inactive-icon awb-icon-plus\" aria-hidden=\"true\"><\/i><\/span><span class=\"fusion-toggle-heading\">le informazioni complete<\/span><\/a><\/h4><\/div><div id=\"877801f7134706e7d\" class=\"panel-collapse collapse \" aria-labelledby=\"toggle_877801f7134706e7d\"><div class=\"panel-body toggle-content fusion-clearfix\">\n<p><strong>SONO SOSPESI<\/strong><br \/>\n<strong>Al Teatro Carignano<br \/>\n<\/strong>LA CASA DI BERNARDA ALBA<br \/>\nProgrammato fino all\u20198 novembre 2020<\/p>\n<p>PEACHUM. UN\u2019OPERA DA TRE SOLDI<br \/>\nProgrammato dal 10 al 22 novembre 2020<\/p>\n<p>ALESSANDRO BARICCO LEGGE NOVECENTO<br \/>\nProgrammato dal 24 al 29 novembre 2019<\/p>\n<p><strong>\u00a0<\/strong><\/p>\n<p><strong>Al Teatro Gobetti<br \/>\n<\/strong>I DUE GEMELLI<br \/>\nProgrammato dal 27 ottobre all\u20198 novembre 2020<\/p>\n<p>LA PARRUCCA<br \/>\nProgrammato dal 10 al 15 novembre 2020<\/p>\n<p>I 20 ANNI DI RADIO CLANDESTINA<br \/>\nProgrammato dal 17 al 22 novembre 2020<\/p>\n<p>LA SIGNORINA FELICITA OVVERO LA FELICIT\u00c0<br \/>\nProgrammato dal 24 al 29 novembre 2020<\/p>\n<p>ERA MEGLIO NASCERE TOPI<br \/>\nProgrammato dall\u20191 al 2 dicembre 2020<\/p>\n<p>SIGNORINA, LEI \u00c8 UN MASCHIO O UNA FEMMINA?<br \/>\nsolo la replica del 3 dicembre 2020<\/p>\n<p><strong>Alle Fonderie Limone<br \/>\n<\/strong>MISTERO BUFFO<br \/>\nsolo le repliche dall\u20191 al 3 dicembre 2020<\/p>\n<p>Per questi titoli le possibilit\u00e0 di sostituzione o rimborso sono le seguenti:<\/p>\n<p><strong>BIGLIETTO SINGOLO<br \/>\n<\/strong>Se avete acquistato uno o pi\u00f9 biglietti singoli (ridotto o intero) per uno o pi\u00f9 dei titoli annullati, potrete decidere di sostituirli con uno dei titoli in programma dal 25 novembre 2020 al 10 gennaio 2021 o chiederne il rimborso contattando la nostra biglietteria telefonicamente o via email (orario: luned\u00ec-venerd\u00ec, dalle 12 alle 17)<\/p>\n<p><strong>ABBONAMENTI<br \/>\n<\/strong>Se avevate destinato uno o pi\u00f9 tagliandi del vostro abbonamento ad uno o pi\u00f9 dei titoli annullati, potrete recarvi in biglietteria e richiedere di sostituire quegli spettacoli con qualcuno di quelli in programma dal 4 dicembre 2020 al 10 gennaio 2021, o, se preferite, lasciarlo non assegnato in attesa della presentazione del programma gennaio-giugno 2021. Una volta che avrete tra le mani il nuovo programma, potrete scegliere cosa preferite<\/p>\n<p><strong>DEVO VENIRE PER FORZA IN BIGLIETTERIA?<br \/>\n<\/strong>Gli sportelli della nostra biglietteria al momento sono chiusi al pubblico, ma la nostra operativit\u00e0 non si \u00e8 fermata. Per tutti coloro che hanno acquistato online non \u00e8 necessario svolgere operazioni allo sportello e quindi le vostre richieste potranno essere soddisfatte anche da remoto, per tutti gli altri, invece, faremo tutto il possibile per accogliere le vostre richieste, ma sar\u00e0 indispensabile ricevere via email una scansione o una foto leggibile del vostro biglietto. Vi preghiamo comunque di conservare con cura il biglietto originale in vostro possesso, perch\u00e9, non appena sar\u00e0 possibile riaprire al pubblico, dovremo recuperare il tagliando. I biglietti o i tagliandi che compongono un abbonamento sono documenti fiscali e averli in originale \u00e8 indispensabile poter procedere al loro annullamento. Proprio come accade quando volete effettuare un cambio in negozio: serve lo scontrino! Il biglietto \u00e8 quello scontrino.<\/p>\n<p><strong>NON POSSO SPEDIRE L\u2019ORIGINALE PER POSTA?<br \/>\n<\/strong>Dopo aver contattato la nostra biglietteria telefonicamente o via email e aver dato indicazioni su cosa intendete fare con i biglietti degli spettacoli annullati, se volete, potete inviare gli originali per posta. L\u2019indirizzo al quale spedire il biglietto \u00e8: Fondazione del Teatro Stabile di Torino, via Rossini 12, 10124 Torino \u2013 alla cortese attenzione della Biglietteria.<\/p>\n<\/div><\/div><\/div><\/div><\/div><div class=\"fusion-clearfix\"><\/div><\/div><\/div><div class=\"fusion-layout-column fusion_builder_column fusion-builder-column-6 fusion_builder_column_1_3 1_3 fusion-one-third\" style=\"--awb-bg-size:cover;width:33.333333333333%;width:calc(33.333333333333% - ( ( 4% + 4% ) * 0.33333333333333 ) );margin-right: 4%;\"><div class=\"fusion-column-wrapper fusion-column-has-shadow fusion-flex-column-wrapper-legacy\"><div class=\"fusion-text fusion-text-7\"><h2><strong>COME POSSO AIUTARVI?<\/strong><\/h2>\n<h2>In questo momento di enorme difficolt\u00e0 per tutto il settore culturale, molti di voi ci stanno chiedendo come poterci aiutare. Esistono diversi modi per farlo, che prevedono anche dei vantaggi per chi dona.<\/h2>\n<\/div><div class=\"accordian fusion-accordian\" style=\"--awb-border-size:1px;--awb-icon-size:13px;--awb-content-font-size:9px;--awb-icon-alignment:left;--awb-hover-color:#f9f9f9;--awb-border-color:#cccccc;--awb-background-color:#ffffff;--awb-divider-color:#e0dede;--awb-divider-hover-color:#e0dede;--awb-icon-color:#ffffff;--awb-title-color:#34684c;--awb-content-color:#3f3f3f;--awb-icon-box-color:#333333;--awb-toggle-hover-accent-color:#72856c;--awb-title-font-family:&quot;Comfortaa&quot;;--awb-title-font-weight:regular;--awb-title-font-style:normal;--awb-title-font-size:14px;--awb-content-font-family:&quot;Open Sans&quot;;--awb-content-font-style:normal;--awb-content-font-weight:regular;\"><div class=\"panel-group fusion-toggle-icon-boxed\" id=\"accordion-45784-7\"><div class=\"fusion-panel panel-default panel-342a36a203bf0048c fusion-toggle-has-divider\"><div class=\"panel-heading\"><h4 class=\"panel-title toggle\" id=\"toggle_342a36a203bf0048c\"><a aria-expanded=\"false\" aria-controls=\"342a36a203bf0048c\" role=\"button\" data-toggle=\"collapse\" data-parent=\"#accordion-45784-7\" data-target=\"#342a36a203bf0048c\" href=\"#342a36a203bf0048c\"><span class=\"fusion-toggle-icon-wrapper\" aria-hidden=\"true\"><i class=\"fa-fusion-box active-icon awb-icon-minus\" aria-hidden=\"true\"><\/i><i class=\"fa-fusion-box inactive-icon awb-icon-plus\" aria-hidden=\"true\"><\/i><\/span><span class=\"fusion-toggle-heading\">le informazioni complete<\/span><\/a><\/h4><\/div><div id=\"342a36a203bf0048c\" class=\"panel-collapse collapse \" aria-labelledby=\"toggle_342a36a203bf0048c\"><div class=\"panel-body toggle-content fusion-clearfix\">\n<p><strong>RINUNCIA AL RIMBORSO O ALLA SOSTITUZIONE DEL BIGLIETTO<br \/>\n<\/strong>\u00c8 possibile rinunciare alla sostituzione o al rimborso del biglietto decidendo di donare l\u2019importo al Teatro. In quel caso, baster\u00e0 comunicarlo recandosi in biglietteria o scrivendo una mail all\u2019indirizzo: biglietteria@teatrostabiletorino.it. Vi verr\u00e0 chiesto di compilare un brevissimo modulo.<\/p>\n<p><strong>ART BONUS<br \/>\n<\/strong>Chi sceglie di rinunciare al rimborso o alla sostituzione del biglietto pu\u00f2 recuperare, sotto forma di credito di imposta (uno sconto sulle tasse), il 65% della donazione tramite l\u2019Art Bonus, un incentivo fiscale creato per promuovere della cultura e dello spettacolo. Se si vuole usufruire di questo beneficio \u00e8 sufficiente compilare un modulo che verr\u00e0 fornito dalla biglietteria, che servir\u00e0 poi al momento della dichiarazione dei redditi per certificare la donazione effettuata e usufruire dell\u2019agevolazione fiscale.<\/p>\n<p><strong>DONAZIONE LIBERA<br \/>\n<\/strong>\u00c8 anche possibile fare una donazione libera in favore del Teatro. Anche in questo caso, grazie all\u2019Art Bonus, l\u2019importo della donazione pu\u00f2 essere recuperato per il 65% come credito di imposta. Si pu\u00f2 effettuare la donazione tramite bonifico bancario intestato alla Fondazione del Teatro Stabile di Torino all\u2019iban IT23Z0335901600100000063923, specificando come causale \u201cArt bonus \u2013 Fondazione del Teatro Stabile di Torino \u2013 sostegno all\u2019attivit\u00e0\u201d seguito dal vostro nome e codice fiscale.<\/p>\n<p><strong>GRAZIE!<br \/>\n<\/strong>Ai nostri spettatori e sostenitori va il nostro pi\u00f9 grande ringraziamento per la vicinanza e l\u2019affetto che ci sta arrivando. Ci piacerebbe ringraziare i nostri spettatori che hanno deciso di donare al Teatro l\u2019importo del biglietto, citando il loro nome sul nostro sito. Se per qualche ragione preferite non essere menzionati, potete comunicarcelo scrivendoci una mail.<\/p>\n<p><em>Informazioni aggiornate al 30 ottobre 2020<\/em><\/p>\n<\/div><\/div><\/div><\/div><\/div><div class=\"fusion-clearfix\"><\/div><\/div><\/div><div class=\"fusion-layout-column fusion_builder_column fusion-builder-column-7 fusion_builder_column_1_3 1_3 fusion-one-third fusion-column-last\" style=\"--awb-bg-size:cover;width:33.333333333333%;width:calc(33.333333333333% - ( ( 4% + 4% ) * 0.33333333333333 ) );\"><div class=\"fusion-column-wrapper fusion-column-has-shadow fusion-flex-column-wrapper-legacy\"><div class=\"fusion-text fusion-text-8\"><h2><strong>VOUCHER<\/strong><\/h2>\n<h2>Il sistema di rimborso tramite voucher \u00e8 stato introdotto fin dai primi DPCM a partire da marzo 2020. Nel corso dei mesi di chiusura le modalit\u00e0 e le tempistiche con le quali dovevano essere gestiti i rimborsi sono state modificate e\/o integrate con ulteriori precisazioni e anche noi abbiamo dovuto progressivamente adeguarci. Pertanto, abbiamo pensato che potesse esservi utile riportarvi qui di seguito un riepilogo dello status quo e delle modalit\u00e0 con le quali potrete riscattare i vostri voucher.<\/h2>\n<\/div><div class=\"accordian fusion-accordian\" style=\"--awb-border-size:1px;--awb-icon-size:13px;--awb-content-font-size:9px;--awb-icon-alignment:left;--awb-hover-color:#f9f9f9;--awb-border-color:#cccccc;--awb-background-color:#ffffff;--awb-divider-color:#e0dede;--awb-divider-hover-color:#e0dede;--awb-icon-color:#ffffff;--awb-title-color:#34684c;--awb-content-color:#3f3f3f;--awb-icon-box-color:#333333;--awb-toggle-hover-accent-color:#72856c;--awb-title-font-family:&quot;Comfortaa&quot;;--awb-title-font-weight:regular;--awb-title-font-style:normal;--awb-title-font-size:14px;--awb-content-font-family:&quot;Open Sans&quot;;--awb-content-font-style:normal;--awb-content-font-weight:regular;\"><div class=\"panel-group fusion-toggle-icon-boxed\" id=\"accordion-45784-8\"><div class=\"fusion-panel panel-default panel-0ef9b47c37534c1e0 fusion-toggle-has-divider\"><div class=\"panel-heading\"><h4 class=\"panel-title toggle\" id=\"toggle_0ef9b47c37534c1e0\"><a aria-expanded=\"false\" aria-controls=\"0ef9b47c37534c1e0\" role=\"button\" data-toggle=\"collapse\" data-parent=\"#accordion-45784-8\" data-target=\"#0ef9b47c37534c1e0\" href=\"#0ef9b47c37534c1e0\"><span class=\"fusion-toggle-icon-wrapper\" aria-hidden=\"true\"><i class=\"fa-fusion-box active-icon awb-icon-minus\" aria-hidden=\"true\"><\/i><i class=\"fa-fusion-box inactive-icon awb-icon-plus\" aria-hidden=\"true\"><\/i><\/span><span class=\"fusion-toggle-heading\">le informazioni complete<\/span><\/a><\/h4><\/div><div id=\"0ef9b47c37534c1e0\" class=\"panel-collapse collapse \" aria-labelledby=\"toggle_0ef9b47c37534c1e0\"><div class=\"panel-body toggle-content fusion-clearfix\">\n<p><strong>LE TIPOLOGIE DI VOUCHER<br \/>\n<\/strong>Esistono due tipi di voucher:<\/p>\n<ul>\n<li>Voucher VivaTicket<\/li>\n<li>Voucher emessi direttamente dal Teatro Stabile di Torino<\/li>\n<\/ul>\n<p>I voucher emessi da Vivaticket possono essere riscattati direttamente sul sito di VivaTicket (quando si desidera procedere ad un nuovo acquisto: si effettua la procedura normale di acquisto e in fase di saldo si inserisce il codice alfanumerico indicato sul voucher) o direttamente allo sportello di biglietteria del Teatro Stabile di Torino.<br \/>\n<strong>I voucher emessi dal Teatro Stabile di Torino possono essere riscattati esclusivamente in biglietteria.<\/strong><\/p>\n<p>Il voucher equivale alla cifra spesa per l\u2019acquisto dei biglietti, non al numero dei biglietti acquistati. Se per esempio erano stati acquistati tre biglietti al costo di 15\u20ac l\u2019uno, il voucher avr\u00e0 un valore complessivo di 45\u20ac. Nel momento dell\u2019utilizzo del voucher sar\u00e0 possibile acquistare un numero di biglietti variabile (non per forza tre) in base al costo del singolo biglietto.<\/p>\n<p><strong>DEVO SPENDERE IL VOUCHER TUTTO IN UNA VOLTA?<br \/>\n<\/strong>Non \u00e8 necessario spendere il voucher tutto in una volta, ma si pu\u00f2 gestire come un buono dal quale ogni volta viene scalato l\u2019importo speso: potrete consumarlo un po\u2019 alla volta, in momenti diversi e per importi diversi, fino ad arrivare al suo esaurimento. La durata per\u00f2 rester\u00e0 invariata e verr\u00e0 sempre calcolata a partire dalla data della prima emissione.<\/p>\n<p><strong>E SE IL VOUCHER NON MI BASTA?<br \/>\n<\/strong>I voucher possono essere usati come denaro contante. Se, ad esempio, avete in mente di effettuare una spesa di \u20ac 50, ma il vostro voucher \u00e8 di \u20ac 30, vi baster\u00e0 aggiungere i \u20ac 20 mancanti nel modo che pi\u00f9 preferite (contanti, bancomat, carta di credito, Satispay, ecc.).<\/p>\n<p><strong>ENTRO QUANDO DEVO RISCATTARE IL VOUCHER?<br \/>\n<\/strong>I voucher non hanno tutti la stessa scadenza, perch\u00e9 ogni voucher ha una durata di 18 mesi a partire dalla data di emissione del voucher. Se, per esempio, il vostro voucher \u00e8 stato emesso a maggio 2020, la sua scadenza sar\u00e0 a novembre a 2021.<\/p>\n<p><em>Informazioni aggiornate al 30 ottobre 2020<\/em><\/p>\n<\/div><\/div><\/div><\/div><\/div><div class=\"fusion-clearfix\"><\/div><\/div><\/div><\/div><\/div><\/p>","protected":false},"excerpt":{"rendered":"","protected":false},"author":1,"featured_media":0,"parent":0,"menu_order":0,"comment_status":"closed","ping_status":"closed","template":"100-width.php","meta":{"_acf_changed":false,"footnotes":""},"acf":[],"_links":{"self":[{"href":"https:\/\/www.teatrostabiletorino.it\/en\/wp-json\/wp\/v2\/pages\/45784"}],"collection":[{"href":"https:\/\/www.teatrostabiletorino.it\/en\/wp-json\/wp\/v2\/pages"}],"about":[{"href":"https:\/\/www.teatrostabiletorino.it\/en\/wp-json\/wp\/v2\/types\/page"}],"author":[{"embeddable":true,"href":"https:\/\/www.teatrostabiletorino.it\/en\/wp-json\/wp\/v2\/users\/1"}],"replies":[{"embeddable":true,"href":"https:\/\/www.teatrostabiletorino.it\/en\/wp-json\/wp\/v2\/comments?post=45784"}],"version-history":[{"count":0,"href":"https:\/\/www.teatrostabiletorino.it\/en\/wp-json\/wp\/v2\/pages\/45784\/revisions"}],"wp:attachment":[{"href":"https:\/\/www.teatrostabiletorino.it\/en\/wp-json\/wp\/v2\/media?parent=45784"}],"curies":[{"name":"wp","href":"https:\/\/api.w.org\/{rel}","templated":true}]}}