{"id":45896,"date":"2020-11-05T12:25:59","date_gmt":"2020-11-05T11:25:59","guid":{"rendered":"https:\/\/www.teatrostabiletorino.it\/?page_id=45896"},"modified":"2020-11-10T12:01:48","modified_gmt":"2020-11-10T11:01:48","slug":"rinuncia-al-rimborso-e-sostieni-il-tst","status":"publish","type":"page","link":"https:\/\/www.teatrostabiletorino.it\/en\/rinuncia-al-rimborso-e-sostieni-il-tst\/","title":{"rendered":"Rinuncia al rimborso e sostieni Il TST"},"content":{"rendered":"<p class=\"qtranxs-available-languages-message qtranxs-available-languages-message-en\">Sorry, this entry is only available in <a href=\"https:\/\/www.teatrostabiletorino.it\/it\/wp-json\/wp\/v2\/pages\/45896\" class=\"qtranxs-available-language-link qtranxs-available-language-link-it\" title=\"Italiano\">Italiano<\/a>.<\/p><p><div class=\"fusion-fullwidth fullwidth-box fusion-builder-row-1 nonhundred-percent-fullwidth non-hundred-percent-height-scrolling\" style=\"--awb-border-radius-top-left:0px;--awb-border-radius-top-right:0px;--awb-border-radius-bottom-right:0px;--awb-border-radius-bottom-left:0px;--awb-flex-wrap:wrap;\" ><div class=\"fusion-builder-row fusion-row\"><div class=\"fusion-layout-column fusion_builder_column fusion-builder-column-0 fusion_builder_column_3_4 3_4 fusion-three-fourth fusion-column-first\" style=\"--awb-bg-size:cover;--awb-margin-bottom:0px;width:74%; margin-right: 4%;\"><div class=\"fusion-column-wrapper fusion-flex-column-wrapper-legacy\"><div class=\"fusion-text fusion-text-1\"><h2>In questo momento di enorme difficolt\u00e0 per tutto il settore culturale, molti di voi ci stanno chiedendo come poterci aiutare. \u00c8 possibile rinunciare alla sostituzione o al rimborso del biglietto e donare l\u2019importo al Teatro. Per beneficiare di questa agevolazione fiscale \u00e8 sufficiente comunicarlo via mail all\u2019indirizzo biglietteria@teatrostabiletorino.it e compilare il modulo che verr\u00e0 fornito.<\/h2>\n<p><strong>Art Bonus<\/strong><\/p>\n<p>La rinuncia al rimborso del biglietto prevede dei vantaggi fiscali: chi sceglie di farlo pu\u00f2 recuperare, sotto forma di credito di imposta (uno sconto sulle tasse), il 65% dell\u2019importo tramite l\u2019Art Bonus, un incentivo fiscale creato per promuovere le donazioni a favore della cultura e dello spettacolo. Se si vuole usufruire di questo beneficio \u00e8 sufficiente compilare un modulo che verr\u00e0 fornito dalla biglietteria, che servir\u00e0 poi al momento della dichiarazione dei redditi per certificare la donazione effettuata e usufruire del bonus.<\/p>\n<\/div><div class=\"fusion-clearfix\"><\/div><\/div><\/div><div class=\"fusion-layout-column fusion_builder_column fusion-builder-column-1 fusion_builder_column_1_4 1_4 fusion-one-fourth fusion-column-last\" style=\"--awb-bg-size:cover;--awb-margin-bottom:0px;width:22%;\"><div class=\"fusion-column-wrapper fusion-flex-column-wrapper-legacy\"><div class=\"fusion-text fusion-text-2\"><p><strong>GRAZIE!<br \/>\n<\/strong>Ai nostri spettatori e sostenitori va il nostro pi\u00f9 grande ringraziamento per la vicinanza e l\u2019affetto che ci sta arrivando. Vogliamo ringraziare i nostri donatori citando il <a href=\"https:\/\/www.teatrostabiletorino.it\/grazie\/\"><strong>loro nome sul nostro sito<\/strong><\/a>.<\/p>\n<hr \/>\n<h2>Vedi anche<\/h2>\n<h2>\u00bb <a href=\"https:\/\/www.teatrostabiletorino.it\/5x1000\/\">5X1000<\/a><br \/>\n\u00bb <a href=\"https:\/\/www.teatrostabiletorino.it\/art-bonus\/\" rel=\"noopener\">Art Bonus<\/a><\/h2>\n<\/div><div class=\"fusion-clearfix\"><\/div><\/div><\/div><\/div><\/div><\/p>","protected":false},"excerpt":{"rendered":"","protected":false},"author":1,"featured_media":0,"parent":0,"menu_order":0,"comment_status":"closed","ping_status":"closed","template":"100-width.php","meta":{"_acf_changed":false,"footnotes":""},"acf":[],"_links":{"self":[{"href":"https:\/\/www.teatrostabiletorino.it\/en\/wp-json\/wp\/v2\/pages\/45896"}],"collection":[{"href":"https:\/\/www.teatrostabiletorino.it\/en\/wp-json\/wp\/v2\/pages"}],"about":[{"href":"https:\/\/www.teatrostabiletorino.it\/en\/wp-json\/wp\/v2\/types\/page"}],"author":[{"embeddable":true,"href":"https:\/\/www.teatrostabiletorino.it\/en\/wp-json\/wp\/v2\/users\/1"}],"replies":[{"embeddable":true,"href":"https:\/\/www.teatrostabiletorino.it\/en\/wp-json\/wp\/v2\/comments?post=45896"}],"version-history":[{"count":0,"href":"https:\/\/www.teatrostabiletorino.it\/en\/wp-json\/wp\/v2\/pages\/45896\/revisions"}],"wp:attachment":[{"href":"https:\/\/www.teatrostabiletorino.it\/en\/wp-json\/wp\/v2\/media?parent=45896"}],"curies":[{"name":"wp","href":"https:\/\/api.w.org\/{rel}","templated":true}]}}