{"id":45902,"date":"2020-11-05T13:22:58","date_gmt":"2020-11-05T12:22:58","guid":{"rendered":"https:\/\/www.teatrostabiletorino.it\/?page_id=45902"},"modified":"2020-11-12T14:54:47","modified_gmt":"2020-11-12T13:54:47","slug":"sostienici","status":"publish","type":"page","link":"https:\/\/www.teatrostabiletorino.it\/en\/sostienici\/","title":{"rendered":"Sostienici"},"content":{"rendered":"<p class=\"qtranxs-available-languages-message qtranxs-available-languages-message-en\">Sorry, this entry is only available in <a href=\"https:\/\/www.teatrostabiletorino.it\/it\/wp-json\/wp\/v2\/pages\/45902\" class=\"qtranxs-available-language-link qtranxs-available-language-link-it\" title=\"Italiano\">Italiano<\/a>.<\/p><p><div class=\"fusion-fullwidth fullwidth-box fusion-builder-row-1 nonhundred-percent-fullwidth non-hundred-percent-height-scrolling\" style=\"--awb-border-radius-top-left:0px;--awb-border-radius-top-right:0px;--awb-border-radius-bottom-right:0px;--awb-border-radius-bottom-left:0px;--awb-flex-wrap:wrap;\" ><div class=\"fusion-builder-row fusion-row\"><div class=\"fusion-layout-column fusion_builder_column fusion-builder-column-0 fusion_builder_column_1_1 1_1 fusion-one-full fusion-column-first fusion-column-last fusion-column-inner-bg-wrapper\" style=\"--awb-inner-bg-size:cover;\"><span class=\"fusion-column-inner-bg hover-type-zoomin\"><span class=\"fusion-column-anchor\"><span class=\"fusion-column-inner-bg-image\"><\/span><\/span><\/span><div class=\"fusion-column-wrapper fusion-column-has-shadow fusion-flex-column-wrapper-legacy\"><div class=\"fusion-text fusion-text-1 fusion-animated\" data-animationType=\"fadeInDown\" data-animationDuration=\"0.2\" data-animationOffset=\"top-into-view\"><h1 style=\"text-align: center;\"><span data-offset-key=\"jenq-0-0\">In questo momento di difficolt\u00e0 per tutto il <\/span><span class=\"diy96o5h\"><span data-offset-key=\"jenq-1-0\">#settoreculturale<\/span><\/span><span data-offset-key=\"jenq-2-0\">, in tanti avete chiesto come poterci aiutare.<br \/>\nCi sono molti modi per restare <\/span><span class=\"diy96o5h\"><span data-offset-key=\"jenq-3-0\">#vicini<\/span><\/span><span data-offset-key=\"jenq-4-0\"> e, a volte, distanziamento pu\u00f2 anche significare prossimit\u00e0.<br \/>\nEcco cosa si pu\u00f2 fare e quali sono i vantaggi per chi dona.<\/span><\/h1>\n<\/div><div class=\"fusion-section-separator section-separator slant fusion-section-separator-1\" style=\"--awb-spacer-height:99px;--awb-svg-margin-left:0;--awb-svg-margin-right:0;--awb-divider-height:99px;--awb-spacer-padding-top:inherit;--awb-sep-padding:0;--awb-svg-padding:0;\"><div class=\"fusion-section-separator-svg\"><svg class=\"fusion-slant-candy\" xmlns=\"http:\/\/www.w3.org\/2000\/svg\" version=\"1.1\" width=\"100%\" height=\"100\" viewBox=\"0 0 100 100\" preserveAspectRatio=\"none\" fill=\"rgba(246,246,246,1)\"><path d=\"M100 0 L100 100 L0 0 Z\"><\/path><\/svg><\/div><div class=\"fusion-section-separator-spacer\"><div class=\"fusion-section-separator-spacer-height\"><\/div><\/div><\/div><div class=\"fusion-clearfix\"><\/div><\/div><\/div><div class=\"fusion-layout-column fusion_builder_column fusion-builder-column-1 fusion_builder_column_1_2 1_2 fusion-one-half fusion-column-first\" style=\"--awb-bg-size:cover;width:50%;width:calc(50% - ( ( 4% ) * 0.5 ) );margin-right: 4%;\"><div class=\"fusion-column-wrapper fusion-column-has-shadow fusion-flex-column-wrapper-legacy\"><div class=\"fusion-text fusion-text-2\"><h1 data-fontsize=\"14\" data-lineheight=\"18.0667px\">ART BONUS<\/h1>\n<h2 class=\"fusion-responsive-typography-calculated\" data-fontsize=\"14\" data-lineheight=\"18.0667px\">L\u2019Art Bonus \u00e8 uno strumento che favorisce le erogazioni liberali a sostegno della cultura, istituito in Italia nel 2014. Si tratta di un\u2019agevolazione fiscale che permette di recuperare il 65% della donazione nella forma di un credito d\u2019imposta, distribuito in tre quote di pari entit\u00e0 nell\u2019arco di tre anni.<\/h2>\n<p>Ad esempio, in una donazione di 100\u20ac la spesa effettiva \u00e8 di 35\u20ac, perch\u00e9 65\u20ac verranno recuperati come credito di imposta nell\u2019arco di tre anni.<\/p>\n<\/div><div class=\"fusion-button-wrapper\"><a class=\"fusion-button button-flat fusion-button-default-size button-default fusion-button-default button-1 fusion-button-default-span fusion-button-default-type\" target=\"_self\" href=\"https:\/\/www.teatrostabiletorino.it\/art-bonus\/\"><span class=\"fusion-button-text awb-button__text awb-button__text--default\">maggiori informazioni \u00bb<\/span><\/a><\/div><div class=\"fusion-clearfix\"><\/div><\/div><\/div><div class=\"fusion-layout-column fusion_builder_column fusion-builder-column-2 fusion_builder_column_1_2 1_2 fusion-one-half fusion-column-last\" style=\"--awb-bg-size:cover;width:50%;width:calc(50% - ( ( 4% ) * 0.5 ) );\"><div class=\"fusion-column-wrapper fusion-column-has-shadow fusion-flex-column-wrapper-legacy\"><div class=\"fusion-text fusion-text-3\"><h1>RINUNCIA ALLA SOSTITUZIONE O AL RIMBORSO<\/h1>\n<h2>\u00c8 possibile rinunciare alla sostituzione o al rimborso del biglietto e donare l\u2019importo al Teatro. Baster\u00e0 comunicarlo alla biglietteria scrivendo una mail all\u2019indirizzo: <a href=\"mailto:biglietteria@teatrostabiletorino.it\">biglietteria@teatrostabiletorino.it <\/a><\/h2>\n<p>La rinuncia al rimborso del biglietto prevede dei vantaggi fiscali: chi sceglie di farlo pu\u00f2 recuperare, sotto forma di credito di imposta (uno sconto sulle tasse), il 65% dell\u2019importo tramite l\u2019Art Bonus, un incentivo fiscale creato per promuovere le donazioni a favore della cultura e dello spettacolo. Se si vuole usufruire di questo beneficio \u00e8 sufficiente compilare un modulo che verr\u00e0 fornito dalla biglietteria, che servir\u00e0 poi al momento della dichiarazione dei redditi per certificare la donazione effettuata e usufruire del bonus.<\/p>\n<\/div><div class=\"fusion-button-wrapper\"><a class=\"fusion-button button-flat fusion-button-default-size button-default fusion-button-default button-2 fusion-button-default-span fusion-button-default-type\" target=\"_self\" href=\"https:\/\/www.teatrostabiletorino.it\/rinuncia-al-rimborso-e-sostieni-il-tst\/\"><span class=\"fusion-button-text awb-button__text awb-button__text--default\">maggiori informazioni \u00bb<\/span><\/a><\/div><div class=\"fusion-clearfix\"><\/div><\/div><\/div><div class=\"fusion-layout-column fusion_builder_column fusion-builder-column-3 fusion_builder_column_1_1 1_1 fusion-one-full fusion-column-first fusion-column-last\" style=\"--awb-bg-size:cover;\"><div class=\"fusion-column-wrapper fusion-column-has-shadow fusion-flex-column-wrapper-legacy\"><div class=\"fusion-section-separator section-separator slant fusion-section-separator-2\" style=\"--awb-spacer-height:99px;--awb-svg-margin-left:0;--awb-svg-margin-right:0;--awb-divider-height:99px;--awb-spacer-padding-top:inherit;--awb-sep-padding:0;--awb-svg-padding:0;\"><div class=\"fusion-section-separator-svg\"><svg class=\"fusion-slant-candy\" xmlns=\"http:\/\/www.w3.org\/2000\/svg\" version=\"1.1\" width=\"100%\" height=\"100\" viewBox=\"0 0 100 100\" preserveAspectRatio=\"none\" fill=\"rgba(246,246,246,1)\"><path d=\"M0 100 L0 0 L100 0 Z\"><\/path><\/svg><\/div><div class=\"fusion-section-separator-spacer\"><div class=\"fusion-section-separator-spacer-height\"><\/div><\/div><\/div><div class=\"fusion-text fusion-text-4\"><h1 class=\"fusion-responsive-typography-calculated\" style=\"text-align: center;\" data-fontsize=\"14\" data-lineheight=\"18.0667px\">Ai nostri spettatori e sostenitori va il nostro pi\u00f9 grande ringraziamento per la vicinanza e l\u2019affetto che ci sta arrivando. Vogliamo ringraziare i nostri donatori citando il <a href=\"https:\/\/www.teatrostabiletorino.it\/grazie\/\"><strong>loro nome sul nostro sito<\/strong><\/a>.<\/h1>\n<\/div><div class=\"fusion-clearfix\"><\/div><\/div><\/div><\/div><\/div><\/p>","protected":false},"excerpt":{"rendered":"","protected":false},"author":1,"featured_media":0,"parent":0,"menu_order":0,"comment_status":"closed","ping_status":"closed","template":"100-width.php","meta":{"_acf_changed":false,"footnotes":""},"acf":[],"_links":{"self":[{"href":"https:\/\/www.teatrostabiletorino.it\/en\/wp-json\/wp\/v2\/pages\/45902"}],"collection":[{"href":"https:\/\/www.teatrostabiletorino.it\/en\/wp-json\/wp\/v2\/pages"}],"about":[{"href":"https:\/\/www.teatrostabiletorino.it\/en\/wp-json\/wp\/v2\/types\/page"}],"author":[{"embeddable":true,"href":"https:\/\/www.teatrostabiletorino.it\/en\/wp-json\/wp\/v2\/users\/1"}],"replies":[{"embeddable":true,"href":"https:\/\/www.teatrostabiletorino.it\/en\/wp-json\/wp\/v2\/comments?post=45902"}],"version-history":[{"count":0,"href":"https:\/\/www.teatrostabiletorino.it\/en\/wp-json\/wp\/v2\/pages\/45902\/revisions"}],"wp:attachment":[{"href":"https:\/\/www.teatrostabiletorino.it\/en\/wp-json\/wp\/v2\/media?parent=45902"}],"curies":[{"name":"wp","href":"https:\/\/api.w.org\/{rel}","templated":true}]}}