{"id":47015,"date":"2021-01-18T11:08:09","date_gmt":"2021-01-18T10:08:09","guid":{"rendered":"https:\/\/www.teatrostabiletorino.it\/?page_id=47015"},"modified":"2021-03-05T13:06:13","modified_gmt":"2021-03-05T12:06:13","slug":"camerenascoste","status":"publish","type":"page","link":"https:\/\/www.teatrostabiletorino.it\/en\/camerenascoste\/","title":{"rendered":"Camere nascoste"},"content":{"rendered":"<p class=\"qtranxs-available-languages-message qtranxs-available-languages-message-en\">Sorry, this entry is only available in <a href=\"https:\/\/www.teatrostabiletorino.it\/it\/wp-json\/wp\/v2\/pages\/47015\" class=\"qtranxs-available-language-link qtranxs-available-language-link-it\" title=\"Italiano\">Italiano<\/a>.<\/p><p><div class=\"fusion-fullwidth fullwidth-box fusion-builder-row-1 nonhundred-percent-fullwidth non-hundred-percent-height-scrolling\" style=\"--awb-border-radius-top-left:0px;--awb-border-radius-top-right:0px;--awb-border-radius-bottom-right:0px;--awb-border-radius-bottom-left:0px;--awb-flex-wrap:wrap;\" ><div class=\"fusion-builder-row fusion-row\"><div class=\"fusion-layout-column fusion_builder_column fusion-builder-column-0 fusion_builder_column_1_1 1_1 fusion-one-full fusion-column-first fusion-column-last\" style=\"--awb-bg-size:cover;\"><div class=\"fusion-column-wrapper fusion-column-has-shadow fusion-flex-column-wrapper-legacy\"><div class=\"fusion-image-element fusion-image-align-center in-legacy-container\" style=\"text-align:center;--awb-caption-title-font-family:var(--h2_typography-font-family);--awb-caption-title-font-weight:var(--h2_typography-font-weight);--awb-caption-title-font-style:var(--h2_typography-font-style);--awb-caption-title-size:var(--h2_typography-font-size);--awb-caption-title-transform:var(--h2_typography-text-transform);--awb-caption-title-line-height:var(--h2_typography-line-height);--awb-caption-title-letter-spacing:var(--h2_typography-letter-spacing);\"><div class=\"imageframe-align-center\"><span class=\" fusion-imageframe imageframe-none imageframe-1 hover-type-none\"><img decoding=\"async\" width=\"678\" height=\"115\" title=\"Senza-titolo-1\" src=\"https:\/\/www.teatrostabiletorino.it\/wp-content\/uploads\/2021\/01\/Senza-titolo-1.jpg\" data-orig-src=\"http:\/\/www.teatrostabiletorino.it\/wp-content\/uploads\/2021\/01\/Senza-titolo-1.jpg\" alt class=\"lazyload img-responsive wp-image-47016\" srcset=\"data:image\/svg+xml,%3Csvg%20xmlns%3D%27http%3A%2F%2Fwww.w3.org%2F2000%2Fsvg%27%20width%3D%27678%27%20height%3D%27115%27%20viewBox%3D%270%200%20678%20115%27%3E%3Crect%20width%3D%27678%27%20height%3D%27115%27%20fill-opacity%3D%220%22%2F%3E%3C%2Fsvg%3E\" data-srcset=\"https:\/\/www.teatrostabiletorino.it\/wp-content\/uploads\/2021\/01\/Senza-titolo-1-200x34.jpg 200w, https:\/\/www.teatrostabiletorino.it\/wp-content\/uploads\/2021\/01\/Senza-titolo-1-400x68.jpg 400w, https:\/\/www.teatrostabiletorino.it\/wp-content\/uploads\/2021\/01\/Senza-titolo-1-600x102.jpg 600w, https:\/\/www.teatrostabiletorino.it\/wp-content\/uploads\/2021\/01\/Senza-titolo-1.jpg 678w\" data-sizes=\"auto\" data-orig-sizes=\"(max-width: 800px) 100vw, 678px\" \/><\/span><\/div><\/div><div class=\"fusion-sep-clear\"><\/div><div class=\"fusion-separator fusion-full-width-sep\" style=\"margin-left: auto;margin-right: auto;margin-top:10px;margin-bottom:10px;width:100%;\"><\/div><div class=\"fusion-sep-clear\"><\/div><div class=\"fusion-text fusion-text-1\"><p style=\"text-align: justify;\">Il <strong>Teatro Stabile di Torino <\/strong>ha deciso di realizzare il progetto <strong>CAMERE NASCOSTE. Svelare il teatro a porte chiuse, <\/strong>un progetto video che vede la realizzazione di tre docufilm curati dal regista e videomaker <strong>Lucio Fiorentino<\/strong> per raccontare al pubblico quello che sta accadendo sulla scena e nei teatri attualmente chiusi agli spettatori. Dopo l\u2019accoglienza positiva di <em>Una terrible repetici\u00f3n<\/em> su <em>La casa di Bernarda Alba <\/em>di Federico Garc\u00eda Lorca, spettacolo diretto da Leonardo Lidi, il Teatro Stabile prosegue su questa linea e nell\u2019ambito di <em>CAMERE NASCOSTE. Svelare il teatro a porte chiuse<\/em> propone al pubblico <strong>tre docufilm prodotti dallo Stabile<\/strong> e realizzati in questi mesi di distanza forzata dal pubblico, quando a porte chiuse il lavoro del TST e degli artisti \u00e8 proseguito con continuit\u00e0. Questo progetto, in un momento in cui le sale continuano ad essere inaccessibili agli spettatori, testimonia in modo tangibile come il Teatro Stabile non abbia fermato le proprie attivit\u00e0 e permetta agli spettatori di vivere insieme ad attori, registi e alle maestranze tecniche e artistiche le sensazioni che precedono la messa in scena di questi spettacoli, mettendo in luce emozioni e pensieri di chi \u00e8 temporaneamente lontano dalla ribalta, in un mestiere che fa del rapporto con chi assiste in sala il suo nucleo fondante.<\/p>\n<\/div><div class=\"fusion-clearfix\"><\/div><\/div><\/div><div class=\"fusion-layout-column fusion_builder_column fusion-builder-column-1 fusion_builder_column_1_2 1_2 fusion-one-half fusion-column-first\" style=\"--awb-bg-size:cover;width:50%;width:calc(50% - ( ( 4% ) * 0.5 ) );margin-right: 4%;\"><div class=\"fusion-column-wrapper fusion-column-has-shadow fusion-flex-column-wrapper-legacy\"><div class=\"fusion-text fusion-text-2\"><p><strong>D<\/strong><strong>OV\u2019\u00c8 FINITA LA NORMALIT\u00c0? <\/strong>Documentario realizzato durante l&#8217;allestimento e le prove di <em>The Spank <\/em>di Hanif Kureishi, che vedr\u00e0 protagonisti Filippo Dini e Valerio Binasco, diretti dello stesso Dini. Lo spettacolo, che doveva debuttare in prima mondiale l\u20198 dicembre 2020, verr\u00e0 riprogrammato nel corso del 2021. In <em>The Spank<\/em> scritto da Hanif Kureishi, scrittore e drammaturgo di fama internazionale, Valerio Binasco e Filippo Dini interpretano due amici profondamente diversi, ma legati da un solido affetto reciproco, una dimensione di complicit\u00e0 che si incrina improvvisamente, mettendo in luce contraddizioni e divergenze dagli esiti inimmaginabili.<br \/>\n<strong>Disponibile online dal 22 gennaio 2021, ore 18.30 <\/strong><\/p>\n<\/div><div class=\"fusion-clearfix\"><\/div><\/div><\/div><div class=\"fusion-layout-column fusion_builder_column fusion-builder-column-2 fusion_builder_column_1_2 1_2 fusion-one-half fusion-column-last\" style=\"--awb-bg-size:cover;width:50%;width:calc(50% - ( ( 4% ) * 0.5 ) );\"><div class=\"fusion-column-wrapper fusion-column-has-shadow fusion-flex-column-wrapper-legacy\"><div class=\"fusion-video fusion-youtube\" style=\"--awb-max-width:600px;--awb-max-height:360px;\"><div class=\"video-shortcode\"><div class=\"fluid-width-video-wrapper\" style=\"padding-top:60%;\" ><iframe title=\"YouTube video player 1\" src=\"https:\/\/www.youtube.com\/embed\/bNonsj2MySU?wmode=transparent&autoplay=0&oida=1\" width=\"600\" height=\"360\" allowfullscreen allow=\"autoplay; clipboard-write; encrypted-media; gyroscope; picture-in-picture;\"><\/iframe><\/div><\/div><\/div><div class=\"fusion-clearfix\"><\/div><\/div><\/div><div class=\"fusion-layout-column fusion_builder_column fusion-builder-column-3 fusion_builder_column_1_2 1_2 fusion-one-half fusion-column-first\" style=\"--awb-bg-size:cover;width:50%;width:calc(50% - ( ( 4% ) * 0.5 ) );margin-right: 4%;\"><div class=\"fusion-column-wrapper fusion-column-has-shadow fusion-flex-column-wrapper-legacy\"><div class=\"fusion-text fusion-text-3\"><p><strong>IL FANTASMA DELLA VERIT\u00c0<\/strong> \u00e8 il secondo contributo video del progetto ed \u00e8 dedicato a <em>Cos\u00ec \u00e8 (se vi pare)<\/em> di Luigi Pirandello, con la regia di Filippo Dini. Lo spettacolo, che doveva debuttare durante le feste di fine anno, \u00e8 stato trasmesso in streaming nello stesso periodo con un ottimo riscontro di visualizzazioni. Con la messa online del docufilm dal titolo <em>Il fantasma della verit\u00e0 <\/em>sar\u00e0 possibile scoprire il dietro le quinte della messa in scena e seguire le interviste ai suoi protagonisti. D<strong>isponibile online dal 12 febbraio 2021 ore 18.30<\/strong><\/p>\n<\/div><div class=\"fusion-clearfix\"><\/div><\/div><\/div><div class=\"fusion-layout-column fusion_builder_column fusion-builder-column-4 fusion_builder_column_1_2 1_2 fusion-one-half fusion-column-last\" style=\"--awb-bg-size:cover;width:50%;width:calc(50% - ( ( 4% ) * 0.5 ) );\"><div class=\"fusion-column-wrapper fusion-column-has-shadow fusion-flex-column-wrapper-legacy\"><div class=\"fusion-video fusion-youtube\" style=\"--awb-max-width:600px;--awb-max-height:360px;\"><div class=\"video-shortcode\"><div class=\"fluid-width-video-wrapper\" style=\"padding-top:60%;\" ><iframe title=\"YouTube video player 2\" src=\"https:\/\/www.youtube.com\/embed\/x41rcqwOyIk?wmode=transparent&autoplay=0&oida=1\" width=\"600\" height=\"360\" allowfullscreen allow=\"autoplay; clipboard-write; encrypted-media; gyroscope; picture-in-picture;\"><\/iframe><\/div><\/div><\/div><div class=\"fusion-clearfix\"><\/div><\/div><\/div><div class=\"fusion-layout-column fusion_builder_column fusion-builder-column-5 fusion_builder_column_1_2 1_2 fusion-one-half fusion-column-first\" style=\"--awb-bg-size:cover;width:50%;width:calc(50% - ( ( 4% ) * 0.5 ) );margin-right: 4%;\"><div class=\"fusion-column-wrapper fusion-column-has-shadow fusion-flex-column-wrapper-legacy\"><div class=\"fusion-text fusion-text-4\"><p><strong>LE BESTIE<\/strong> realizzato su <em>Il piacere dell\u2019onest\u00e0<\/em>, nuova produzione del TST diretta e interpretata dal Direttore artistico dello Stabile, Valerio Binasco, sar\u00e0 il terzo docufilm del progetto. Un\u2019opportunit\u00e0 per seguire le tappe di questo lavoro attraverso le riprese delle prove dello spettacolo che si stanno svolgendo nel mese di gennaio al Teatro Carignano. Il debutto de <em>Il piacere dell\u2019onest\u00e0<\/em> di Luigi Pirandello verr\u00e0 programmato nel corso del 2021, ma prima potremo avvicinarci allo spettacolo attraverso questo contributo video.<br \/>\n<strong>Disponibile online,<\/strong> <strong>a partire dal 5 marzo 2021 alle ore 18.30<br \/>\n<span style=\"color: #fa023c;\">GUARDA IL TRAILER<\/span><br \/>\n<\/strong><\/p>\n<p><strong>\u00a0<\/strong><\/p>\n<\/div><div class=\"fusion-clearfix\"><\/div><\/div><\/div><div class=\"fusion-layout-column fusion_builder_column fusion-builder-column-6 fusion_builder_column_1_2 1_2 fusion-one-half fusion-column-last\" style=\"--awb-bg-size:cover;width:50%;width:calc(50% - ( ( 4% ) * 0.5 ) );\"><div class=\"fusion-column-wrapper fusion-column-has-shadow fusion-flex-column-wrapper-legacy\"><div class=\"fusion-video fusion-youtube\" style=\"--awb-max-width:600px;--awb-max-height:360px;\"><div class=\"video-shortcode\"><div class=\"fluid-width-video-wrapper\" style=\"padding-top:60%;\" ><iframe title=\"YouTube video player 3\" src=\"https:\/\/www.youtube.com\/embed\/o6xt_v4YVu0?wmode=transparent&autoplay=0&oida=1\" width=\"600\" height=\"360\" allowfullscreen allow=\"autoplay; clipboard-write; encrypted-media; gyroscope; picture-in-picture;\"><\/iframe><\/div><\/div><\/div><div class=\"fusion-clearfix\"><\/div><\/div><\/div><\/div><\/div><\/p>","protected":false},"excerpt":{"rendered":"","protected":false},"author":1,"featured_media":0,"parent":0,"menu_order":0,"comment_status":"closed","ping_status":"closed","template":"100-width.php","meta":{"_acf_changed":false,"footnotes":""},"acf":[],"_links":{"self":[{"href":"https:\/\/www.teatrostabiletorino.it\/en\/wp-json\/wp\/v2\/pages\/47015"}],"collection":[{"href":"https:\/\/www.teatrostabiletorino.it\/en\/wp-json\/wp\/v2\/pages"}],"about":[{"href":"https:\/\/www.teatrostabiletorino.it\/en\/wp-json\/wp\/v2\/types\/page"}],"author":[{"embeddable":true,"href":"https:\/\/www.teatrostabiletorino.it\/en\/wp-json\/wp\/v2\/users\/1"}],"replies":[{"embeddable":true,"href":"https:\/\/www.teatrostabiletorino.it\/en\/wp-json\/wp\/v2\/comments?post=47015"}],"version-history":[{"count":0,"href":"https:\/\/www.teatrostabiletorino.it\/en\/wp-json\/wp\/v2\/pages\/47015\/revisions"}],"wp:attachment":[{"href":"https:\/\/www.teatrostabiletorino.it\/en\/wp-json\/wp\/v2\/media?parent=47015"}],"curies":[{"name":"wp","href":"https:\/\/api.w.org\/{rel}","templated":true}]}}