{"id":47502,"date":"2021-04-06T16:43:35","date_gmt":"2021-04-06T14:43:35","guid":{"rendered":"https:\/\/www.teatrostabiletorino.it\/?page_id=47502"},"modified":"2021-04-07T15:43:33","modified_gmt":"2021-04-07T13:43:33","slug":"laboratorio-alta-formazione","status":"publish","type":"page","link":"https:\/\/www.teatrostabiletorino.it\/en\/laboratorio-alta-formazione\/","title":{"rendered":"Laboratorio Alta Formazione"},"content":{"rendered":"<p class=\"qtranxs-available-languages-message qtranxs-available-languages-message-en\">Sorry, this entry is only available in <a href=\"https:\/\/www.teatrostabiletorino.it\/it\/wp-json\/wp\/v2\/pages\/47502\" class=\"qtranxs-available-language-link qtranxs-available-language-link-it\" title=\"Italiano\">Italiano<\/a>.<\/p><p><div class=\"fusion-fullwidth fullwidth-box fusion-builder-row-1 nonhundred-percent-fullwidth non-hundred-percent-height-scrolling\" style=\"--awb-border-radius-top-left:0px;--awb-border-radius-top-right:0px;--awb-border-radius-bottom-right:0px;--awb-border-radius-bottom-left:0px;--awb-flex-wrap:wrap;\" ><div class=\"fusion-builder-row fusion-row\"><div class=\"fusion-layout-column fusion_builder_column fusion-builder-column-0 fusion_builder_column_3_4 3_4 fusion-three-fourth fusion-column-first\" style=\"--awb-bg-size:cover;width:75%;width:calc(75% - ( ( 4% ) * 0.75 ) );margin-right: 4%;\"><div class=\"fusion-column-wrapper fusion-column-has-shadow fusion-flex-column-wrapper-legacy\"><div class=\"fusion-text fusion-text-1\"><h2><strong>Recitazione, ovvero il gioco della verit\u00e0<\/strong><\/h2>\n<p style=\"text-align: justify;\">Dal 20 al 29 aprile la Fondazione del Teatro Stabile di Torino, grazie alle <strong>borse di studio finanziate dai Rotary Club del distretto 2031 Gruppo TO5<\/strong> (Chivasso, Chieri, Settimo T.se, Torino Est, Torino Nordest), \u00a0promuove un laboratorio di alta formazione professionale tenuto dal direttore artistico Valerio Binasco dal titolo <em>Recitazione, ovvero il gioco della verit\u00e0<\/em>. Un\u2019occasione per lavorare intensamente sui problemi individuali, che in alcuni casi ostacolano l\u2019espressivit\u00e0 degli attori, e sulla ricerca di una maggiore consapevolezza dei punti di \u2018forza\u2019 di ciascun interprete.<\/p>\n<h2>Il workshop \u00e8 destinato ad attrici e attori, prioritariamente under35, residenti o domiciliati nella Citt\u00e0 Metropolitana di Torino, con particolare preferenza per i professionisti provenienti dalle compagnie sostenute da Torino Arti Performative nel triennio 2018-2020.<\/h2>\n<p><strong>Per candidarsi occorrer\u00e0 inviare una email con oggetto <span style=\"color: #fa0223;\">&#8220;Candidatura partecipante lab. aprile 2021&#8221;<\/span> all\u2019indirizzo <a href=\"mailto:info@teatrostabiletorino.it\">info@teatrostabiletorino.it<\/a> entro le ore 12.00 del giorno 13 aprile 2021 con allegati i seguenti materiali:<\/strong><\/p>\n<ol>\n<li>curriculum aggiornato;<\/li>\n<li>breve lettera motivazionale;<\/li>\n<li>una fotografia a figura intera una fotografia in primo piano;<\/li>\n<li>link ad un eventuale showreel;<\/li>\n<li>elenco dei testi a memoria;<\/li>\n<\/ol>\n<hr \/>\n<p style=\"text-align: justify;\"><strong>Gli 8 prescelti verranno scritturati dal Teatro Stabile di Torino (75 euro lordo artista\/giorno) \u00a0per tutta la durata del laboratorio e lavoreranno tutti i giorni dalle ore 14 alle ore 19, sul palcoscenico del Teatro Carignano.<\/strong> I partecipanti dovranno presentarsi al laboratorio con uno o pi\u00f9 brani a memoria &#8211; la scelta del repertorio \u00e8 totalmente libera &#8211; e portare con s\u00e9 il necessario per un trucco teatrale di base, le musiche necessarie ad accompagnare i testi preparati ed eventuali elementi di attrezzeria specifici. Il workshop sar\u00e0 inoltre <strong>aperto a 12 uditori,<\/strong> per i quali non sono previsti limiti di et\u00e0 o di ruolo: potranno candidarsi in veste di uditori registi, autori, scenografi ecc., ma dovranno garantire la propria presenza per tutta la durata dal laboratorio. A discrezione di Valerio Binasco, gli uditori potranno essere chiamati a partecipare e\/o contribuire al lavoro svolto in scena.<\/p>\n<p style=\"text-align: justify;\"><strong>Per candidarsi occorrer\u00e0 inviare una email con oggetto <span style=\"color: #fa0223;\">&#8220;Candidatura uditore lab. aprile 2021&#8221;<\/span> <\/strong><br \/>\n<strong>all\u2019indirizzo <a href=\"mailto:info@teatrostabiletorino.it\">info@teatrostabiletorino.it<\/a> entro le ore 12.00 del giorno 13 aprile 2021 con allegati i seguenti materiali:<\/strong><\/p>\n<ol style=\"text-align: justify;\">\n<li>curriculum aggiornato;<\/li>\n<li>breve lettera motivazionale;<\/li>\n<\/ol>\n<p style=\"text-align: justify;\">La selezione dei partecipanti e degli uditori avverr\u00e0 ad insindacabile giudizio di una commissione, presieduta da Valerio Binasco, e gli esiti verranno comunicati\u00a0 ai diretti interessati. La Commissione tuteler\u00e0 la parit\u00e0 di genere, sia tra i partecipanti che tra gli uditori. Tutti i partecipanti dovranno prestare il proprio consenso alla documentazione fotografica e audio-video del laboratorio e all\u2019utilizzo da parte della Fondazione del Teatro Stabile di Torino, anche a fini stampa, dei materiali (foto, video, audio) realizzati nel corso delle sessioni di lavoro e ad eventuali trasmissioni in diretta di parziali sessioni di laboratorio sui canali social della Fondazione.<\/p>\n<p style=\"text-align: justify;\"><strong>Tutti i partecipanti dovranno attenersi alle procedure anti-covid previste dalla Fondazione e sottoporsi a tampone rapido Sars-Cov-2 prima del primo ingresso in teatro e, successivamente, ogni 72 ore, come previsto dal Dpcm attualmente in vigore. I costi e l\u2019organizzazione logistica dei tamponi rapidi saranno a carico della Fondazione.<\/strong><\/p>\n<p style=\"text-align: justify;\">Tutti i candidati dovranno prendere visione del <a href=\"http:\/\/www.teatrostabiletorino.it\/fondazione-trasparente\/\" target=\"_blank\" rel=\"noopener\">Modello organizzativo della Fondazione<\/a>, con particolare riferimento al Codice Etico, al Piano di prevenzione della corruzione e al Programma triennale per la trasparenza e l&#8217;integrit\u00e0, pubblicati sul sito della Fondazione del Teatro Stabile di Torino e di impegnarsi al rispetto dei principi contenuti in tali documenti. I candidati, infine, dovranno prendere atto che la Fondazione del Teatro Stabile di Torino utilizza &#8211; anche tramite collaboratori esterni \u2013 i loro dati esclusivamente per finalit\u00e0 amministrative e contabili, anche quando siano comunicati a terzi. Informazioni dettagliate, anche in ordine al diritto di accesso e altri diritti del contraente, sono riportate all&#8217;interno della nostra pagina con l&#8217;<a href=\"https:\/\/www.teatrostabiletorino.it\/informativa-privacy-2018\" target=\"_blank\" rel=\"noopener\">informativa della privacy del TST<\/a>.<\/p>\n<h2 style=\"text-align: justify;\"><strong>\u00a0<\/strong><\/h2>\n<\/div><div class=\"fusion-clearfix\"><\/div><\/div><\/div><div class=\"fusion-layout-column fusion_builder_column fusion-builder-column-1 fusion_builder_column_1_4 1_4 fusion-one-fourth fusion-column-last\" style=\"--awb-bg-size:cover;width:25%;width:calc(25% - ( ( 4% ) * 0.25 ) );\"><div class=\"fusion-column-wrapper fusion-column-has-shadow fusion-flex-column-wrapper-legacy\"><div class=\"fusion-text fusion-text-2\"><h2>SCADENZA<br \/>\n<strong>ore 12.00<br \/>\nmarted\u00ec 13 aprile 2021<\/strong><\/h2>\n<\/div><div class=\"fusion-clearfix\"><\/div><\/div><\/div><\/div><\/div><\/p>","protected":false},"excerpt":{"rendered":"","protected":false},"author":1,"featured_media":0,"parent":0,"menu_order":0,"comment_status":"closed","ping_status":"closed","template":"100-width.php","meta":{"_acf_changed":false,"footnotes":""},"acf":[],"_links":{"self":[{"href":"https:\/\/www.teatrostabiletorino.it\/en\/wp-json\/wp\/v2\/pages\/47502"}],"collection":[{"href":"https:\/\/www.teatrostabiletorino.it\/en\/wp-json\/wp\/v2\/pages"}],"about":[{"href":"https:\/\/www.teatrostabiletorino.it\/en\/wp-json\/wp\/v2\/types\/page"}],"author":[{"embeddable":true,"href":"https:\/\/www.teatrostabiletorino.it\/en\/wp-json\/wp\/v2\/users\/1"}],"replies":[{"embeddable":true,"href":"https:\/\/www.teatrostabiletorino.it\/en\/wp-json\/wp\/v2\/comments?post=47502"}],"version-history":[{"count":0,"href":"https:\/\/www.teatrostabiletorino.it\/en\/wp-json\/wp\/v2\/pages\/47502\/revisions"}],"wp:attachment":[{"href":"https:\/\/www.teatrostabiletorino.it\/en\/wp-json\/wp\/v2\/media?parent=47502"}],"curies":[{"name":"wp","href":"https:\/\/api.w.org\/{rel}","templated":true}]}}