{"id":51425,"date":"2022-02-18T11:27:43","date_gmt":"2022-02-18T10:27:43","guid":{"rendered":"https:\/\/www.teatrostabiletorino.it\/?page_id=51425"},"modified":"2026-03-13T10:51:48","modified_gmt":"2026-03-13T09:51:48","slug":"scena-aperta-pre-show","status":"publish","type":"page","link":"https:\/\/www.teatrostabiletorino.it\/en\/scena-aperta-pre-show\/","title":{"rendered":"Scena aperta, Preshow"},"content":{"rendered":"<p><div class=\"fusion-fullwidth fullwidth-box fusion-builder-row-2 nonhundred-percent-fullwidth non-hundred-percent-height-scrolling\" style=\"--awb-border-radius-top-left:0px;--awb-border-radius-top-right:0px;--awb-border-radius-bottom-right:0px;--awb-border-radius-bottom-left:0px;--awb-padding-top:0px;--awb-padding-bottom:15px;--awb-margin-top:0px;--awb-margin-bottom:0px;--awb-background-color:rgba(224,224,224,0);--awb-flex-wrap:wrap;\" ><div class=\"fusion-builder-row fusion-row\"><div class=\"fusion-layout-column fusion_builder_column fusion-builder-column-2 fusion_builder_column_1_2 1_2 fusion-one-half fusion-column-first fusion-column-no-min-height\" style=\"--awb-bg-size:cover;--awb-margin-bottom:0px;width:48%; margin-right: 4%;\"><div class=\"fusion-column-wrapper fusion-flex-column-wrapper-legacy\"><div class=\"fusion-sep-clear\"><\/div><div class=\"fusion-separator fusion-full-width-sep\" style=\"margin-left: auto;margin-right: auto;margin-top:5px;margin-bottom:5px;width:100%;\"><div class=\"fusion-separator-border sep-double\" style=\"--awb-height:20px;--awb-amount:20px;border-color:#e0dede;border-top-width:0px;border-bottom-width:0px;\"><\/div><\/div><div class=\"fusion-sep-clear\"><\/div><div class=\"fusion-text fusion-text-3\"><h2 class=\"fusion-responsive-typography-calculated\" data-fontsize=\"14\" data-lineheight=\"18.0667px\"><strong>PRESHOW<\/strong><\/h2>\n<p data-fontsize=\"14\" data-lineheight=\"18.0667px\">Torna<strong> Preshow<\/strong> un modo inconsueto e originale per avvicinarsi agli spettacoli in programma al Teatro Carignano. Sotto la guida di due attori, gli spettatori potranno immergersi nell\u2019atmosfera che si respira dietro le quinte poco prima dell\u2019apertura del sipario e ascoltare una presentazione speciale dello spettacolo in programma.<\/p>\n<h2><strong>ingresso<\/strong> \u20ac 5,00*<\/h2>\n<hr \/>\n<h2 class=\"fusion-responsive-typography-calculated\" data-fontsize=\"14\" data-lineheight=\"18.0667px\">TEATRO CARIGNANO<\/h2>\n<\/div><div class=\"fusion-button-wrapper\"><a class=\"fusion-button button-flat fusion-button-default-size button-default fusion-button-default button-3 fusion-button-default-span fusion-button-default-type\" target=\"_blank\" rel=\"noopener noreferrer\" href=\"#\"><span class=\"fusion-button-text awb-button__text awb-button__text--default\">presto in vendita<\/span><\/a><\/div><div class=\"accordian fusion-accordian\" style=\"--awb-border-size:1px;--awb-icon-size:13px;--awb-content-font-size:9px;--awb-icon-alignment:left;--awb-hover-color:#f9f9f9;--awb-border-color:#cccccc;--awb-background-color:#ffffff;--awb-divider-color:#e0dede;--awb-divider-hover-color:#e0dede;--awb-icon-color:#ffffff;--awb-title-color:#5197a0;--awb-content-color:#3f3f3f;--awb-icon-box-color:#333333;--awb-toggle-hover-accent-color:#72856c;--awb-title-font-family:&quot;Comfortaa&quot;;--awb-title-font-weight:regular;--awb-title-font-style:normal;--awb-title-font-size:14px;--awb-content-font-family:&quot;Open Sans&quot;;--awb-content-font-style:normal;--awb-content-font-weight:regular;\"><div class=\"panel-group fusion-toggle-icon-boxed\" id=\"accordion-51425-3\"><div class=\"fusion-panel panel-default panel-e112b9492ff439043 fusion-toggle-has-divider\" style=\"--awb-title-color:#5197a0;\"><div class=\"panel-heading\"><h4 class=\"panel-title toggle\" id=\"toggle_e112b9492ff439043\"><a aria-expanded=\"false\" aria-controls=\"e112b9492ff439043\" role=\"button\" data-toggle=\"collapse\" data-parent=\"#accordion-51425-3\" data-target=\"#e112b9492ff439043\" href=\"#e112b9492ff439043\"><span class=\"fusion-toggle-icon-wrapper\" aria-hidden=\"true\"><i class=\"fa-fusion-box active-icon awb-icon-minus\" aria-hidden=\"true\"><\/i><i class=\"fa-fusion-box inactive-icon fa-calendar-alt fas\" aria-hidden=\"true\"><\/i><\/span><span class=\"fusion-toggle-heading\">CALENDARIO<\/span><\/a><\/h4><\/div><div id=\"e112b9492ff439043\" class=\"panel-collapse collapse \" aria-labelledby=\"toggle_e112b9492ff439043\"><div class=\"panel-body toggle-content fusion-clearfix\">\n<p><strong>FEBBRAIO<br \/>\n<\/strong>sabato 7 febbraio 2026 ore 18.15<br data-start=\"155\" data-end=\"158\" \/>mercoled\u00ec 11 febbraio 2026 ore 19.30<br data-start=\"198\" data-end=\"201\" \/>gioved\u00ec 12 febbraio 2026 ore 18.15<br data-start=\"239\" data-end=\"242\" \/>sabato 14 febbraio 2026 ore 18.15<br data-start=\"279\" data-end=\"282\" data-is-only-node=\"\" \/>marted\u00ec 17 febbraio 2026 ore 18.15<br data-start=\"320\" data-end=\"323\" \/>mercoled\u00ec 18 febbraio 2026 ore 19.30<br data-start=\"363\" data-end=\"366\" \/>gioved\u00ec 19 febbraio 2026 ore 18.15<br data-start=\"404\" data-end=\"407\" \/>sabato 21 febbraio 2026 ore 18.15<br data-start=\"444\" data-end=\"447\" \/>mercoled\u00ec 25 febbraio 2026 ore 19.30<br data-start=\"487\" data-end=\"490\" \/>gioved\u00ec 26 febbraio 2026 ore 18.15<br data-start=\"528\" data-end=\"531\" \/>sabato 28 febbraio 2026 ore 18.15<\/p>\n<\/div><\/div><\/div><\/div><\/div><div class=\"fusion-clearfix\"><\/div><\/div><\/div><div class=\"fusion-layout-column fusion_builder_column fusion-builder-column-3 fusion_builder_column_1_2 1_2 fusion-one-half fusion-column-last fusion-column-no-min-height\" style=\"--awb-bg-size:cover;--awb-margin-bottom:0px;width:48%;\"><div class=\"fusion-column-wrapper fusion-flex-column-wrapper-legacy\"><div class=\"fusion-sep-clear\"><\/div><div class=\"fusion-separator fusion-full-width-sep\" style=\"margin-left: auto;margin-right: auto;margin-top:5px;margin-bottom:5px;width:100%;\"><div class=\"fusion-separator-border sep-double\" style=\"--awb-height:20px;--awb-amount:20px;border-color:#e0dede;border-top-width:0px;border-bottom-width:0px;\"><\/div><\/div><div class=\"fusion-sep-clear\"><\/div><div class=\"fusion-text fusion-text-4\"><h2 class=\"fusion-responsive-typography-calculated\" data-fontsize=\"14\" data-lineheight=\"18.0667px\"><strong>SCENA APERTA<br \/>\n<\/strong><\/h2>\n<p class=\"fusion-responsive-typography-calculated\" data-fontsize=\"14\" data-lineheight=\"18.0667px\">Una passeggiata teatrale che condurr\u00e0 gli spettatori alla scoperta della storia e della magia del pi\u00f9 antico teatro della citt\u00e0. Un percorso drammatizzato affidato ad un gruppo di giovani attori che racconteranno aneddoti e curiosit\u00e0 legati al Teatro Carignano, il trincotto rosso di Torino.<\/p>\n<h2><strong>ingresso \u20ac 5,00*<\/strong><\/h2>\n<hr \/>\n<h2 class=\"fusion-responsive-typography-calculated\" data-fontsize=\"14\" data-lineheight=\"18.0667px\">TEATRO CARIGNANO<\/h2>\n<\/div><div class=\"fusion-button-wrapper\"><a class=\"fusion-button button-flat fusion-button-default-size button-default fusion-button-default button-4 fusion-button-default-span fusion-button-default-type\" target=\"_blank\" rel=\"noopener noreferrer\" href=\"#\"><span class=\"fusion-button-text awb-button__text awb-button__text--default\">presto in vendita<\/span><\/a><\/div><div class=\"fusion-sep-clear\"><\/div><div class=\"fusion-separator fusion-full-width-sep\" style=\"margin-left: auto;margin-right: auto;margin-top:5px;margin-bottom:5px;width:100%;\"><div class=\"fusion-separator-border sep-double\" style=\"--awb-height:20px;--awb-amount:20px;border-color:#e0dede;border-top-width:0px;border-bottom-width:0px;\"><\/div><\/div><div class=\"fusion-sep-clear\"><\/div><div class=\"accordian fusion-accordian\" style=\"--awb-border-size:1px;--awb-icon-size:13px;--awb-content-font-size:9px;--awb-icon-alignment:left;--awb-hover-color:#f9f9f9;--awb-border-color:#cccccc;--awb-background-color:#ffffff;--awb-divider-color:#e0dede;--awb-divider-hover-color:#e0dede;--awb-icon-color:#ffffff;--awb-title-color:#5197a0;--awb-content-color:#3f3f3f;--awb-icon-box-color:#333333;--awb-toggle-hover-accent-color:#72856c;--awb-title-font-family:&quot;Comfortaa&quot;;--awb-title-font-weight:regular;--awb-title-font-style:normal;--awb-title-font-size:14px;--awb-content-font-family:&quot;Open Sans&quot;;--awb-content-font-style:normal;--awb-content-font-weight:regular;\"><div class=\"panel-group fusion-toggle-icon-boxed\" id=\"accordion-51425-4\"><div class=\"fusion-panel panel-default panel-cdac412ade949ff57 fusion-toggle-has-divider\" style=\"--awb-title-color:#5197a0;\"><div class=\"panel-heading\"><h4 class=\"panel-title toggle\" id=\"toggle_cdac412ade949ff57\"><a aria-expanded=\"false\" aria-controls=\"cdac412ade949ff57\" role=\"button\" data-toggle=\"collapse\" data-parent=\"#accordion-51425-4\" data-target=\"#cdac412ade949ff57\" href=\"#cdac412ade949ff57\"><span class=\"fusion-toggle-icon-wrapper\" aria-hidden=\"true\"><i class=\"fa-fusion-box active-icon awb-icon-minus\" aria-hidden=\"true\"><\/i><i class=\"fa-fusion-box inactive-icon fa-calendar-alt fas\" aria-hidden=\"true\"><\/i><\/span><span class=\"fusion-toggle-heading\">CALENDARIO<\/span><\/a><\/h4><\/div><div id=\"cdac412ade949ff57\" class=\"panel-collapse collapse \" aria-labelledby=\"toggle_cdac412ade949ff57\"><div class=\"panel-body toggle-content fusion-clearfix\">\n<p><strong>FEBBRAIO<br \/>\n<\/strong>venerd\u00ec 6 febbraio 2026 ore 18.00<br data-start=\"636\" data-end=\"639\" \/>sabato 7 febbraio 2026 ore 10.00 e 12.00<br data-start=\"683\" data-end=\"686\" \/>domenica 8 febbraio 2026 ore 14.00<br \/>\nvenerd\u00ec 13 febbraio 2026 ore 18.00<br data-start=\"766\" data-end=\"769\" \/>sabato 14 febbraio 2026 ore 10.00 e 12.00<br data-start=\"814\" data-end=\"817\" \/>domenica 15 febbraio 2026 ore 14.00<br \/>\nvenerd\u00ec 20 febbraio 2026 ore 18.00<br data-start=\"898\" data-end=\"901\" \/>sabato 21 febbraio 2026 ore 10.00 e 12.00<br data-start=\"946\" data-end=\"949\" \/>domenica 22 febbraio 2026 ore 14.00<br \/>\nvenerd\u00ec 27 febbraio 2026 ore 18.00<br data-start=\"1030\" data-end=\"1033\" \/>sabato 28 febbraio 2026 ore 10.00 e 12.00<\/p>\n<\/div><\/div><\/div><\/div><\/div><div class=\"fusion-clearfix\"><\/div><\/div><\/div><\/div><\/div><\/p>","protected":false},"excerpt":{"rendered":"","protected":false},"author":1,"featured_media":0,"parent":0,"menu_order":0,"comment_status":"closed","ping_status":"closed","template":"100-width.php","meta":{"_acf_changed":false,"footnotes":""},"acf":[],"_links":{"self":[{"href":"https:\/\/www.teatrostabiletorino.it\/en\/wp-json\/wp\/v2\/pages\/51425"}],"collection":[{"href":"https:\/\/www.teatrostabiletorino.it\/en\/wp-json\/wp\/v2\/pages"}],"about":[{"href":"https:\/\/www.teatrostabiletorino.it\/en\/wp-json\/wp\/v2\/types\/page"}],"author":[{"embeddable":true,"href":"https:\/\/www.teatrostabiletorino.it\/en\/wp-json\/wp\/v2\/users\/1"}],"replies":[{"embeddable":true,"href":"https:\/\/www.teatrostabiletorino.it\/en\/wp-json\/wp\/v2\/comments?post=51425"}],"version-history":[{"count":41,"href":"https:\/\/www.teatrostabiletorino.it\/en\/wp-json\/wp\/v2\/pages\/51425\/revisions"}],"predecessor-version":[{"id":64222,"href":"https:\/\/www.teatrostabiletorino.it\/en\/wp-json\/wp\/v2\/pages\/51425\/revisions\/64222"}],"wp:attachment":[{"href":"https:\/\/www.teatrostabiletorino.it\/en\/wp-json\/wp\/v2\/media?parent=51425"}],"curies":[{"name":"wp","href":"https:\/\/api.w.org\/{rel}","templated":true}]}}