{"id":54588,"date":"2022-12-02T15:05:10","date_gmt":"2022-12-02T14:05:10","guid":{"rendered":"https:\/\/www.teatrostabiletorino.it\/?page_id=54588"},"modified":"2025-05-29T13:10:56","modified_gmt":"2025-05-29T11:10:56","slug":"archivio-recite-accessibili","status":"publish","type":"page","link":"https:\/\/www.teatrostabiletorino.it\/en\/archivio-recite-accessibili\/","title":{"rendered":"Archivio recite accessibili"},"content":{"rendered":"<p class=\"qtranxs-available-languages-message qtranxs-available-languages-message-en\">Sorry, this entry is only available in <a href=\"https:\/\/www.teatrostabiletorino.it\/it\/wp-json\/wp\/v2\/pages\/54588\" class=\"qtranxs-available-language-link qtranxs-available-language-link-it\" title=\"Italiano\">Italiano<\/a>.<\/p><p><div class=\"fusion-fullwidth fullwidth-box fusion-builder-row-1 nonhundred-percent-fullwidth non-hundred-percent-height-scrolling\" style=\"--awb-border-radius-top-left:0px;--awb-border-radius-top-right:0px;--awb-border-radius-bottom-right:0px;--awb-border-radius-bottom-left:0px;--awb-flex-wrap:wrap;\" ><div class=\"fusion-builder-row fusion-row\"><div class=\"fusion-layout-column fusion_builder_column fusion-builder-column-0 fusion_builder_column_1_3 1_3 fusion-one-third fusion-column-first\" style=\"--awb-bg-size:cover;width:33.333333333333%;width:calc(33.333333333333% - ( ( 4% + 4% ) * 0.33333333333333 ) );margin-right: 4%;\"><div class=\"fusion-column-wrapper fusion-column-has-shadow fusion-flex-column-wrapper-legacy\"><div class=\"fusion-text fusion-text-1\"><h2>Il Teatro Stabile di Torino desidera che le proprie sale siano un luogo adatto ed accogliente per tutti e per questa ragione ha deciso di dotare i propri teatri di strumenti e dispositivi adatti a rendere accessibili alcuni spettacoli del proprio cartellone, non soltanto dal punto di vista architettonico, ma anche attraverso l\u2019eliminazione delle barriere pi\u00f9 invisibili.<\/h2>\n<p>Il Teatro Stabile di Torino nel 2021 \u00e8 entrato a far parte di EBA (Europe Beyond Access). La rete italiana EBA \u00e8 nata per interrogarsi e fare ricerca su temi di accessibilit\u00e0 ed inclusione nelle arti performative.<\/p>\n<hr \/>\n<h2>Torna alla pagina relativa <a href=\"https:\/\/www.teatrostabiletorino.it\/accessibilita\/\">agli spettacoli accessibili della stagione in corso<\/a><\/h2>\n<\/div><div class=\"fusion-clearfix\"><\/div><\/div><\/div><div class=\"fusion-layout-column fusion_builder_column fusion-builder-column-1 fusion_builder_column_1_3 1_3 fusion-one-third\" style=\"--awb-padding-top:10px;--awb-padding-right:10px;--awb-padding-bottom:10px;--awb-padding-left:10px;--awb-bg-color:#ffffff;--awb-bg-color-hover:#ffffff;--awb-bg-size:cover;width:33.333333333333%;width:calc(33.333333333333% - ( ( 4% + 4% ) * 0.33333333333333 ) );margin-right: 4%;\"><div class=\"fusion-column-wrapper fusion-column-has-shadow fusion-flex-column-wrapper-legacy\"><div class=\"fusion-text fusion-text-2\"><p><strong>Archivio<\/strong><br \/>\n<strong>RECITE ACCESSIBILI<\/strong><\/p>\n<hr \/>\n<h1><strong>Stagione 2020\/21<\/strong><\/h1>\n<p><span dir=\"ltr\" role=\"presentation\">Teatro<\/span> <span dir=\"ltr\" role=\"presentation\">Carignano<\/span>\u00a0 <span dir=\"ltr\" role=\"presentation\">6 lug &#8211; 8 ago 2021<br \/>\n<strong>MOLTO RUMORE PER NULLA<\/strong><br \/>\n<a href=\"https:\/\/www.teatrostabiletorino.it\/cartellone\/prato-inglese-6-luglio-8-agosto-2021\/\" target=\"_blank\" rel=\"noopener noreferrer\">vai alla scheda e ai materiali accessibili \u00bb<\/a><\/span><\/p>\n<hr \/>\n<h1><strong>Stagione 2021\/22<\/strong><\/h1>\n<p><span dir=\"ltr\" role=\"presentation\">Teatro<\/span> <span dir=\"ltr\" role=\"presentation\">Carignano<\/span>\u00a0 <span dir=\"ltr\" role=\"presentation\">19<\/span> <span dir=\"ltr\" role=\"presentation\">&#8211;<\/span> <span dir=\"ltr\" role=\"presentation\">31<\/span> <span dir=\"ltr\" role=\"presentation\">ottobre<\/span> <span dir=\"ltr\" role=\"presentation\">2021<br \/>\n<strong>CASA DI BAMBOLA<\/strong><br \/>\n<a href=\"https:\/\/www.teatrostabiletorino.it\/cartellone\/casa-di-bambola-4-31-ott-2021\/\">vai alla scheda e ai materiali accessibili \u00bb<\/a><br \/>\n<\/span><\/p>\n<hr \/>\n<p><span dir=\"ltr\" role=\"presentation\">Teatro<\/span> <span dir=\"ltr\" role=\"presentation\">Carignano 30 novembre &#8211; 5 dicembre 2021\u00a0<\/span> <br role=\"presentation\" \/><span dir=\"ltr\" role=\"presentation\"><strong>PEACHUM. UN&#8217;OPERA DA TRE SOLDI<\/strong><br \/>\n<a href=\"https:\/\/www.teatrostabiletorino.it\/cartellone\/peachum-unopera-da-tre-soldi-23-nov-5-dic-2021\/\">vai alla scheda e ai materiali accessibili \u00bb<\/a><\/span><\/p>\n<hr \/>\n<p><span dir=\"ltr\" role=\"presentation\">Teatro<\/span> <span dir=\"ltr\" role=\"presentation\">Carig<\/span>nano <span dir=\"ltr\" role=\"presentation\">4<\/span> <span dir=\"ltr\" role=\"presentation\">&#8211;<\/span> <span dir=\"ltr\" role=\"presentation\">16<\/span> <span dir=\"ltr\" role=\"presentation\">gennaio<\/span><br role=\"presentation\" \/><strong><span dir=\"ltr\" role=\"presentation\">SOGNO<\/span> <span dir=\"ltr\" role=\"presentation\">DI<\/span> <span dir=\"ltr\" role=\"presentation\">UN<\/span> NOT<span dir=\"ltr\" role=\"presentation\">TE<\/span> <span dir=\"ltr\" role=\"presentation\">DI<\/span> <span dir=\"ltr\" role=\"presentation\">MEZZA<\/span> <\/strong><span dir=\"ltr\" role=\"presentation\"><strong>ESTATE<\/strong><br \/>\n<a href=\"https:\/\/www.teatrostabiletorino.it\/cartellone\/sogno-di-una-notte-di-mezza-estate-14-dic-16-gen-2022\/\">vai alla scheda e ai materiali accessibili \u00bb<\/a><\/span><\/p>\n<hr \/>\n<p><span dir=\"ltr\" role=\"presentation\">Teatro Gobetti 5 &#8211; 10 aprile 2022<br \/>\n<strong>GHIACCIO<\/strong><br \/>\n<a href=\"https:\/\/www.teatrostabiletorino.it\/cartellone\/ghiaccio-22-mar-10-apr-2022\/\">vai alla scheda e ai materiali accessibili \u00bb<\/a><\/span><\/p>\n<hr \/>\n<p><span dir=\"ltr\" role=\"presentation\">Teatro<\/span> <span dir=\"ltr\" role=\"presentation\">Carignano <\/span><span dir=\"ltr\" role=\"presentation\">16<\/span> <span dir=\"ltr\" role=\"presentation\">&#8211;<\/span> <span dir=\"ltr\" role=\"presentation\">22<\/span> <span dir=\"ltr\" role=\"presentation\">Maggio<\/span> <span dir=\"ltr\" role=\"presentation\">2022<br \/>\n<strong>IL MISANTROPO<\/strong><br \/>\n<a href=\"https:\/\/www.teatrostabiletorino.it\/cartellone\/il-misantropo-3-22-mag-2022\/\">vai alla scheda e ai materiali accessibili \u00bb<\/a><\/span><\/p>\n<hr \/>\n<p><span dir=\"ltr\" role=\"presentation\">Teatro<\/span> <span dir=\"ltr\" role=\"presentation\">Carignano<\/span>\u00a0 <span dir=\"ltr\" role=\"presentation\">21 &#8211; 26 giugno 2022<\/span><span dir=\"ltr\" role=\"presentation\"><br \/>\n<strong>PRATO INGLESE\/SOGNO DI UNA NOTTE DI MEZZA ESTATE<\/strong><br \/>\n<a href=\"https:\/\/www.teatrostabiletorino.it\/prato-inglese-2022\/\" target=\"_blank\" rel=\"noopener noreferrer\">vai alla scheda e ai materiali accessibili \u00bb<\/a><br \/>\n<\/span><\/p>\n<hr \/>\n<p><span dir=\"ltr\" role=\"presentation\">Fonderie Limone 12 settembre 2021<\/span><span dir=\"ltr\" role=\"presentation\"><br \/>\n<\/span><strong>TRIPTYCH (Torinodanza festival)<\/strong><br \/>\n<a href=\"http:\/\/www.torinodanzafestival.it\/?p=10047\" target=\"_blank\" rel=\"noopener noreferrer\"><span dir=\"ltr\" role=\"presentation\">vai alla scheda e ai materiali accessibili \u00bb<\/span><\/a><\/p>\n<\/div><div class=\"fusion-clearfix\"><\/div><\/div><\/div><div class=\"fusion-layout-column fusion_builder_column fusion-builder-column-2 fusion_builder_column_1_3 1_3 fusion-one-third fusion-column-last\" style=\"--awb-padding-top:10px;--awb-padding-right:10px;--awb-padding-bottom:10px;--awb-padding-left:10px;--awb-bg-color:#ffffff;--awb-bg-color-hover:#ffffff;--awb-bg-size:cover;width:33.333333333333%;width:calc(33.333333333333% - ( ( 4% + 4% ) * 0.33333333333333 ) );\"><div class=\"fusion-column-wrapper fusion-column-has-shadow fusion-flex-column-wrapper-legacy\"><div class=\"fusion-text fusion-text-3\"><h1>stagione 2022-23<\/h1>\n<p>Teatro Carignano | 30 maggio al 4 giugno 2023<br \/>\n<strong>AGOSTO A OSAGE COUNTY<br \/>\n<\/strong><a href=\"https:\/\/www.teatrostabiletorino.it\/cartellone\/osage-coutry\/\">vai alla scheda e ai materiali accessibili \u00bb<\/a><\/p>\n<hr \/>\n<p>Teatro Carignano | 2 &#8211; 7 maggio 2023<br \/>\n<strong>SEI PERSONAGGI IN CERCA D\u2019AUTORE<br \/>\n<\/strong><a href=\"https:\/\/www.teatrostabiletorino.it\/cartellone\/sei-personaggi-in-cerca-dautore\/\">vai alla scheda e ai materiali accessibili \u00bb<\/a><\/p>\n<hr \/>\n<p>Teatro Gobetti | 25 &#8211; 30 ottobre 2022<br \/>\n<strong>DULAN LA SPOSA<br \/>\n<\/strong><a href=\"https:\/\/www.teatrostabiletorino.it\/cartellone\/dulan-la-sposa\/\">vai alla scheda e ai materiali accessibili \u00bb<\/a><\/p>\n<hr \/>\n<p>Teatro Gobetti | 29 novembre &#8211; 4 dicembre 2022<br \/>\n<strong>DANTE TRA LE FIAMME E LE STELLE<\/strong><br \/>\n<a href=\"https:\/\/www.teatrostabiletorino.it\/cartellone\/dante-tra-le-fiamme-e-le-stelle\/\">vai alla scheda e ai materiali accessibili \u00bb<\/a><\/p>\n<hr \/>\n<p>Teatro Carignano | 13 &#8211; 18 dicembre 2022<br \/>\n<strong>IL GABBIANO<br \/>\n<\/strong><a href=\"https:\/\/www.teatrostabiletorino.it\/cartellone\/il-gabbiano\/\">vai alla scheda e ai materiali accessibili \u00bb<\/a><\/p>\n<hr \/>\n<p>Fonderie Limone | 17 &#8211; 22 gennaio 2023<br \/>\n<strong>ANTIGONE E I SUOI FRATELLI<br \/>\n<\/strong><a href=\"https:\/\/www.teatrostabiletorino.it\/cartellone\/antigone-e-i-suoi-fratelli\/\">vai alla scheda e ai materiali accessibili \u00bb<\/a><\/p>\n<hr \/>\n<p>Teatro Gobetti | 31 gennaio &#8211; 5 febbraio 2023<br \/>\n<strong>OTELLO<br \/>\n<\/strong><a href=\"https:\/\/www.teatrostabiletorino.it\/cartellone\/otello\/\">vai alla scheda e ai materiali accessibili \u00bb<\/a><\/p>\n<hr \/>\n<\/div><div class=\"fusion-clearfix\"><\/div><\/div><\/div><\/div><\/div><div class=\"fusion-fullwidth fullwidth-box fusion-builder-row-2 nonhundred-percent-fullwidth non-hundred-percent-height-scrolling\" style=\"--awb-border-radius-top-left:0px;--awb-border-radius-top-right:0px;--awb-border-radius-bottom-right:0px;--awb-border-radius-bottom-left:0px;--awb-flex-wrap:wrap;\" ><div class=\"fusion-builder-row fusion-row\"><div class=\"fusion-layout-column fusion_builder_column fusion-builder-column-3 fusion_builder_column_1_3 1_3 fusion-one-third fusion-column-first\" style=\"--awb-bg-size:cover;width:33.333333333333%;width:calc(33.333333333333% - ( ( 4% + 4% ) * 0.33333333333333 ) );margin-right: 4%;\"><div class=\"fusion-column-wrapper fusion-column-has-shadow fusion-flex-column-wrapper-legacy\"><div class=\"fusion-clearfix\"><\/div><\/div><\/div><div class=\"fusion-layout-column fusion_builder_column fusion-builder-column-4 fusion_builder_column_1_3 1_3 fusion-one-third\" style=\"--awb-padding-top:10px;--awb-padding-right:10px;--awb-padding-bottom:10px;--awb-padding-left:10px;--awb-bg-color:#ffffff;--awb-bg-color-hover:#ffffff;--awb-bg-size:cover;width:33.333333333333%;width:calc(33.333333333333% - ( ( 4% + 4% ) * 0.33333333333333 ) );margin-right: 4%;\"><div class=\"fusion-column-wrapper fusion-column-has-shadow fusion-flex-column-wrapper-legacy\"><div class=\"fusion-text fusion-text-4\"><h1><strong>Stagione 2023\/24<\/strong><\/h1>\n<p>Teatro Carignano, 24 \u2013 29 ottobre 2023<br \/>\n<strong>DIARI D\u2019AMORE (Dialogo \/ Fragola e panna)<br \/>\n<\/strong><span dir=\"ltr\" role=\"presentation\"><a href=\"https:\/\/www.teatrostabiletorino.it\/cartellone\/diari-damore-9-29-ott-2023\/\">vai alla scheda e ai materiali accessibili \u00bb<\/a><\/span><\/p>\n<hr \/>\n<p>Teatro Gobetti, 14 \u2013 19 novembre<br \/>\n<strong>ANNA DEI MIRACOLI<br \/>\n<\/strong><span dir=\"ltr\" role=\"presentation\"><a href=\"https:\/\/www.teatrostabiletorino.it\/cartellone\/anna-dei-miracoli-14-19-nov-2023\/\">vai alla scheda e ai materiali accessibili \u00bb<\/a><\/span><\/p>\n<hr \/>\n<p class=\"fusion-responsive-typography-calculated\" data-fontsize=\"18\" data-lineheight=\"18px\">Teatro Carignano, 21 \u2013 26 novembre<br \/>\n<strong>ZIO VANJA<\/strong><br \/>\n<span dir=\"ltr\" role=\"presentation\"><a href=\"https:\/\/www.teatrostabiletorino.it\/cartellone\/zio-vanja-21-19-nov-2023\/\">vai alla scheda e ai materiali accessibili \u00bb<\/a><\/span><\/p>\n<hr \/>\n<p>Teatro Carignano, 16 \u2013 21 gennaio 2024<br \/>\n<strong>L\u2019ISPETTORE GENERALE<br \/>\n<\/strong><span dir=\"ltr\" role=\"presentation\"><a href=\"https:\/\/www.teatrostabiletorino.it\/cartellone\/lispettore-generale-9-21-gen-2024\/\">vai alla scheda e ai materiali accessibili \u00bb<\/a><\/span><\/p>\n<hr \/>\n<p>Teatro Carignano, 13 \u2013 18 febbraio 2024<br \/>\n<strong>ANTONIO E CLEOPATRA<br \/>\n<\/strong><span dir=\"ltr\" role=\"presentation\"><a href=\"https:\/\/www.teatrostabiletorino.it\/cartellone\/antonio-e-cleopatra-13-18-feb-2024\/\">vai alla scheda e ai materiali accessibili \u00bb<\/a><\/span><\/p>\n<hr \/>\n<p>Teatro Carignano, 19 \u2013 24 marzo 2024<br \/>\n<strong>LA RAGAZZA SUL DIVANO<br \/>\n<\/strong><span dir=\"ltr\" role=\"presentation\"><a href=\"https:\/\/www.teatrostabiletorino.it\/cartellone\/la-ragazza-sul-divano-5-24-mar-2024\/\">vai alla scheda e ai materiali accessibili \u00bb<\/a><\/span><\/p>\n<hr \/>\n<p class=\"fusion-text fusion-text-11\">Fonderie Limone, 16 \u2013 21 aprile 2024<br \/>\n<strong>MEDEA<br \/>\n<\/strong><span dir=\"ltr\" role=\"presentation\"><a href=\"https:\/\/www.teatrostabiletorino.it\/cartellone\/medea-2-21-apr-2024\/\">vai alla scheda e ai materiali accessibili \u00bb<\/a><\/span><span dir=\"ltr\" role=\"presentation\"><br \/>\n<\/span><\/p>\n<hr \/>\n<p class=\"fusion-text fusion-text-11\">Teatro Gobetti, 14 \u2013 19 maggio 2024<br \/>\n<strong>FINE PENA ORA<\/strong><br \/>\n<span dir=\"ltr\" role=\"presentation\"><a href=\"https:\/\/www.teatrostabiletorino.it\/cartellone\/fine-pena-ora-14-19-mag-2024\/\">vai alla scheda e ai materiali accessibili \u00bb<\/a><\/span><\/p>\n<\/div><div class=\"fusion-clearfix\"><\/div><\/div><\/div><div class=\"fusion-layout-column fusion_builder_column fusion-builder-column-5 fusion_builder_column_1_3 1_3 fusion-one-third fusion-column-last\" style=\"--awb-padding-top:10px;--awb-padding-right:10px;--awb-padding-bottom:10px;--awb-padding-left:10px;--awb-bg-color:#ffffff;--awb-bg-color-hover:#ffffff;--awb-bg-size:cover;width:33.333333333333%;width:calc(33.333333333333% - ( ( 4% + 4% ) * 0.33333333333333 ) );\"><div class=\"fusion-column-wrapper fusion-column-has-shadow fusion-flex-column-wrapper-legacy\"><div class=\"fusion-text fusion-text-5\"><h1><strong>Stagione 2024\/25<\/strong><\/h1>\n<p>Teatro Carignano, 22 \u2013 27 ottobre 2024<br \/>\n<strong>COSE CHE SO ESSERE VERE<\/strong><br \/>\n<a href=\"https:\/\/www.teatrostabiletorino.it\/cartellone\/cose-che-so-essere-vere-7-27-ott-2024\/\">vai alla scheda e ai materiali accessibili \u00bb<\/a><\/p>\n<hr \/>\n<p>Teatro Carignano, 15 &#8211; 17 novembre 2024<br \/>\n<strong>I PARENTI TERRIBILI<\/strong><br \/>\n<a href=\"https:\/\/www.teatrostabiletorino.it\/cartellone\/i-parenti-terribili-12-24-nov-24\/\">vai alla scheda e ai materiali accessibili \u00bb<\/a><\/p>\n<hr \/>\n<p>Teatro Carignano, 26 novembre &#8211; 1 dicembre 2024<br \/>\n<strong>IL GIARDINO DEI CILIEGI<\/strong><br \/>\n<a href=\"https:\/\/www.teatrostabiletorino.it\/cartellone\/il-giardino-dei-ciliegi-26-nov-1-dic-24\/\">vai alla scheda e ai materiali accessibili \u00bb<\/a><\/p>\n<hr \/>\n<p>Teatro Carignano, 18 &#8211; 23 febbraio 2025<br \/>\n<strong>SEI PERSONAGGI IN CERCA D&#8217;AUTORE<\/strong><br \/>\n<a href=\"https:\/\/www.teatrostabiletorino.it\/cartellone\/sei-personaggi-in-cerca-dautore-11-23-feb-25\/\">vai alla scheda e ai materiali accessibili \u00bb<\/a><\/p>\n<hr \/>\n<p>Teatro Gobetti, 11 &#8211; 16 marzo 2025<br \/>\n<strong>TOCCANDO IL VUOTO<\/strong><br \/>\n<a href=\"https:\/\/www.teatrostabiletorino.it\/cartellone\/toccando-il-vuoto-11-16-mar-25\/\">vai alla scheda e ai materiali accessibili \u00bb<\/a><\/p>\n<hr \/>\n<p>Teatro Carignano, 6 &#8211; 11 maggio 2025<br \/>\n<strong>LA GATTA SUL TETTO CHE SCOTTA<\/strong><br \/>\n<a href=\"https:\/\/www.teatrostabiletorino.it\/cartellone\/la-gatta-sul-tetto-che-scotta-29-apr-11-mag-25\/\">vai alla scheda e ai materiali accessibili \u00bb<\/a><\/p>\n<hr \/>\n<p>Teatro Gobetti, 4 &#8211; 8 giugno 2025<br \/>\n<strong>AUTORITRATTO<\/strong><br \/>\n<a href=\"https:\/\/www.teatrostabiletorino.it\/cartellone\/autoritratto-3-8-giu-25\/\">vai alla scheda e ai materiali accessibili \u00bb<\/a><\/p>\n<hr \/>\n<p>Teatro Carignano, 25 giugno &#8211; 5 luglio 2025<br \/>\n<strong>PENE D&#8217;AMOR PERDUTE<\/strong><br \/>\n<a href=\"https:\/\/www.teatrostabiletorino.it\/cartellone\/prato-inglese-19-giu-13-lug-25\/\">vai alla scheda e ai materiali accessibili \u00bb<\/a><\/p>\n<\/div><div class=\"fusion-clearfix\"><\/div><\/div><\/div><\/div><\/div><\/p>","protected":false},"excerpt":{"rendered":"","protected":false},"author":1,"featured_media":0,"parent":0,"menu_order":0,"comment_status":"closed","ping_status":"closed","template":"100-width.php","meta":{"_acf_changed":false,"footnotes":""},"acf":[],"_links":{"self":[{"href":"https:\/\/www.teatrostabiletorino.it\/en\/wp-json\/wp\/v2\/pages\/54588"}],"collection":[{"href":"https:\/\/www.teatrostabiletorino.it\/en\/wp-json\/wp\/v2\/pages"}],"about":[{"href":"https:\/\/www.teatrostabiletorino.it\/en\/wp-json\/wp\/v2\/types\/page"}],"author":[{"embeddable":true,"href":"https:\/\/www.teatrostabiletorino.it\/en\/wp-json\/wp\/v2\/users\/1"}],"replies":[{"embeddable":true,"href":"https:\/\/www.teatrostabiletorino.it\/en\/wp-json\/wp\/v2\/comments?post=54588"}],"version-history":[{"count":2,"href":"https:\/\/www.teatrostabiletorino.it\/en\/wp-json\/wp\/v2\/pages\/54588\/revisions"}],"predecessor-version":[{"id":62198,"href":"https:\/\/www.teatrostabiletorino.it\/en\/wp-json\/wp\/v2\/pages\/54588\/revisions\/62198"}],"wp:attachment":[{"href":"https:\/\/www.teatrostabiletorino.it\/en\/wp-json\/wp\/v2\/media?parent=54588"}],"curies":[{"name":"wp","href":"https:\/\/api.w.org\/{rel}","templated":true}]}}