{"id":57531,"date":"2023-10-11T11:12:42","date_gmt":"2023-10-11T09:12:42","guid":{"rendered":"https:\/\/www.teatrostabiletorino.it\/?page_id=57531"},"modified":"2023-10-11T11:13:02","modified_gmt":"2023-10-11T09:13:02","slug":"tournee-2023-24","status":"publish","type":"page","link":"https:\/\/www.teatrostabiletorino.it\/en\/tournee-2023-24\/","title":{"rendered":"Tourn\u00e9e 2023\/24"},"content":{"rendered":"<p class=\"qtranxs-available-languages-message qtranxs-available-languages-message-en\">Sorry, this entry is only available in <a href=\"https:\/\/www.teatrostabiletorino.it\/it\/wp-json\/wp\/v2\/pages\/57531\" class=\"qtranxs-available-language-link qtranxs-available-language-link-it\" title=\"Italiano\">Italiano<\/a>.<\/p><p><\/p>\n<h2>AGOSTO A OSAGE COUNTY<\/h2>\n<p>Pistoia, Teatro Manzoni dal 14 al 15 ottobre 2023<br \/>\nRoma, Teatro Ambra Jovinelli dal 18 al 29 ottobre 2023<br \/>\nAsti, Teatro Alfieri 2 novembre 2023<br \/>\nPinerolo (TO), Teatro Sociale 4 novembre 2023<br \/>\nMantova, Teatro Sociale 7 novembre 2023<br \/>\nParma, Teatro Due &#8211; Spazio Grande dal 10 all&#8217;11 novembre 2023<br \/>\nDogana &#8211; San Marino, Teatro Nuovo 14 novembre 2023<br \/>\nAncona, Teatro delle Muse dal 16 al 19 novembre 2023<br \/>\nPadova, Teatro Verdi dal 22 al 26 novembre 2023<br \/>\nBolzano, Teatro Comunale dal 30 novembre al 3 dicembre 2023<br \/>\nTrento, Teatro Sociale dal 7 al 10 dicembre 2023<br \/>\nBrescia, Teatro Sociale dal 13 al 17 dicembre 2023<br \/>\nCatania, Teatro Verga dal 2 al 7 gennaio 2024<br \/>\nPordenone, Teatro Giuseppe Verdi dal 10 all&#8217;11 gennaio 2024<br \/>\nUdine, Teatro Nuovo Giovanni da Udine dal 13 al 14 gennaio 2024<br \/>\nMilano, Teatro Franco Parenti dal 16 al 21 gennaio 2024<br \/>\nNapoli, Teatro Bellini dal 25 gennaio al 4 febbraio 2024<\/p>\n<h2>DIARI D\u2019AMORE<\/h2>\n<p>Torino, Teatro Carignano dal 9 al 29 ottobre 2023<br \/>\nBologna, Arena del Sole dal 31 ottobre al 5 novembre 2023<br \/>\nModena, Teatro Storchi dall&#8217; 8 al 12 novembre 2023<br \/>\nMilano, Piccolo Teatro Grassi dal 14 al 26 novembre 2023<br \/>\nVilleurbanne &#8211; Francia, Th\u00e9\u00e2tre National Pupulaire dal 30 novembre al 7 dicembre 2023<br \/>\nToulon &#8211; Francia, Th\u00e9\u00e2tre Libert\u00e9 dal 12 al 13 dicembre 2023<br \/>\nMarseille &#8211; Francia, La Cri\u00e9e dal 15 al 17 dicembre 2023<br \/>\nLugano &#8211; Svizzera, LAC dal 20 al 21 dicembre 2023<br \/>\nNapoli, Teatro Mercadante dal 10 al 21 gennaio 2024<br \/>\nAmiens &#8211; Francia, Maison de la Culture dal 25 al 26 gennaio 2024<br \/>\nRoma, Teatro Argentina dal 23 maggio al 2 giugno 2024<br \/>\nParigi &#8211; Francia, Th\u00e9\u00e2tre de l&#8217;Ath\u00e9n\u00e9e dal 6 al 16 giugno 2024<\/p>\n<h2>LA TEMPESTA<\/h2>\n<p>Wuzhen (Cina), Wuzhen Theatre Festival dal 19 al 21 ottobre 2023<br \/>\nTorino, Teatro Carignano dal 7 al 19 novembre 2023<br \/>\nBari, Teatro Piccinni dal 23 al 26 novembre 2023<br \/>\nModena, Teatro Storchi dal 30 novembre al 3 dicembre 2023<br \/>\nVercelli, Teatro Civico 5 dicembre 2023<br \/>\nVilladossola (VB), Teatro La Fabbrica 7 dicembre 2023<br \/>\nBolzano, Teatro Comunale dal 14 al 17 dicembre 2023<br \/>\nPiacenza, Teatro Municipale dal 20 al 21 dicembre 2023<\/p>\n<h2>LA RAGAZZA SUL DIVANO<\/h2>\n<p>Torino, Teatro Carignano dal 5 al 24 marzo 2024<br \/>\nParma, Teatro Due &#8211; Spazio Grande dal 27 al 28 marzo 2024<br \/>\nNovi Ligure (AL), Teatro Marenco 3 aprile 2024<br \/>\nCuneo, Teatro Toselli 5 aprile 2024<br \/>\nMilano, Teatro Strehler dal 9 al 14 aprile 2024<br \/>\nRoma, Teatro Vascello dal 16 al 21 aprile 2024<br \/>\nPalermo, Teatro Biondo dal 26 aprile al 5 maggio 2024<br \/>\nNapoli, Teatro Mercadante dal 7 al 12 maggio 2024<\/p>\n<h2>LA VITA CHE TI DIEDI<\/h2>\n<p>Torino, Teatro Carignano dal 9 al 28 aprile 2024<br \/>\nPesaro, Teatro Rossini dal 2 al 5 maggio 2024<br \/>\nBologna, Arena del Sole dal 9 al 12 maggio 2024<\/p>","protected":false},"excerpt":{"rendered":"<p>Sorry, this entry is only available in Italiano. AGOSTO A OSAGE COUNTY Pistoia, Teatro Manzoni <a href=\"https:\/\/www.teatrostabiletorino.it\/en\/tournee-2023-24\/\"> [+]<\/a><\/p>\n","protected":false},"author":1,"featured_media":0,"parent":0,"menu_order":0,"comment_status":"closed","ping_status":"closed","template":"","meta":{"_acf_changed":false,"footnotes":""},"acf":[],"_links":{"self":[{"href":"https:\/\/www.teatrostabiletorino.it\/en\/wp-json\/wp\/v2\/pages\/57531"}],"collection":[{"href":"https:\/\/www.teatrostabiletorino.it\/en\/wp-json\/wp\/v2\/pages"}],"about":[{"href":"https:\/\/www.teatrostabiletorino.it\/en\/wp-json\/wp\/v2\/types\/page"}],"author":[{"embeddable":true,"href":"https:\/\/www.teatrostabiletorino.it\/en\/wp-json\/wp\/v2\/users\/1"}],"replies":[{"embeddable":true,"href":"https:\/\/www.teatrostabiletorino.it\/en\/wp-json\/wp\/v2\/comments?post=57531"}],"version-history":[{"count":0,"href":"https:\/\/www.teatrostabiletorino.it\/en\/wp-json\/wp\/v2\/pages\/57531\/revisions"}],"wp:attachment":[{"href":"https:\/\/www.teatrostabiletorino.it\/en\/wp-json\/wp\/v2\/media?parent=57531"}],"curies":[{"name":"wp","href":"https:\/\/api.w.org\/{rel}","templated":true}]}}